{"id":718,"date":"2018-04-23T09:58:46","date_gmt":"2018-04-23T07:58:46","guid":{"rendered":"http:\/\/jsuisvert.com\/?page_id=718"},"modified":"2024-04-03T17:16:04","modified_gmt":"2024-04-03T15:16:04","slug":"jsuis-vert-5","status":"publish","type":"page","link":"https:\/\/jsuisvert.com\/?page_id=718","title":{"rendered":"J&rsquo;suis vert #6"},"content":{"rendered":"\n<figure class=\"wp-block-image\"><img loading=\"lazy\" decoding=\"async\" width=\"908\" height=\"793\" src=\"http:\/\/jsuisvert.com\/wp-content\/uploads\/2019\/05\/Autocollant_jsuisvert_3.png\" alt=\"\" class=\"wp-image-1468\" srcset=\"https:\/\/jsuisvert.com\/wp-content\/uploads\/2019\/05\/Autocollant_jsuisvert_3.png 908w, https:\/\/jsuisvert.com\/wp-content\/uploads\/2019\/05\/Autocollant_jsuisvert_3-300x262.png 300w, https:\/\/jsuisvert.com\/wp-content\/uploads\/2019\/05\/Autocollant_jsuisvert_3-768x671.png 768w\" sizes=\"auto, (max-width: 908px) 100vw, 908px\" \/><\/figure>\n\n\n\n<p class=\"has-text-align-center has-black-background-color has-background\"><span style=\"color: #99cc00;\"><strong><em>J\u2019suis vert, c\u2019est le festival electro-rock avec des bulles vertes dans le dedans\u2026<\/em><\/strong><\/span><\/p>\n\n\n\n<h1 class=\"wp-block-heading has-text-align-center has-black-background-color has-background\"><strong><mark style=\"background-color:rgba(0, 0, 0, 0);color:#99cc33\" class=\"has-inline-color\">J&rsquo;Suis Vert #6 c&rsquo;est le 17 Mai 2019 !<\/mark><\/strong><\/h1>\n\n\n\n<p class=\"has-text-align-center has-black-background-color has-background has-medium-font-size\"><strong><mark style=\"background-color:rgba(0, 0, 0, 0)\" class=\"has-inline-color has-white-color\">La 6\u00e8me \u00e9dition du festival J&rsquo;Suis Vert! se d\u00e9roulera le Vendredi 17 Mai 2019 au soir \u00e0 l&rsquo;UBU de Rennes, 1 rue Saint H\u00e9lier<\/mark><\/strong><\/p>\n\n\n\n<p class=\"has-text-align-center has-black-background-color has-background has-medium-font-size\"><strong><mark style=\"background-color:rgba(0, 0, 0, 0)\" class=\"has-inline-color has-white-color\">Au programme de J\u2019Suis Vert #6, ap\u00e9ro-d\u00eenatoire et de la bonne musique electro-rock avec plusieurs groupes et DJ de la sc\u00e8ne Hexagonale !<\/mark><\/strong><\/p>\n\n\n\n<h1 class=\"wp-block-heading\">&nbsp;<\/h1>\n\n\n\n<h3 class=\"wp-block-heading has-text-align-left has-white-color has-black-background-color has-text-color has-background has-link-color has-large-font-size wp-elements-b17602450e4934060530a495b68d3d6e\" style=\"font-style:normal;font-weight:300\"><strong>Les Artistes de la soir\u00e9e:<\/strong><\/h3>\n\n\n\n<h3 class=\"wp-block-heading has-white-color has-black-background-color has-text-color has-background has-link-color wp-elements-68affc88a9de3afbe6dd51090a325e45\">DJ CED &#8211; 18h30<\/h3>\n\n\n\n<div class=\"wp-block-group is-vertical is-content-justification-left is-layout-flex wp-container-core-group-is-layout-1 wp-block-group-is-layout-flex\">\n<div class=\"wp-block-columns is-layout-flex wp-container-core-columns-is-layout-1 wp-block-columns-is-layout-flex\">\n<div class=\"wp-block-column is-layout-flow wp-block-column-is-layout-flow\">\n<p class=\"has-text-align-left has-white-color has-black-background-color has-text-color has-background has-link-color has-medium-font-size wp-elements-2b4eb1400f9d6fd5b864a53c6b68aae1\">Mais si, vous le connaissez.<\/p>\n\n\n\n<p class=\"has-text-align-left has-white-color has-black-background-color has-text-color has-background has-link-color has-medium-font-size wp-elements-5eaa899637fbbbee370232e85623f23a\">Allez, cherchez un peu&#8230;<\/p>\n\n\n\n<p class=\"has-text-align-left has-white-color has-black-background-color has-text-color has-background has-link-color has-medium-font-size wp-elements-c666d9dd4264e79ce92d74bb96dc42c1\">M&rsquo;enfin, vous \u00eates Rennais ou bien ?<\/p>\n\n\n\n<p class=\"has-text-align-left has-white-color has-black-background-color has-text-color has-background has-link-color has-medium-font-size wp-elements-f655c918cefa0c989610294c62923700\">Ben bien sur, c&rsquo;est DJ Ced de CanalB et de ImfromRennes !<\/p>\n<\/div>\n\n\n\n<div class=\"wp-block-column is-layout-flow wp-block-column-is-layout-flow\"><div class=\"wp-block-image\">\n<figure class=\"aligncenter is-resized\"><a href=\"http:\/\/jsuisvert.com\/wp-content\/uploads\/2019\/03\/DJ_CED_Pic1.jpg\" target=\"_blank\" rel=\"noopener noreferrer\"><img loading=\"lazy\" decoding=\"async\" width=\"480\" height=\"360\" src=\"http:\/\/jsuisvert.com\/wp-content\/uploads\/2019\/03\/DJ_CED_Pic1.jpg\" alt=\"\" class=\"wp-image-1192\" style=\"width:614px;height:auto\" srcset=\"https:\/\/jsuisvert.com\/wp-content\/uploads\/2019\/03\/DJ_CED_Pic1.jpg 480w, https:\/\/jsuisvert.com\/wp-content\/uploads\/2019\/03\/DJ_CED_Pic1-300x225.jpg 300w\" sizes=\"auto, (max-width: 480px) 100vw, 480px\" \/><\/a><\/figure><\/div><\/div>\n<\/div>\n<\/div>\n\n\n\n<h3 class=\"wp-block-heading has-white-color has-black-background-color has-text-color has-background has-link-color wp-elements-4faf9021df362940fdc8fb76a7122b56\">PRAA &#8211; 19h45<\/h3>\n\n\n<p>R\u00e9v\u00e9l\u00e9e \u00e0 ImfromRennes2018 et aux Transmusicales 2018 et bien connue du public Rennais, PRAA nous distillera une soul electro funk teint\u00e9e de trip-hop.<\/p>\n<p>Son dernier single est sorti d\u00e9but 2019.<\/p>\n<p><a href=\"http:\/\/jsuisvert.com\/?page_id=1419\" rel=\"noopener noreferrer\"><img loading=\"lazy\" decoding=\"async\" class=\"aligncenter wp-image-1185\" src=\"http:\/\/jsuisvert.com\/wp-content\/uploads\/2019\/03\/PRAA_pic1.jpg\" alt=\"\" width=\"700\" height=\"700\" srcset=\"https:\/\/jsuisvert.com\/wp-content\/uploads\/2019\/03\/PRAA_pic1.jpg 960w, https:\/\/jsuisvert.com\/wp-content\/uploads\/2019\/03\/PRAA_pic1-150x150.jpg 150w, https:\/\/jsuisvert.com\/wp-content\/uploads\/2019\/03\/PRAA_pic1-300x300.jpg 300w, https:\/\/jsuisvert.com\/wp-content\/uploads\/2019\/03\/PRAA_pic1-768x768.jpg 768w, https:\/\/jsuisvert.com\/wp-content\/uploads\/2019\/03\/PRAA_pic1-230x230.jpg 230w\" sizes=\"auto, (max-width: 700px) 100vw, 700px\" \/><\/a><\/p>\n<p style=\"text-align: center;\"><span style=\"color: #99cc00;\">Pour partir en ballade avec PRAA, cliquez sur son index gauche.<\/span><\/p>\n<hr>\n\n\n<h3 class=\"wp-block-heading\">Adam NAAS &#8211; 21h00<\/h3>\n\n\n<p>\u00ab\u00a0<em>Il y a des voix qui emportent tout sur leur passage. Elles font fr\u00e9mir les peaux. Elles glacent le sang autant qu\u2019elles embrasent les sens.<\/em>\u00ab\u00a0<\/p>\n<p>Source: lefair.org<\/p>\n<p>Je confirme. Adam NAAS est pass\u00e9 \u00e0 l&rsquo;UBU en Janvier. J&rsquo;y allais par hasard, on m&rsquo;avait offert les places \u00e0 Noel. J&rsquo;ai \u00e9t\u00e9 bluff\u00e9.<\/p>\n<p>Regis<\/p>\n<p><a href=\"http:\/\/jsuisvert.com\/?page_id=1360\" rel=\"noopener noreferrer\"><img loading=\"lazy\" decoding=\"async\" class=\"alignnone wp-image-1356 size-full\" src=\"http:\/\/jsuisvert.com\/wp-content\/uploads\/2019\/05\/Adam_NAAS_Pic2.png.jpg\" alt=\"\" width=\"1060\" height=\"800\" srcset=\"https:\/\/jsuisvert.com\/wp-content\/uploads\/2019\/05\/Adam_NAAS_Pic2.png.jpg 1060w, https:\/\/jsuisvert.com\/wp-content\/uploads\/2019\/05\/Adam_NAAS_Pic2.png-300x226.jpg 300w, https:\/\/jsuisvert.com\/wp-content\/uploads\/2019\/05\/Adam_NAAS_Pic2.png-768x580.jpg 768w, https:\/\/jsuisvert.com\/wp-content\/uploads\/2019\/05\/Adam_NAAS_Pic2.png-1024x773.jpg 1024w\" sizes=\"auto, (max-width: 1060px) 100vw, 1060px\" \/><\/a><\/p>\n<p style=\"text-align: center;\"><span style=\"color: #00ccff;\"><span style=\"color: #99cc00;\">Retrouvez Adam NAAS en cliquant sur sa chevelure !<\/span><\/span><\/p>\n<hr>\n\n\n<h3 class=\"wp-block-heading\">YELLE Disco Club &#8211; 22h30<\/h3>\n\n\n<p>C&rsquo;\u00e9tait comment YELLE \u00e0 Rock en Seine ? et bien d&rsquo;apres RFI, c&rsquo;\u00e9tait funky:<\/p>\n<p>\u00ab\u00a0<em>En combinaison ultra-moulante rose \u00e0 paillette, \u00e9paul\u00e9e par deux hommes de mains, deux batteurs pousse-au-crime, prompts \u00e0 lui embo\u00eeter le pas de danse, la f\u00e9line envoie ses tubes disco aux allures innocentes mais farouchement contagieux \u2013 Safari Disco Club, \u00c0 cause des gar\u00e7ons, Que veux-tu ?, etc. Sur ses injonctions, tous ses fans, dompt\u00e9s par ses boucles, \u00ab\u00a0font des ronds avec leurs bassin\u00a0\u00bb: une foule caliente et contamin\u00e9e par ce cours de gym tonic, cette le\u00e7on de po\u00e9sie sur dancefloor.<\/em>\u00ab\u00a0<\/p>\n<p><a href=\"http:\/\/jsuisvert.com\/?page_id=1397\" rel=\"noopener noreferrer\"><img loading=\"lazy\" decoding=\"async\" class=\"aligncenter wp-image-1313 size-full\" src=\"http:\/\/jsuisvert.com\/wp-content\/uploads\/2019\/03\/Yelle_Pic2.jpg\" alt=\"\" width=\"712\" height=\"711\" srcset=\"https:\/\/jsuisvert.com\/wp-content\/uploads\/2019\/03\/Yelle_Pic2.jpg 712w, https:\/\/jsuisvert.com\/wp-content\/uploads\/2019\/03\/Yelle_Pic2-150x150.jpg 150w, https:\/\/jsuisvert.com\/wp-content\/uploads\/2019\/03\/Yelle_Pic2-300x300.jpg 300w, https:\/\/jsuisvert.com\/wp-content\/uploads\/2019\/03\/Yelle_Pic2-230x230.jpg 230w\" sizes=\"auto, (max-width: 712px) 100vw, 712px\" \/><\/a><\/p>\n<p style=\"text-align: center;\"><span style=\"color: #99cc00;\">Cliquez sur le badge presse de Yelle pour en savoir plus&#8230;<\/span><\/p>\n<\/p>\n<hr>\n\n\n<h3 class=\"wp-block-heading\">BOOTLEGGERS UNITED &#8211; 00h30<\/h3>\n\n\n\n<h4 class=\"wp-block-heading\"> DJ ZEBRA et DJ PROSPER unissent leurs son pour mettre le feu \u00e0 l&rsquo;UBU<\/h4>\n\n\n<p>BU (Bootleggers United) est le duo form\u00e9 par DJ Zebra et DJ Prosper.<\/p>\n<p>Experts en brassages musicaux, les deux DJs sont recherch\u00e9s pour d\u00e9tournement de styles : Funk b\u00e2tard et Rock transgenre, break\u00e9s fa\u00e7on puzzle. Face \u00e0 face, ils s\u2019affrontent et se remixent dans une joyeuse battle, pendant laquelle tous les coups sont permis, surtout les plus tordus. Et sur 4 platines, personne ne peut les arr\u00eater.<\/p>\n<p><a href=\"http:\/\/jsuisvert.com\/?page_id=1416\" rel=\"noopener noreferrer\"><img loading=\"lazy\" decoding=\"async\" class=\"aligncenter wp-image-1194 size-large\" src=\"http:\/\/jsuisvert.com\/wp-content\/uploads\/2019\/03\/BU-photo-Javier-Lazo-993x1024.jpg\" alt=\"\" width=\"700\" height=\"722\" srcset=\"https:\/\/jsuisvert.com\/wp-content\/uploads\/2019\/03\/BU-photo-Javier-Lazo-993x1024.jpg 993w, https:\/\/jsuisvert.com\/wp-content\/uploads\/2019\/03\/BU-photo-Javier-Lazo-291x300.jpg 291w, https:\/\/jsuisvert.com\/wp-content\/uploads\/2019\/03\/BU-photo-Javier-Lazo-768x792.jpg 768w\" sizes=\"auto, (max-width: 700px) 100vw, 700px\" \/><\/a><\/p>\n<p style=\"text-align: center;\"><span style=\"color: #00ccff;\"><span style=\"color: #99cc00;\">Cliquez sur le vinyle de DJ Zebra pour voir ce que \u00e7a donne en live<\/span><\/span><\/p>\n<hr>\n\n\n<h3 class=\"wp-block-heading\">Le Gueulomaton &#8211; D\u00e8s 19h30<\/h3>\n\n\n<p>\u00ab\u00a0<em>Le Cri, c&rsquo;est la vie<\/em>\u00ab\u00a0.<\/p>\n<p>Giloop et son Gueulomaton, c&rsquo;est un peu le r\u00e9sident de J&rsquo;suis vert ! Mais c&rsquo;est tellement bon qu&rsquo;on en redemande ! Vous ne connaissez pas ? Vous allez adorer !<\/p>\n<p><a href=\"http:\/\/jsuisvert.com\/wp-content\/uploads\/2019\/03\/Guelomaton_Giloop1.jpg\"><img loading=\"lazy\" decoding=\"async\" class=\"aligncenter wp-image-1307 size-large\" src=\"http:\/\/jsuisvert.com\/wp-content\/uploads\/2019\/03\/Guelomaton_Giloop1-576x1024.jpg\" alt=\"\" width=\"576\" height=\"1024\" srcset=\"https:\/\/jsuisvert.com\/wp-content\/uploads\/2019\/03\/Guelomaton_Giloop1-576x1024.jpg 576w, https:\/\/jsuisvert.com\/wp-content\/uploads\/2019\/03\/Guelomaton_Giloop1-169x300.jpg 169w, https:\/\/jsuisvert.com\/wp-content\/uploads\/2019\/03\/Guelomaton_Giloop1.jpg 720w\" sizes=\"auto, (max-width: 576px) 100vw, 576px\" \/><\/a><\/p>","protected":false},"excerpt":{"rendered":"<p>J\u2019suis vert, c\u2019est le festival electro-rock avec des bulles vertes dans le dedans\u2026 J&rsquo;Suis Vert #6 c&rsquo;est le 17 Mai &hellip; <a href=\"https:\/\/jsuisvert.com\/?page_id=718\" class=\"more-link\">Continue reading <span class=\"screen-reader-text\">J&rsquo;suis vert #6<\/span><\/a><\/p>\n","protected":false},"author":2,"featured_media":0,"parent":0,"menu_order":0,"comment_status":"closed","ping_status":"closed","template":"","meta":{"footnotes":""},"class_list":["post-718","page","type-page","status-publish","hentry"],"_links":{"self":[{"href":"https:\/\/jsuisvert.com\/index.php?rest_route=\/wp\/v2\/pages\/718","targetHints":{"allow":["GET"]}}],"collection":[{"href":"https:\/\/jsuisvert.com\/index.php?rest_route=\/wp\/v2\/pages"}],"about":[{"href":"https:\/\/jsuisvert.com\/index.php?rest_route=\/wp\/v2\/types\/page"}],"author":[{"embeddable":true,"href":"https:\/\/jsuisvert.com\/index.php?rest_route=\/wp\/v2\/users\/2"}],"replies":[{"embeddable":true,"href":"https:\/\/jsuisvert.com\/index.php?rest_route=%2Fwp%2Fv2%2Fcomments&post=718"}],"version-history":[{"count":165,"href":"https:\/\/jsuisvert.com\/index.php?rest_route=\/wp\/v2\/pages\/718\/revisions"}],"predecessor-version":[{"id":2171,"href":"https:\/\/jsuisvert.com\/index.php?rest_route=\/wp\/v2\/pages\/718\/revisions\/2171"}],"wp:attachment":[{"href":"https:\/\/jsuisvert.com\/index.php?rest_route=%2Fwp%2Fv2%2Fmedia&parent=718"}],"curies":[{"name":"wp","href":"https:\/\/api.w.org\/{rel}","templated":true}]}}