{"id":459,"date":"2015-08-18T16:23:44","date_gmt":"2015-08-18T14:23:44","guid":{"rendered":"http:\/\/jsuisvert.com\/wordpress\/?page_id=459"},"modified":"2018-04-23T11:17:32","modified_gmt":"2018-04-23T09:17:32","slug":"clemence-de-clamard","status":"publish","type":"page","link":"https:\/\/jsuisvert.com\/?page_id=459","title":{"rendered":"Cl\u00e9mence de Clamard"},"content":{"rendered":"<p style=\"text-align: center;\"><a href=\"http:\/\/jsuisvert.com\/wp-content\/uploads\/2015\/08\/Cl\u00e9mence-de-Clamart.jpg\"><img loading=\"lazy\" decoding=\"async\" class=\"aligncenter wp-image-513 size-medium\" src=\"http:\/\/jsuisvert.com\/wp-content\/uploads\/2015\/08\/Cl\u00e9mence-de-Clamart-233x300.jpg\" alt=\"Cl\u00e9mence de Clamart\" width=\"233\" height=\"300\" \/><\/a>Interpr\u00e9t\u00e9e par Julien Galardon, Cl\u00e9mence de Clamard \u00ab\u00a0officie comme mai\u0302tresse de ce\u0301re\u0301monie sur diff\u00e9rents \u00e9v\u00e9nements et festivals\u00a0\u00bb<\/p>\n<p style=\"text-align: center;\">Cette derni\u00e8re nous a fait l&rsquo;honneur d&rsquo;\u00eatre pr\u00e9sente lors de la 2\u00e8me \u00e9dition du festival J&rsquo;suisVert<\/p>\n<div id='gallery-1' class='gallery galleryid-459 gallery-columns-4 gallery-size-thumbnail'><figure class='gallery-item'>\n\t\t\t<div class='gallery-icon portrait'>\n\t\t\t\t<a href='https:\/\/jsuisvert.com\/?attachment_id=517'><img loading=\"lazy\" decoding=\"async\" width=\"150\" height=\"150\" src=\"https:\/\/jsuisvert.com\/wp-content\/uploads\/2015\/08\/je-suis-vert-2-19_Clemence_de_Clamart-150x150.jpg\" class=\"attachment-thumbnail size-thumbnail\" alt=\"\" srcset=\"https:\/\/jsuisvert.com\/wp-content\/uploads\/2015\/08\/je-suis-vert-2-19_Clemence_de_Clamart-150x150.jpg 150w, https:\/\/jsuisvert.com\/wp-content\/uploads\/2015\/08\/je-suis-vert-2-19_Clemence_de_Clamart-230x230.jpg 230w\" sizes=\"auto, (max-width: 150px) 100vw, 150px\" \/><\/a>\n\t\t\t<\/div><\/figure><figure class='gallery-item'>\n\t\t\t<div class='gallery-icon landscape'>\n\t\t\t\t<a href='https:\/\/jsuisvert.com\/?attachment_id=519'><img loading=\"lazy\" decoding=\"async\" width=\"150\" height=\"150\" src=\"https:\/\/jsuisvert.com\/wp-content\/uploads\/2015\/08\/je-suis-vert-2-27_Clemence_de_Clamart1-150x150.jpg\" class=\"attachment-thumbnail size-thumbnail\" alt=\"\" srcset=\"https:\/\/jsuisvert.com\/wp-content\/uploads\/2015\/08\/je-suis-vert-2-27_Clemence_de_Clamart1-150x150.jpg 150w, https:\/\/jsuisvert.com\/wp-content\/uploads\/2015\/08\/je-suis-vert-2-27_Clemence_de_Clamart1-230x230.jpg 230w\" sizes=\"auto, (max-width: 150px) 100vw, 150px\" \/><\/a>\n\t\t\t<\/div><\/figure><figure class='gallery-item'>\n\t\t\t<div class='gallery-icon landscape'>\n\t\t\t\t<a href='https:\/\/jsuisvert.com\/?attachment_id=520'><img loading=\"lazy\" decoding=\"async\" width=\"150\" height=\"150\" src=\"https:\/\/jsuisvert.com\/wp-content\/uploads\/2015\/08\/je-suis-vert-2-29_Clemence_de_Clamart-150x150.jpg\" class=\"attachment-thumbnail size-thumbnail\" alt=\"\" srcset=\"https:\/\/jsuisvert.com\/wp-content\/uploads\/2015\/08\/je-suis-vert-2-29_Clemence_de_Clamart-150x150.jpg 150w, https:\/\/jsuisvert.com\/wp-content\/uploads\/2015\/08\/je-suis-vert-2-29_Clemence_de_Clamart-230x230.jpg 230w\" sizes=\"auto, (max-width: 150px) 100vw, 150px\" \/><\/a>\n\t\t\t<\/div><\/figure><figure class='gallery-item'>\n\t\t\t<div class='gallery-icon landscape'>\n\t\t\t\t<a href='https:\/\/jsuisvert.com\/?attachment_id=518'><img loading=\"lazy\" decoding=\"async\" width=\"150\" height=\"150\" src=\"https:\/\/jsuisvert.com\/wp-content\/uploads\/2015\/08\/je-suis-vert-2-26_Clemence_de_Clamart-150x150.jpg\" class=\"attachment-thumbnail size-thumbnail\" alt=\"\" srcset=\"https:\/\/jsuisvert.com\/wp-content\/uploads\/2015\/08\/je-suis-vert-2-26_Clemence_de_Clamart-150x150.jpg 150w, https:\/\/jsuisvert.com\/wp-content\/uploads\/2015\/08\/je-suis-vert-2-26_Clemence_de_Clamart-230x230.jpg 230w\" sizes=\"auto, (max-width: 150px) 100vw, 150px\" \/><\/a>\n\t\t\t<\/div><\/figure>\n\t\t<\/div>\n\n<p>Source : http:\/\/www.roizizo.fr\/wordpress\/clemence-de-clamard\/<\/p>\n","protected":false},"excerpt":{"rendered":"<p>Interpr\u00e9t\u00e9e par Julien Galardon, Cl\u00e9mence de Clamard \u00ab\u00a0officie comme mai\u0302tresse de ce\u0301re\u0301monie sur diff\u00e9rents \u00e9v\u00e9nements et festivals\u00a0\u00bb Cette derni\u00e8re nous &hellip; <a href=\"https:\/\/jsuisvert.com\/?page_id=459\" class=\"more-link\">Continue reading <span class=\"screen-reader-text\">Cl\u00e9mence de Clamard<\/span><\/a><\/p>\n","protected":false},"author":1,"featured_media":0,"parent":312,"menu_order":0,"comment_status":"closed","ping_status":"closed","template":"","meta":{"footnotes":""},"class_list":["post-459","page","type-page","status-publish","hentry"],"_links":{"self":[{"href":"https:\/\/jsuisvert.com\/index.php?rest_route=\/wp\/v2\/pages\/459","targetHints":{"allow":["GET"]}}],"collection":[{"href":"https:\/\/jsuisvert.com\/index.php?rest_route=\/wp\/v2\/pages"}],"about":[{"href":"https:\/\/jsuisvert.com\/index.php?rest_route=\/wp\/v2\/types\/page"}],"author":[{"embeddable":true,"href":"https:\/\/jsuisvert.com\/index.php?rest_route=\/wp\/v2\/users\/1"}],"replies":[{"embeddable":true,"href":"https:\/\/jsuisvert.com\/index.php?rest_route=%2Fwp%2Fv2%2Fcomments&post=459"}],"version-history":[{"count":9,"href":"https:\/\/jsuisvert.com\/index.php?rest_route=\/wp\/v2\/pages\/459\/revisions"}],"predecessor-version":[{"id":729,"href":"https:\/\/jsuisvert.com\/index.php?rest_route=\/wp\/v2\/pages\/459\/revisions\/729"}],"up":[{"embeddable":true,"href":"https:\/\/jsuisvert.com\/index.php?rest_route=\/wp\/v2\/pages\/312"}],"wp:attachment":[{"href":"https:\/\/jsuisvert.com\/index.php?rest_route=%2Fwp%2Fv2%2Fmedia&parent=459"}],"curies":[{"name":"wp","href":"https:\/\/api.w.org\/{rel}","templated":true}]}}