{"id":414,"date":"2015-08-17T14:27:30","date_gmt":"2015-08-17T13:27:30","guid":{"rendered":"http:\/\/jsuisvert.com\/wordpress\/?page_id=414"},"modified":"2018-04-23T14:21:54","modified_gmt":"2018-04-23T12:21:54","slug":"superets","status":"publish","type":"page","link":"https:\/\/jsuisvert.com\/?page_id=414","title":{"rendered":"La soir\u00e9e avec Superets en DJ Set"},"content":{"rendered":"<p style=\"text-align: center;\"><span style=\"text-decoration: underline;\">SUPERETS en DJ Set\u00a0<\/span><\/p>\n<p style=\"text-align: center;\"><a href=\"http:\/\/jsuisvert.com\/wp-content\/uploads\/2015\/08\/Superets.jpg\"><img loading=\"lazy\" decoding=\"async\" class=\"alignnone size-medium wp-image-415\" src=\"http:\/\/jsuisvert.com\/wp-content\/uploads\/2015\/08\/Superets-300x126.jpg\" alt=\"Superets\" width=\"300\" height=\"126\" \/><\/a><\/p>\n<p style=\"text-align: center;\">Les SUPERETS avaient mis l&rsquo;ambiance lors de la 1\u00e8re \u00e9dition. Accros au vert, ils reviennent en formation DJ Set avec la ferme intention de d\u00e9m\u00e9nager plut\u00f4t que de meubler.<\/p>\n<div id='gallery-1' class='gallery galleryid-414 gallery-columns-3 gallery-size-thumbnail'><figure class='gallery-item'>\n\t\t\t<div class='gallery-icon landscape'>\n\t\t\t\t<a href='https:\/\/jsuisvert.com\/?attachment_id=524'><img loading=\"lazy\" decoding=\"async\" width=\"150\" height=\"150\" src=\"https:\/\/jsuisvert.com\/wp-content\/uploads\/2015\/08\/je-suis-vert-2-1-150x150.jpg\" class=\"attachment-thumbnail size-thumbnail\" alt=\"\" srcset=\"https:\/\/jsuisvert.com\/wp-content\/uploads\/2015\/08\/je-suis-vert-2-1-150x150.jpg 150w, https:\/\/jsuisvert.com\/wp-content\/uploads\/2015\/08\/je-suis-vert-2-1-230x230.jpg 230w\" sizes=\"auto, (max-width: 150px) 100vw, 150px\" \/><\/a>\n\t\t\t<\/div><\/figure><figure class='gallery-item'>\n\t\t\t<div class='gallery-icon landscape'>\n\t\t\t\t<a href='https:\/\/jsuisvert.com\/?attachment_id=525'><img loading=\"lazy\" decoding=\"async\" width=\"150\" height=\"150\" src=\"https:\/\/jsuisvert.com\/wp-content\/uploads\/2015\/08\/je-suis-vert-2-12-150x150.jpg\" class=\"attachment-thumbnail size-thumbnail\" alt=\"\" srcset=\"https:\/\/jsuisvert.com\/wp-content\/uploads\/2015\/08\/je-suis-vert-2-12-150x150.jpg 150w, https:\/\/jsuisvert.com\/wp-content\/uploads\/2015\/08\/je-suis-vert-2-12-230x230.jpg 230w\" sizes=\"auto, (max-width: 150px) 100vw, 150px\" \/><\/a>\n\t\t\t<\/div><\/figure><figure class='gallery-item'>\n\t\t\t<div class='gallery-icon landscape'>\n\t\t\t\t<a href='https:\/\/jsuisvert.com\/?attachment_id=530'><img loading=\"lazy\" decoding=\"async\" width=\"150\" height=\"150\" src=\"https:\/\/jsuisvert.com\/wp-content\/uploads\/2015\/08\/je-suis-vert-2-69-150x150.jpg\" class=\"attachment-thumbnail size-thumbnail\" alt=\"\" srcset=\"https:\/\/jsuisvert.com\/wp-content\/uploads\/2015\/08\/je-suis-vert-2-69-150x150.jpg 150w, https:\/\/jsuisvert.com\/wp-content\/uploads\/2015\/08\/je-suis-vert-2-69-230x230.jpg 230w\" sizes=\"auto, (max-width: 150px) 100vw, 150px\" \/><\/a>\n\t\t\t<\/div><\/figure><figure class='gallery-item'>\n\t\t\t<div class='gallery-icon landscape'>\n\t\t\t\t<a href='https:\/\/jsuisvert.com\/?attachment_id=529'><img loading=\"lazy\" decoding=\"async\" width=\"150\" height=\"150\" src=\"https:\/\/jsuisvert.com\/wp-content\/uploads\/2015\/08\/je-suis-vert-2-51-150x150.jpg\" class=\"attachment-thumbnail size-thumbnail\" alt=\"\" srcset=\"https:\/\/jsuisvert.com\/wp-content\/uploads\/2015\/08\/je-suis-vert-2-51-150x150.jpg 150w, https:\/\/jsuisvert.com\/wp-content\/uploads\/2015\/08\/je-suis-vert-2-51-230x230.jpg 230w\" sizes=\"auto, (max-width: 150px) 100vw, 150px\" \/><\/a>\n\t\t\t<\/div><\/figure><figure class='gallery-item'>\n\t\t\t<div class='gallery-icon landscape'>\n\t\t\t\t<a href='https:\/\/jsuisvert.com\/?attachment_id=528'><img loading=\"lazy\" decoding=\"async\" width=\"150\" height=\"150\" src=\"https:\/\/jsuisvert.com\/wp-content\/uploads\/2015\/08\/je-suis-vert-2-22-150x150.jpg\" class=\"attachment-thumbnail size-thumbnail\" alt=\"\" srcset=\"https:\/\/jsuisvert.com\/wp-content\/uploads\/2015\/08\/je-suis-vert-2-22-150x150.jpg 150w, https:\/\/jsuisvert.com\/wp-content\/uploads\/2015\/08\/je-suis-vert-2-22-230x230.jpg 230w\" sizes=\"auto, (max-width: 150px) 100vw, 150px\" \/><\/a>\n\t\t\t<\/div><\/figure><figure class='gallery-item'>\n\t\t\t<div class='gallery-icon landscape'>\n\t\t\t\t<a href='https:\/\/jsuisvert.com\/?attachment_id=527'><img loading=\"lazy\" decoding=\"async\" width=\"150\" height=\"150\" src=\"https:\/\/jsuisvert.com\/wp-content\/uploads\/2015\/08\/je-suis-vert-2-21-150x150.jpg\" class=\"attachment-thumbnail size-thumbnail\" alt=\"\" srcset=\"https:\/\/jsuisvert.com\/wp-content\/uploads\/2015\/08\/je-suis-vert-2-21-150x150.jpg 150w, https:\/\/jsuisvert.com\/wp-content\/uploads\/2015\/08\/je-suis-vert-2-21-230x230.jpg 230w\" sizes=\"auto, (max-width: 150px) 100vw, 150px\" \/><\/a>\n\t\t\t<\/div><\/figure><figure class='gallery-item'>\n\t\t\t<div class='gallery-icon landscape'>\n\t\t\t\t<a href='https:\/\/jsuisvert.com\/?attachment_id=526'><img loading=\"lazy\" decoding=\"async\" width=\"150\" height=\"150\" src=\"https:\/\/jsuisvert.com\/wp-content\/uploads\/2015\/08\/je-suis-vert-2-17-150x150.jpg\" class=\"attachment-thumbnail size-thumbnail\" alt=\"\" srcset=\"https:\/\/jsuisvert.com\/wp-content\/uploads\/2015\/08\/je-suis-vert-2-17-150x150.jpg 150w, https:\/\/jsuisvert.com\/wp-content\/uploads\/2015\/08\/je-suis-vert-2-17-230x230.jpg 230w\" sizes=\"auto, (max-width: 150px) 100vw, 150px\" \/><\/a>\n\t\t\t<\/div><\/figure><figure class='gallery-item'>\n\t\t\t<div class='gallery-icon landscape'>\n\t\t\t\t<a href='https:\/\/jsuisvert.com\/?attachment_id=547'><img loading=\"lazy\" decoding=\"async\" width=\"150\" height=\"150\" src=\"https:\/\/jsuisvert.com\/wp-content\/uploads\/2015\/08\/Jsuis-vert-2-photos-Pierre-Yves-52-150x150.jpg\" class=\"attachment-thumbnail size-thumbnail\" alt=\"\" srcset=\"https:\/\/jsuisvert.com\/wp-content\/uploads\/2015\/08\/Jsuis-vert-2-photos-Pierre-Yves-52-150x150.jpg 150w, https:\/\/jsuisvert.com\/wp-content\/uploads\/2015\/08\/Jsuis-vert-2-photos-Pierre-Yves-52-230x230.jpg 230w\" sizes=\"auto, (max-width: 150px) 100vw, 150px\" \/><\/a>\n\t\t\t<\/div><\/figure><figure class='gallery-item'>\n\t\t\t<div class='gallery-icon portrait'>\n\t\t\t\t<a href='https:\/\/jsuisvert.com\/?attachment_id=546'><img loading=\"lazy\" decoding=\"async\" width=\"150\" height=\"150\" src=\"https:\/\/jsuisvert.com\/wp-content\/uploads\/2015\/08\/Jsuis-vert-2-photos-Pierre-Yves-50-150x150.jpg\" class=\"attachment-thumbnail size-thumbnail\" alt=\"\" srcset=\"https:\/\/jsuisvert.com\/wp-content\/uploads\/2015\/08\/Jsuis-vert-2-photos-Pierre-Yves-50-150x150.jpg 150w, https:\/\/jsuisvert.com\/wp-content\/uploads\/2015\/08\/Jsuis-vert-2-photos-Pierre-Yves-50-230x230.jpg 230w\" sizes=\"auto, (max-width: 150px) 100vw, 150px\" \/><\/a>\n\t\t\t<\/div><\/figure><figure class='gallery-item'>\n\t\t\t<div class='gallery-icon portrait'>\n\t\t\t\t<a href='https:\/\/jsuisvert.com\/?attachment_id=545'><img loading=\"lazy\" decoding=\"async\" width=\"150\" height=\"150\" src=\"https:\/\/jsuisvert.com\/wp-content\/uploads\/2015\/08\/Jsuis-vert-2-photos-Pierre-Yves-49-150x150.jpg\" class=\"attachment-thumbnail size-thumbnail\" alt=\"\" srcset=\"https:\/\/jsuisvert.com\/wp-content\/uploads\/2015\/08\/Jsuis-vert-2-photos-Pierre-Yves-49-150x150.jpg 150w, https:\/\/jsuisvert.com\/wp-content\/uploads\/2015\/08\/Jsuis-vert-2-photos-Pierre-Yves-49-230x230.jpg 230w\" sizes=\"auto, (max-width: 150px) 100vw, 150px\" \/><\/a>\n\t\t\t<\/div><\/figure><figure class='gallery-item'>\n\t\t\t<div class='gallery-icon portrait'>\n\t\t\t\t<a href='https:\/\/jsuisvert.com\/?attachment_id=544'><img loading=\"lazy\" decoding=\"async\" width=\"150\" height=\"150\" src=\"https:\/\/jsuisvert.com\/wp-content\/uploads\/2015\/08\/Jsuis-vert-2-photos-Pierre-Yves-48-150x150.jpg\" class=\"attachment-thumbnail size-thumbnail\" alt=\"\" srcset=\"https:\/\/jsuisvert.com\/wp-content\/uploads\/2015\/08\/Jsuis-vert-2-photos-Pierre-Yves-48-150x150.jpg 150w, https:\/\/jsuisvert.com\/wp-content\/uploads\/2015\/08\/Jsuis-vert-2-photos-Pierre-Yves-48-230x230.jpg 230w\" sizes=\"auto, (max-width: 150px) 100vw, 150px\" \/><\/a>\n\t\t\t<\/div><\/figure><figure class='gallery-item'>\n\t\t\t<div class='gallery-icon portrait'>\n\t\t\t\t<a href='https:\/\/jsuisvert.com\/?attachment_id=543'><img loading=\"lazy\" decoding=\"async\" width=\"150\" height=\"150\" src=\"https:\/\/jsuisvert.com\/wp-content\/uploads\/2015\/08\/Jsuis-vert-2-photos-Pierre-Yves-45-150x150.jpg\" class=\"attachment-thumbnail size-thumbnail\" alt=\"\" srcset=\"https:\/\/jsuisvert.com\/wp-content\/uploads\/2015\/08\/Jsuis-vert-2-photos-Pierre-Yves-45-150x150.jpg 150w, https:\/\/jsuisvert.com\/wp-content\/uploads\/2015\/08\/Jsuis-vert-2-photos-Pierre-Yves-45-230x230.jpg 230w\" sizes=\"auto, (max-width: 150px) 100vw, 150px\" \/><\/a>\n\t\t\t<\/div><\/figure><figure class='gallery-item'>\n\t\t\t<div class='gallery-icon portrait'>\n\t\t\t\t<a href='https:\/\/jsuisvert.com\/?attachment_id=542'><img loading=\"lazy\" decoding=\"async\" width=\"150\" height=\"150\" src=\"https:\/\/jsuisvert.com\/wp-content\/uploads\/2015\/08\/Jsuis-vert-2-photos-Pierre-Yves-37-150x150.jpg\" class=\"attachment-thumbnail size-thumbnail\" alt=\"\" srcset=\"https:\/\/jsuisvert.com\/wp-content\/uploads\/2015\/08\/Jsuis-vert-2-photos-Pierre-Yves-37-150x150.jpg 150w, https:\/\/jsuisvert.com\/wp-content\/uploads\/2015\/08\/Jsuis-vert-2-photos-Pierre-Yves-37-230x230.jpg 230w\" sizes=\"auto, (max-width: 150px) 100vw, 150px\" \/><\/a>\n\t\t\t<\/div><\/figure><figure class='gallery-item'>\n\t\t\t<div class='gallery-icon portrait'>\n\t\t\t\t<a href='https:\/\/jsuisvert.com\/?attachment_id=541'><img loading=\"lazy\" decoding=\"async\" width=\"150\" height=\"150\" src=\"https:\/\/jsuisvert.com\/wp-content\/uploads\/2015\/08\/Jsuis-vert-2-photos-Pierre-Yves-30-150x150.jpg\" class=\"attachment-thumbnail size-thumbnail\" alt=\"\" srcset=\"https:\/\/jsuisvert.com\/wp-content\/uploads\/2015\/08\/Jsuis-vert-2-photos-Pierre-Yves-30-150x150.jpg 150w, https:\/\/jsuisvert.com\/wp-content\/uploads\/2015\/08\/Jsuis-vert-2-photos-Pierre-Yves-30-230x230.jpg 230w\" sizes=\"auto, (max-width: 150px) 100vw, 150px\" \/><\/a>\n\t\t\t<\/div><\/figure><figure class='gallery-item'>\n\t\t\t<div class='gallery-icon portrait'>\n\t\t\t\t<a href='https:\/\/jsuisvert.com\/?attachment_id=540'><img loading=\"lazy\" decoding=\"async\" width=\"150\" height=\"150\" src=\"https:\/\/jsuisvert.com\/wp-content\/uploads\/2015\/08\/Jsuis-vert-2-photos-Pierre-Yves-26-150x150.jpg\" class=\"attachment-thumbnail size-thumbnail\" alt=\"\" srcset=\"https:\/\/jsuisvert.com\/wp-content\/uploads\/2015\/08\/Jsuis-vert-2-photos-Pierre-Yves-26-150x150.jpg 150w, https:\/\/jsuisvert.com\/wp-content\/uploads\/2015\/08\/Jsuis-vert-2-photos-Pierre-Yves-26-230x230.jpg 230w\" sizes=\"auto, (max-width: 150px) 100vw, 150px\" \/><\/a>\n\t\t\t<\/div><\/figure><figure class='gallery-item'>\n\t\t\t<div class='gallery-icon landscape'>\n\t\t\t\t<a href='https:\/\/jsuisvert.com\/?attachment_id=539'><img loading=\"lazy\" decoding=\"async\" width=\"150\" height=\"150\" src=\"https:\/\/jsuisvert.com\/wp-content\/uploads\/2015\/08\/Jsuis-vert-2-photos-Pierre-Yves-24-150x150.jpg\" class=\"attachment-thumbnail size-thumbnail\" alt=\"\" srcset=\"https:\/\/jsuisvert.com\/wp-content\/uploads\/2015\/08\/Jsuis-vert-2-photos-Pierre-Yves-24-150x150.jpg 150w, https:\/\/jsuisvert.com\/wp-content\/uploads\/2015\/08\/Jsuis-vert-2-photos-Pierre-Yves-24-230x230.jpg 230w\" sizes=\"auto, (max-width: 150px) 100vw, 150px\" \/><\/a>\n\t\t\t<\/div><\/figure><figure class='gallery-item'>\n\t\t\t<div class='gallery-icon portrait'>\n\t\t\t\t<a href='https:\/\/jsuisvert.com\/?attachment_id=538'><img loading=\"lazy\" decoding=\"async\" width=\"150\" height=\"150\" src=\"https:\/\/jsuisvert.com\/wp-content\/uploads\/2015\/08\/Jsuis-vert-2-photos-Pierre-Yves-23-150x150.jpg\" class=\"attachment-thumbnail size-thumbnail\" alt=\"\" srcset=\"https:\/\/jsuisvert.com\/wp-content\/uploads\/2015\/08\/Jsuis-vert-2-photos-Pierre-Yves-23-150x150.jpg 150w, https:\/\/jsuisvert.com\/wp-content\/uploads\/2015\/08\/Jsuis-vert-2-photos-Pierre-Yves-23-230x230.jpg 230w\" sizes=\"auto, (max-width: 150px) 100vw, 150px\" \/><\/a>\n\t\t\t<\/div><\/figure><figure class='gallery-item'>\n\t\t\t<div class='gallery-icon portrait'>\n\t\t\t\t<a href='https:\/\/jsuisvert.com\/?attachment_id=537'><img loading=\"lazy\" decoding=\"async\" width=\"150\" height=\"150\" src=\"https:\/\/jsuisvert.com\/wp-content\/uploads\/2015\/08\/Jsuis-vert-2-photos-Pierre-Yves-20-150x150.jpg\" class=\"attachment-thumbnail size-thumbnail\" alt=\"\" srcset=\"https:\/\/jsuisvert.com\/wp-content\/uploads\/2015\/08\/Jsuis-vert-2-photos-Pierre-Yves-20-150x150.jpg 150w, https:\/\/jsuisvert.com\/wp-content\/uploads\/2015\/08\/Jsuis-vert-2-photos-Pierre-Yves-20-230x230.jpg 230w\" sizes=\"auto, (max-width: 150px) 100vw, 150px\" \/><\/a>\n\t\t\t<\/div><\/figure><figure class='gallery-item'>\n\t\t\t<div class='gallery-icon portrait'>\n\t\t\t\t<a href='https:\/\/jsuisvert.com\/?attachment_id=536'><img loading=\"lazy\" decoding=\"async\" width=\"150\" height=\"150\" src=\"https:\/\/jsuisvert.com\/wp-content\/uploads\/2015\/08\/Jsuis-vert-2-photos-Pierre-Yves-19-150x150.jpg\" class=\"attachment-thumbnail size-thumbnail\" alt=\"\" srcset=\"https:\/\/jsuisvert.com\/wp-content\/uploads\/2015\/08\/Jsuis-vert-2-photos-Pierre-Yves-19-150x150.jpg 150w, https:\/\/jsuisvert.com\/wp-content\/uploads\/2015\/08\/Jsuis-vert-2-photos-Pierre-Yves-19-230x230.jpg 230w\" sizes=\"auto, (max-width: 150px) 100vw, 150px\" \/><\/a>\n\t\t\t<\/div><\/figure><figure class='gallery-item'>\n\t\t\t<div class='gallery-icon portrait'>\n\t\t\t\t<a href='https:\/\/jsuisvert.com\/?attachment_id=535'><img loading=\"lazy\" decoding=\"async\" width=\"150\" height=\"150\" src=\"https:\/\/jsuisvert.com\/wp-content\/uploads\/2015\/08\/Jsuis-vert-2-photos-Pierre-Yves-15-150x150.jpg\" class=\"attachment-thumbnail size-thumbnail\" alt=\"\" srcset=\"https:\/\/jsuisvert.com\/wp-content\/uploads\/2015\/08\/Jsuis-vert-2-photos-Pierre-Yves-15-150x150.jpg 150w, https:\/\/jsuisvert.com\/wp-content\/uploads\/2015\/08\/Jsuis-vert-2-photos-Pierre-Yves-15-230x230.jpg 230w\" sizes=\"auto, (max-width: 150px) 100vw, 150px\" \/><\/a>\n\t\t\t<\/div><\/figure><figure class='gallery-item'>\n\t\t\t<div class='gallery-icon landscape'>\n\t\t\t\t<a href='https:\/\/jsuisvert.com\/?attachment_id=534'><img loading=\"lazy\" decoding=\"async\" width=\"150\" height=\"150\" src=\"https:\/\/jsuisvert.com\/wp-content\/uploads\/2015\/08\/Jsuis-vert-2-photos-Pierre-Yves-11-150x150.jpg\" class=\"attachment-thumbnail size-thumbnail\" alt=\"\" srcset=\"https:\/\/jsuisvert.com\/wp-content\/uploads\/2015\/08\/Jsuis-vert-2-photos-Pierre-Yves-11-150x150.jpg 150w, https:\/\/jsuisvert.com\/wp-content\/uploads\/2015\/08\/Jsuis-vert-2-photos-Pierre-Yves-11-230x230.jpg 230w\" sizes=\"auto, (max-width: 150px) 100vw, 150px\" \/><\/a>\n\t\t\t<\/div><\/figure><figure class='gallery-item'>\n\t\t\t<div class='gallery-icon landscape'>\n\t\t\t\t<a href='https:\/\/jsuisvert.com\/?attachment_id=533'><img loading=\"lazy\" decoding=\"async\" width=\"150\" height=\"150\" src=\"https:\/\/jsuisvert.com\/wp-content\/uploads\/2015\/08\/Jsuis-vert-2-photos-Pierre-Yves-2-150x150.jpg\" class=\"attachment-thumbnail size-thumbnail\" alt=\"\" srcset=\"https:\/\/jsuisvert.com\/wp-content\/uploads\/2015\/08\/Jsuis-vert-2-photos-Pierre-Yves-2-150x150.jpg 150w, https:\/\/jsuisvert.com\/wp-content\/uploads\/2015\/08\/Jsuis-vert-2-photos-Pierre-Yves-2-230x230.jpg 230w\" sizes=\"auto, (max-width: 150px) 100vw, 150px\" \/><\/a>\n\t\t\t<\/div><\/figure><figure class='gallery-item'>\n\t\t\t<div class='gallery-icon landscape'>\n\t\t\t\t<a href='https:\/\/jsuisvert.com\/?attachment_id=532'><img loading=\"lazy\" decoding=\"async\" width=\"150\" height=\"150\" src=\"https:\/\/jsuisvert.com\/wp-content\/uploads\/2015\/08\/Jsuis-vert-2-photos-Pierre-Yves-1-150x150.jpg\" class=\"attachment-thumbnail size-thumbnail\" alt=\"\" srcset=\"https:\/\/jsuisvert.com\/wp-content\/uploads\/2015\/08\/Jsuis-vert-2-photos-Pierre-Yves-1-150x150.jpg 150w, https:\/\/jsuisvert.com\/wp-content\/uploads\/2015\/08\/Jsuis-vert-2-photos-Pierre-Yves-1-230x230.jpg 230w\" sizes=\"auto, (max-width: 150px) 100vw, 150px\" \/><\/a>\n\t\t\t<\/div><\/figure><figure class='gallery-item'>\n\t\t\t<div class='gallery-icon portrait'>\n\t\t\t\t<a href='https:\/\/jsuisvert.com\/?attachment_id=551'><img loading=\"lazy\" decoding=\"async\" width=\"150\" height=\"150\" src=\"https:\/\/jsuisvert.com\/wp-content\/uploads\/2015\/08\/Jsuis-vert-2-photos-Pierre-Yves-6-150x150.jpg\" class=\"attachment-thumbnail size-thumbnail\" alt=\"\" srcset=\"https:\/\/jsuisvert.com\/wp-content\/uploads\/2015\/08\/Jsuis-vert-2-photos-Pierre-Yves-6-150x150.jpg 150w, https:\/\/jsuisvert.com\/wp-content\/uploads\/2015\/08\/Jsuis-vert-2-photos-Pierre-Yves-6-230x230.jpg 230w\" sizes=\"auto, (max-width: 150px) 100vw, 150px\" \/><\/a>\n\t\t\t<\/div><\/figure><figure class='gallery-item'>\n\t\t\t<div class='gallery-icon portrait'>\n\t\t\t\t<a href='https:\/\/jsuisvert.com\/?attachment_id=550'><img loading=\"lazy\" decoding=\"async\" width=\"150\" height=\"150\" src=\"https:\/\/jsuisvert.com\/wp-content\/uploads\/2015\/08\/Jsuis-vert-2-photos-Pierre-Yves-5-150x150.jpg\" class=\"attachment-thumbnail size-thumbnail\" alt=\"\" srcset=\"https:\/\/jsuisvert.com\/wp-content\/uploads\/2015\/08\/Jsuis-vert-2-photos-Pierre-Yves-5-150x150.jpg 150w, https:\/\/jsuisvert.com\/wp-content\/uploads\/2015\/08\/Jsuis-vert-2-photos-Pierre-Yves-5-230x230.jpg 230w\" sizes=\"auto, (max-width: 150px) 100vw, 150px\" \/><\/a>\n\t\t\t<\/div><\/figure><figure class='gallery-item'>\n\t\t\t<div class='gallery-icon landscape'>\n\t\t\t\t<a href='https:\/\/jsuisvert.com\/?attachment_id=549'><img loading=\"lazy\" decoding=\"async\" width=\"150\" height=\"150\" src=\"https:\/\/jsuisvert.com\/wp-content\/uploads\/2015\/08\/Jsuis-vert-2-photos-Pierre-Yves-3-150x150.jpg\" class=\"attachment-thumbnail size-thumbnail\" alt=\"\" srcset=\"https:\/\/jsuisvert.com\/wp-content\/uploads\/2015\/08\/Jsuis-vert-2-photos-Pierre-Yves-3-150x150.jpg 150w, https:\/\/jsuisvert.com\/wp-content\/uploads\/2015\/08\/Jsuis-vert-2-photos-Pierre-Yves-3-230x230.jpg 230w\" sizes=\"auto, (max-width: 150px) 100vw, 150px\" \/><\/a>\n\t\t\t<\/div><\/figure>\n\t\t<\/div>\n\n<p><a href=\"http:\/\/jsuisvert.com\/?page_id=338\">-&gt;&gt; Les photos<\/a> de la premi\u00e8re apparition de SUPERET au festival J&rsquo;suis Vert<\/p>\n","protected":false},"excerpt":{"rendered":"<p>SUPERETS en DJ Set\u00a0 Les SUPERETS avaient mis l&rsquo;ambiance lors de la 1\u00e8re \u00e9dition. Accros au vert, ils reviennent en &hellip; <a href=\"https:\/\/jsuisvert.com\/?page_id=414\" class=\"more-link\">Continue reading <span class=\"screen-reader-text\">La soir\u00e9e avec Superets en DJ Set<\/span><\/a><\/p>\n","protected":false},"author":1,"featured_media":0,"parent":312,"menu_order":0,"comment_status":"closed","ping_status":"open","template":"","meta":{"footnotes":""},"class_list":["post-414","page","type-page","status-publish","hentry"],"_links":{"self":[{"href":"https:\/\/jsuisvert.com\/index.php?rest_route=\/wp\/v2\/pages\/414","targetHints":{"allow":["GET"]}}],"collection":[{"href":"https:\/\/jsuisvert.com\/index.php?rest_route=\/wp\/v2\/pages"}],"about":[{"href":"https:\/\/jsuisvert.com\/index.php?rest_route=\/wp\/v2\/types\/page"}],"author":[{"embeddable":true,"href":"https:\/\/jsuisvert.com\/index.php?rest_route=\/wp\/v2\/users\/1"}],"replies":[{"embeddable":true,"href":"https:\/\/jsuisvert.com\/index.php?rest_route=%2Fwp%2Fv2%2Fcomments&post=414"}],"version-history":[{"count":12,"href":"https:\/\/jsuisvert.com\/index.php?rest_route=\/wp\/v2\/pages\/414\/revisions"}],"predecessor-version":[{"id":733,"href":"https:\/\/jsuisvert.com\/index.php?rest_route=\/wp\/v2\/pages\/414\/revisions\/733"}],"up":[{"embeddable":true,"href":"https:\/\/jsuisvert.com\/index.php?rest_route=\/wp\/v2\/pages\/312"}],"wp:attachment":[{"href":"https:\/\/jsuisvert.com\/index.php?rest_route=%2Fwp%2Fv2%2Fmedia&parent=414"}],"curies":[{"name":"wp","href":"https:\/\/api.w.org\/{rel}","templated":true}]}}