{"id":405,"date":"2015-08-17T14:21:45","date_gmt":"2015-08-17T13:21:45","guid":{"rendered":"http:\/\/jsuisvert.com\/wordpress\/?page_id=405"},"modified":"2015-08-19T09:11:46","modified_gmt":"2015-08-19T08:11:46","slug":"craftmen-club","status":"publish","type":"page","link":"https:\/\/jsuisvert.com\/?page_id=405","title":{"rendered":"Craftmen Club"},"content":{"rendered":"<p>&nbsp;<\/p>\n<p style=\"text-align: center;\">The CRAFTMEN CLUB<\/p>\n<p style=\"text-align: center;\">Depuis 15 ans, THE CRAFTMEN CLUB se bagarre sur le front du Rock&rsquo;n&rsquo;Roll avec une \u00e9nergie sc\u00e9nique hors norme, beaucoup de syst\u00e8me D et une foi indestructible dans le Rock&rsquo;n&rsquo;Roll.<\/p>\n<p style=\"text-align: center;\">Leur dernier album, Eternal Life, est une vraie p\u00e9pite, rugueuse mais m\u00e9lodieuse \u00e0 souhait.<\/p>\n<p><a href=\"http:\/\/jsuisvert.com\/wp-content\/uploads\/2015\/08\/CraftmenClub.jpg\"><img loading=\"lazy\" decoding=\"async\" class=\"alignnone size-medium wp-image-406 aligncenter\" src=\"http:\/\/jsuisvert.com\/wp-content\/uploads\/2015\/08\/CraftmenClub-300x136.jpg\" alt=\"CraftmenClub\" width=\"300\" height=\"136\" \/><\/a><\/p>\n<p>&nbsp;<\/p>\n<div id='gallery-1' class='gallery galleryid-405 gallery-columns-3 gallery-size-thumbnail'><figure class='gallery-item'>\n\t\t\t<div class='gallery-icon landscape'>\n\t\t\t\t<a href='https:\/\/jsuisvert.com\/?attachment_id=509'><img loading=\"lazy\" decoding=\"async\" width=\"150\" height=\"150\" src=\"https:\/\/jsuisvert.com\/wp-content\/uploads\/2015\/08\/Craftmen_Club_je-suis-vert-2-45-14-150x150.jpg\" class=\"attachment-thumbnail size-thumbnail\" alt=\"\" srcset=\"https:\/\/jsuisvert.com\/wp-content\/uploads\/2015\/08\/Craftmen_Club_je-suis-vert-2-45-14-150x150.jpg 150w, https:\/\/jsuisvert.com\/wp-content\/uploads\/2015\/08\/Craftmen_Club_je-suis-vert-2-45-14-230x230.jpg 230w\" sizes=\"auto, (max-width: 150px) 100vw, 150px\" \/><\/a>\n\t\t\t<\/div><\/figure><figure class='gallery-item'>\n\t\t\t<div class='gallery-icon portrait'>\n\t\t\t\t<a href='https:\/\/jsuisvert.com\/?attachment_id=508'><img loading=\"lazy\" decoding=\"async\" width=\"150\" height=\"150\" src=\"https:\/\/jsuisvert.com\/wp-content\/uploads\/2015\/08\/Craftmen_Club_je-suis-vert-2-45-13-150x150.jpg\" class=\"attachment-thumbnail size-thumbnail\" alt=\"\" srcset=\"https:\/\/jsuisvert.com\/wp-content\/uploads\/2015\/08\/Craftmen_Club_je-suis-vert-2-45-13-150x150.jpg 150w, https:\/\/jsuisvert.com\/wp-content\/uploads\/2015\/08\/Craftmen_Club_je-suis-vert-2-45-13-230x230.jpg 230w\" sizes=\"auto, (max-width: 150px) 100vw, 150px\" \/><\/a>\n\t\t\t<\/div><\/figure><figure class='gallery-item'>\n\t\t\t<div class='gallery-icon landscape'>\n\t\t\t\t<a href='https:\/\/jsuisvert.com\/?attachment_id=506'><img loading=\"lazy\" decoding=\"async\" width=\"150\" height=\"150\" src=\"https:\/\/jsuisvert.com\/wp-content\/uploads\/2015\/08\/Craftmen_Club_je-suis-vert-2-45-11-150x150.jpg\" class=\"attachment-thumbnail size-thumbnail\" alt=\"\" srcset=\"https:\/\/jsuisvert.com\/wp-content\/uploads\/2015\/08\/Craftmen_Club_je-suis-vert-2-45-11-150x150.jpg 150w, https:\/\/jsuisvert.com\/wp-content\/uploads\/2015\/08\/Craftmen_Club_je-suis-vert-2-45-11-230x230.jpg 230w\" sizes=\"auto, (max-width: 150px) 100vw, 150px\" \/><\/a>\n\t\t\t<\/div><\/figure><figure class='gallery-item'>\n\t\t\t<div class='gallery-icon portrait'>\n\t\t\t\t<a href='https:\/\/jsuisvert.com\/?attachment_id=507'><img loading=\"lazy\" decoding=\"async\" width=\"150\" height=\"150\" src=\"https:\/\/jsuisvert.com\/wp-content\/uploads\/2015\/08\/Craftmen_Club_je-suis-vert-2-45-12-150x150.jpg\" class=\"attachment-thumbnail size-thumbnail\" alt=\"\" srcset=\"https:\/\/jsuisvert.com\/wp-content\/uploads\/2015\/08\/Craftmen_Club_je-suis-vert-2-45-12-150x150.jpg 150w, https:\/\/jsuisvert.com\/wp-content\/uploads\/2015\/08\/Craftmen_Club_je-suis-vert-2-45-12-230x230.jpg 230w\" sizes=\"auto, (max-width: 150px) 100vw, 150px\" \/><\/a>\n\t\t\t<\/div><\/figure><figure class='gallery-item'>\n\t\t\t<div class='gallery-icon landscape'>\n\t\t\t\t<a href='https:\/\/jsuisvert.com\/?attachment_id=505'><img loading=\"lazy\" decoding=\"async\" width=\"150\" height=\"150\" src=\"https:\/\/jsuisvert.com\/wp-content\/uploads\/2015\/08\/Craftmen_Club_je-suis-vert-2-45-10-150x150.jpg\" class=\"attachment-thumbnail size-thumbnail\" alt=\"\" srcset=\"https:\/\/jsuisvert.com\/wp-content\/uploads\/2015\/08\/Craftmen_Club_je-suis-vert-2-45-10-150x150.jpg 150w, https:\/\/jsuisvert.com\/wp-content\/uploads\/2015\/08\/Craftmen_Club_je-suis-vert-2-45-10-230x230.jpg 230w\" sizes=\"auto, (max-width: 150px) 100vw, 150px\" \/><\/a>\n\t\t\t<\/div><\/figure><figure class='gallery-item'>\n\t\t\t<div class='gallery-icon portrait'>\n\t\t\t\t<a href='https:\/\/jsuisvert.com\/?attachment_id=500'><img loading=\"lazy\" decoding=\"async\" width=\"150\" height=\"150\" src=\"https:\/\/jsuisvert.com\/wp-content\/uploads\/2015\/08\/Craftmen_Club_je-suis-vert-2-45-5-150x150.jpg\" class=\"attachment-thumbnail size-thumbnail\" alt=\"\" srcset=\"https:\/\/jsuisvert.com\/wp-content\/uploads\/2015\/08\/Craftmen_Club_je-suis-vert-2-45-5-150x150.jpg 150w, https:\/\/jsuisvert.com\/wp-content\/uploads\/2015\/08\/Craftmen_Club_je-suis-vert-2-45-5-230x230.jpg 230w\" sizes=\"auto, (max-width: 150px) 100vw, 150px\" \/><\/a>\n\t\t\t<\/div><\/figure><figure class='gallery-item'>\n\t\t\t<div class='gallery-icon portrait'>\n\t\t\t\t<a href='https:\/\/jsuisvert.com\/?attachment_id=504'><img loading=\"lazy\" decoding=\"async\" width=\"150\" height=\"150\" src=\"https:\/\/jsuisvert.com\/wp-content\/uploads\/2015\/08\/Craftmen_Club_je-suis-vert-2-45-9-150x150.jpg\" class=\"attachment-thumbnail size-thumbnail\" alt=\"\" srcset=\"https:\/\/jsuisvert.com\/wp-content\/uploads\/2015\/08\/Craftmen_Club_je-suis-vert-2-45-9-150x150.jpg 150w, https:\/\/jsuisvert.com\/wp-content\/uploads\/2015\/08\/Craftmen_Club_je-suis-vert-2-45-9-230x230.jpg 230w\" sizes=\"auto, (max-width: 150px) 100vw, 150px\" \/><\/a>\n\t\t\t<\/div><\/figure><figure class='gallery-item'>\n\t\t\t<div class='gallery-icon portrait'>\n\t\t\t\t<a href='https:\/\/jsuisvert.com\/?attachment_id=503'><img loading=\"lazy\" decoding=\"async\" width=\"150\" height=\"150\" src=\"https:\/\/jsuisvert.com\/wp-content\/uploads\/2015\/08\/Craftmen_Club_je-suis-vert-2-45-8-150x150.jpg\" class=\"attachment-thumbnail size-thumbnail\" alt=\"\" srcset=\"https:\/\/jsuisvert.com\/wp-content\/uploads\/2015\/08\/Craftmen_Club_je-suis-vert-2-45-8-150x150.jpg 150w, https:\/\/jsuisvert.com\/wp-content\/uploads\/2015\/08\/Craftmen_Club_je-suis-vert-2-45-8-230x230.jpg 230w\" sizes=\"auto, (max-width: 150px) 100vw, 150px\" \/><\/a>\n\t\t\t<\/div><\/figure><figure class='gallery-item'>\n\t\t\t<div class='gallery-icon landscape'>\n\t\t\t\t<a href='https:\/\/jsuisvert.com\/?attachment_id=502'><img loading=\"lazy\" decoding=\"async\" width=\"150\" height=\"150\" src=\"https:\/\/jsuisvert.com\/wp-content\/uploads\/2015\/08\/Craftmen_Club_je-suis-vert-2-45-7-150x150.jpg\" class=\"attachment-thumbnail size-thumbnail\" alt=\"\" srcset=\"https:\/\/jsuisvert.com\/wp-content\/uploads\/2015\/08\/Craftmen_Club_je-suis-vert-2-45-7-150x150.jpg 150w, https:\/\/jsuisvert.com\/wp-content\/uploads\/2015\/08\/Craftmen_Club_je-suis-vert-2-45-7-230x230.jpg 230w\" sizes=\"auto, (max-width: 150px) 100vw, 150px\" \/><\/a>\n\t\t\t<\/div><\/figure><figure class='gallery-item'>\n\t\t\t<div class='gallery-icon portrait'>\n\t\t\t\t<a href='https:\/\/jsuisvert.com\/?attachment_id=501'><img loading=\"lazy\" decoding=\"async\" width=\"150\" height=\"150\" src=\"https:\/\/jsuisvert.com\/wp-content\/uploads\/2015\/08\/Craftmen_Club_je-suis-vert-2-45-6-150x150.jpg\" class=\"attachment-thumbnail size-thumbnail\" alt=\"\" srcset=\"https:\/\/jsuisvert.com\/wp-content\/uploads\/2015\/08\/Craftmen_Club_je-suis-vert-2-45-6-150x150.jpg 150w, https:\/\/jsuisvert.com\/wp-content\/uploads\/2015\/08\/Craftmen_Club_je-suis-vert-2-45-6-230x230.jpg 230w\" sizes=\"auto, (max-width: 150px) 100vw, 150px\" \/><\/a>\n\t\t\t<\/div><\/figure><figure class='gallery-item'>\n\t\t\t<div class='gallery-icon landscape'>\n\t\t\t\t<a href='https:\/\/jsuisvert.com\/?attachment_id=496'><img loading=\"lazy\" decoding=\"async\" width=\"150\" height=\"150\" src=\"https:\/\/jsuisvert.com\/wp-content\/uploads\/2015\/08\/Craftmen_Club_je-suis-vert-2-45-1-150x150.jpg\" class=\"attachment-thumbnail size-thumbnail\" alt=\"\" srcset=\"https:\/\/jsuisvert.com\/wp-content\/uploads\/2015\/08\/Craftmen_Club_je-suis-vert-2-45-1-150x150.jpg 150w, https:\/\/jsuisvert.com\/wp-content\/uploads\/2015\/08\/Craftmen_Club_je-suis-vert-2-45-1-230x230.jpg 230w\" sizes=\"auto, (max-width: 150px) 100vw, 150px\" \/><\/a>\n\t\t\t<\/div><\/figure><figure class='gallery-item'>\n\t\t\t<div class='gallery-icon landscape'>\n\t\t\t\t<a href='https:\/\/jsuisvert.com\/?attachment_id=497'><img loading=\"lazy\" decoding=\"async\" width=\"150\" height=\"150\" src=\"https:\/\/jsuisvert.com\/wp-content\/uploads\/2015\/08\/Craftmen_Club_je-suis-vert-2-45-2-150x150.jpg\" class=\"attachment-thumbnail size-thumbnail\" alt=\"\" srcset=\"https:\/\/jsuisvert.com\/wp-content\/uploads\/2015\/08\/Craftmen_Club_je-suis-vert-2-45-2-150x150.jpg 150w, https:\/\/jsuisvert.com\/wp-content\/uploads\/2015\/08\/Craftmen_Club_je-suis-vert-2-45-2-230x230.jpg 230w\" sizes=\"auto, (max-width: 150px) 100vw, 150px\" \/><\/a>\n\t\t\t<\/div><\/figure><figure class='gallery-item'>\n\t\t\t<div class='gallery-icon portrait'>\n\t\t\t\t<a href='https:\/\/jsuisvert.com\/?attachment_id=498'><img loading=\"lazy\" decoding=\"async\" width=\"150\" height=\"150\" src=\"https:\/\/jsuisvert.com\/wp-content\/uploads\/2015\/08\/Craftmen_Club_je-suis-vert-2-45-3-150x150.jpg\" class=\"attachment-thumbnail size-thumbnail\" alt=\"\" srcset=\"https:\/\/jsuisvert.com\/wp-content\/uploads\/2015\/08\/Craftmen_Club_je-suis-vert-2-45-3-150x150.jpg 150w, https:\/\/jsuisvert.com\/wp-content\/uploads\/2015\/08\/Craftmen_Club_je-suis-vert-2-45-3-230x230.jpg 230w\" sizes=\"auto, (max-width: 150px) 100vw, 150px\" \/><\/a>\n\t\t\t<\/div><\/figure><figure class='gallery-item'>\n\t\t\t<div class='gallery-icon landscape'>\n\t\t\t\t<a href='https:\/\/jsuisvert.com\/?attachment_id=499'><img loading=\"lazy\" decoding=\"async\" width=\"150\" height=\"150\" src=\"https:\/\/jsuisvert.com\/wp-content\/uploads\/2015\/08\/Craftmen_Club_je-suis-vert-2-45-4-150x150.jpg\" class=\"attachment-thumbnail size-thumbnail\" alt=\"\" srcset=\"https:\/\/jsuisvert.com\/wp-content\/uploads\/2015\/08\/Craftmen_Club_je-suis-vert-2-45-4-150x150.jpg 150w, https:\/\/jsuisvert.com\/wp-content\/uploads\/2015\/08\/Craftmen_Club_je-suis-vert-2-45-4-230x230.jpg 230w\" sizes=\"auto, (max-width: 150px) 100vw, 150px\" \/><\/a>\n\t\t\t<\/div><\/figure>\n\t\t<\/div>\n\n","protected":false},"excerpt":{"rendered":"<p>&nbsp; The CRAFTMEN CLUB Depuis 15 ans, THE CRAFTMEN CLUB se bagarre sur le front du Rock&rsquo;n&rsquo;Roll avec une \u00e9nergie &hellip; <a href=\"https:\/\/jsuisvert.com\/?page_id=405\" class=\"more-link\">Continue reading <span class=\"screen-reader-text\">Craftmen Club<\/span><\/a><\/p>\n","protected":false},"author":1,"featured_media":0,"parent":312,"menu_order":0,"comment_status":"closed","ping_status":"open","template":"","meta":{"footnotes":""},"class_list":["post-405","page","type-page","status-publish","hentry"],"_links":{"self":[{"href":"https:\/\/jsuisvert.com\/index.php?rest_route=\/wp\/v2\/pages\/405","targetHints":{"allow":["GET"]}}],"collection":[{"href":"https:\/\/jsuisvert.com\/index.php?rest_route=\/wp\/v2\/pages"}],"about":[{"href":"https:\/\/jsuisvert.com\/index.php?rest_route=\/wp\/v2\/types\/page"}],"author":[{"embeddable":true,"href":"https:\/\/jsuisvert.com\/index.php?rest_route=\/wp\/v2\/users\/1"}],"replies":[{"embeddable":true,"href":"https:\/\/jsuisvert.com\/index.php?rest_route=%2Fwp%2Fv2%2Fcomments&post=405"}],"version-history":[{"count":4,"href":"https:\/\/jsuisvert.com\/index.php?rest_route=\/wp\/v2\/pages\/405\/revisions"}],"predecessor-version":[{"id":512,"href":"https:\/\/jsuisvert.com\/index.php?rest_route=\/wp\/v2\/pages\/405\/revisions\/512"}],"up":[{"embeddable":true,"href":"https:\/\/jsuisvert.com\/index.php?rest_route=\/wp\/v2\/pages\/312"}],"wp:attachment":[{"href":"https:\/\/jsuisvert.com\/index.php?rest_route=%2Fwp%2Fv2%2Fmedia&parent=405"}],"curies":[{"name":"wp","href":"https:\/\/api.w.org\/{rel}","templated":true}]}}