{"id":312,"date":"2015-04-08T13:03:47","date_gmt":"2015-04-08T12:03:47","guid":{"rendered":"http:\/\/jsuisvert.com\/wordpress\/?page_id=312"},"modified":"2022-04-22T09:55:20","modified_gmt":"2022-04-22T07:55:20","slug":"2015-2","status":"publish","type":"page","link":"https:\/\/jsuisvert.com\/?page_id=312","title":{"rendered":"J&rsquo;suis vert #2 (2015)"},"content":{"rendered":"<p><a href=\"http:\/\/jsuisvert.com\/wp-content\/uploads\/2018\/04\/logo-Jsuisvert-2.png\"><img loading=\"lazy\" decoding=\"async\" class=\"wp-image-739 aligncenter\" src=\"http:\/\/jsuisvert.com\/wp-content\/uploads\/2018\/04\/logo-Jsuisvert-2-298x300.png\" alt=\"\" width=\"455\" height=\"458\" srcset=\"https:\/\/jsuisvert.com\/wp-content\/uploads\/2018\/04\/logo-Jsuisvert-2-298x300.png 298w, https:\/\/jsuisvert.com\/wp-content\/uploads\/2018\/04\/logo-Jsuisvert-2-150x150.png 150w, https:\/\/jsuisvert.com\/wp-content\/uploads\/2018\/04\/logo-Jsuisvert-2-768x774.png 768w, https:\/\/jsuisvert.com\/wp-content\/uploads\/2018\/04\/logo-Jsuisvert-2.png 788w\" sizes=\"auto, (max-width: 455px) 100vw, 455px\" \/><\/a><\/p>\n<h1>Programme :<\/h1>\n<p>&nbsp;<\/p>\n<h2>Superets en DJ Set<\/h2>\n<p>Les SUPERETS avaient mis l&rsquo;ambiance lors de la 1\u00e8re \u00e9dition. Accros au vert, ils reviennent en formation DJ Set avec la ferme intention de d\u00e9m\u00e9nager plut\u00f4t que de meubler.<\/p>\n<p><iframe loading=\"lazy\" title=\"Superets - 160 caract\u00e8res pour te dire adieu\" width=\"1140\" height=\"641\" src=\"https:\/\/www.youtube.com\/embed\/4IcMNxqo1UU?feature=oembed\" frameborder=\"0\" allow=\"accelerometer; autoplay; clipboard-write; encrypted-media; gyroscope; picture-in-picture; web-share\" allowfullscreen><\/iframe><\/p>\n<p>Plus de son&nbsp;:<\/p>\n<ul>\n<li><a href=\"https:\/\/soundcloud.com\/superets\">https:\/\/soundcloud.com\/superets<\/a><\/li>\n<\/ul>\n<hr>\n<p>&nbsp;<\/p>\n<h2>Moongazer<\/h2>\n<p>\u00ab&nbsp;<em>Trio rock form\u00e9 avant l\u2019\u00e9t\u00e9 2012, Moongazer se construit un univers homog\u00e8ne, influenc\u00e9 le rock ind\u00e9 des ann\u00e9es 90 teint\u00e9 de cold wave. Les compos toujours m\u00e9lodiques, mais assur\u00e9ment rock par le son et l\u2019\u00e9nergie, racontent des histoires inspir\u00e9es par les d\u00e9rives et faits divers de notre soci\u00e9t\u00e9. A d\u00e9couvrir absolument\u2026<\/em>&nbsp;\u00bb<\/p>\n<p>Source: Les inrocks<\/p>\n<p><iframe loading=\"lazy\" title=\"MOONGAZER - Procuration Life\" width=\"1140\" height=\"641\" src=\"https:\/\/www.youtube.com\/embed\/mzIU6HsK1js?feature=oembed\" frameborder=\"0\" allow=\"accelerometer; autoplay; clipboard-write; encrypted-media; gyroscope; picture-in-picture; web-share\" allowfullscreen><\/iframe><\/p>\n<p>Plus de son :<\/p>\n<ul>\n<li><a href=\"https:\/\/fr-fr.facebook.com\/pages\/Moongazer\/763881250304004\">https:\/\/fr-fr.facebook.com\/pages\/Moongazer\/763881250304004<\/a><\/li>\n<\/ul>\n<p>&nbsp;<\/p>\n<hr>\n<h2><\/h2>\n<h2>Craftmen Club<\/h2>\n<p>Depuis 15 ans, THE CRAFTMEN CLUB se bagarre sur le front du Rock\u2019n\u2019Roll avec une \u00e9nergie sc\u00e9nique hors norme, beaucoup de syst\u00e8me D et une foi indestructible dans le Rock\u2019n\u2019Roll.<\/p>\n<p>Leur dernier album, Eternal Life, est une vraie p\u00e9pite, rugueuse mais m\u00e9lodieuse \u00e0 souhait.<\/p>\n<p><iframe loading=\"lazy\" title=\"The Craftmen Club - ANIMALS\" width=\"1140\" height=\"641\" src=\"https:\/\/www.youtube.com\/embed\/gZ-9BqbBHVo?feature=oembed\" frameborder=\"0\" allow=\"accelerometer; autoplay; clipboard-write; encrypted-media; gyroscope; picture-in-picture; web-share\" allowfullscreen><\/iframe><\/p>\n<p>Plus de son&nbsp;:<\/p>\n<ul>\n<li><a href=\"http:\/\/www.thecraftmenclub.com\/\">http:\/\/www.thecraftmenclub.com\/<\/a><\/li>\n<\/ul>\n<p>&nbsp;<\/p>\n<hr>\n<p>&nbsp;<\/p>\n<h2>Bikini Machine<\/h2>\n<p>Bang On Time, le nouvel album de Bikini Machine est sorti \u00e0 la fin de l\u2019an dernier et tourne boucle sur les (bonnes) radios. Comme le groupe le souligne, c\u2019est \u00ab&nbsp;<em>un album qui va droit au but. Un album d<\/em><em>\u2019<\/em><em>\u00e0<\/em><em> peine plus de 30 minutes qui a le temps de vous transporter du dancefloor aux ruelles sombres d<\/em><em>\u2019<\/em><em>un film noir en un clin d<\/em><em>\u2019<\/em><em>\u0153<\/em><em>il<\/em>.&nbsp;\u00bb<\/p>\n<p><iframe loading=\"lazy\" title=\"Bikini Machine - Stop All Jerk - [Official Video Clip]\" width=\"1140\" height=\"641\" src=\"https:\/\/www.youtube.com\/embed\/pMtuXPAm9zs?feature=oembed\" frameborder=\"0\" allow=\"accelerometer; autoplay; clipboard-write; encrypted-media; gyroscope; picture-in-picture; web-share\" allowfullscreen><\/iframe><\/p>\n<p>Plus de son&nbsp;:<\/p>\n<ul>\n<li><a href=\"http:\/\/www.bikinimachine.net\/\">http:\/\/www.bikinimachine.net\/<\/a><\/li>\n<\/ul>\n<hr>\n<p>&nbsp;<\/p>\n","protected":false},"excerpt":{"rendered":"<p>Programme : &nbsp; Superets en DJ Set Les SUPERETS avaient mis l&rsquo;ambiance lors de la 1\u00e8re \u00e9dition. Accros au vert, &hellip; <a href=\"https:\/\/jsuisvert.com\/?page_id=312\" class=\"more-link\">Continue reading <span class=\"screen-reader-text\">J&rsquo;suis vert #2 (2015)<\/span><\/a><\/p>\n","protected":false},"author":1,"featured_media":0,"parent":0,"menu_order":0,"comment_status":"closed","ping_status":"closed","template":"","meta":{"footnotes":""},"class_list":["post-312","page","type-page","status-publish","hentry"],"_links":{"self":[{"href":"https:\/\/jsuisvert.com\/index.php?rest_route=\/wp\/v2\/pages\/312","targetHints":{"allow":["GET"]}}],"collection":[{"href":"https:\/\/jsuisvert.com\/index.php?rest_route=\/wp\/v2\/pages"}],"about":[{"href":"https:\/\/jsuisvert.com\/index.php?rest_route=\/wp\/v2\/types\/page"}],"author":[{"embeddable":true,"href":"https:\/\/jsuisvert.com\/index.php?rest_route=\/wp\/v2\/users\/1"}],"replies":[{"embeddable":true,"href":"https:\/\/jsuisvert.com\/index.php?rest_route=%2Fwp%2Fv2%2Fcomments&post=312"}],"version-history":[{"count":20,"href":"https:\/\/jsuisvert.com\/index.php?rest_route=\/wp\/v2\/pages\/312\/revisions"}],"predecessor-version":[{"id":1747,"href":"https:\/\/jsuisvert.com\/index.php?rest_route=\/wp\/v2\/pages\/312\/revisions\/1747"}],"wp:attachment":[{"href":"https:\/\/jsuisvert.com\/index.php?rest_route=%2Fwp%2Fv2%2Fmedia&parent=312"}],"curies":[{"name":"wp","href":"https:\/\/api.w.org\/{rel}","templated":true}]}}