{"id":300,"date":"2015-04-08T12:46:47","date_gmt":"2015-04-08T11:46:47","guid":{"rendered":"http:\/\/jsuisvert.com\/wordpress\/?page_id=300"},"modified":"2022-04-22T09:55:37","modified_gmt":"2022-04-22T07:55:37","slug":"jsuisvert-1","status":"publish","type":"page","link":"https:\/\/jsuisvert.com\/?page_id=300","title":{"rendered":"J&rsquo;suis vert #1 (edition 2014)"},"content":{"rendered":"<h1><img loading=\"lazy\" decoding=\"async\" class=\"wp-image-739 aligncenter\" src=\"http:\/\/jsuisvert.com\/wp-content\/uploads\/2018\/04\/logo-Jsuisvert-2-298x300.png\" alt=\"\" width=\"487\" height=\"490\" srcset=\"https:\/\/jsuisvert.com\/wp-content\/uploads\/2018\/04\/logo-Jsuisvert-2-298x300.png 298w, https:\/\/jsuisvert.com\/wp-content\/uploads\/2018\/04\/logo-Jsuisvert-2-150x150.png 150w, https:\/\/jsuisvert.com\/wp-content\/uploads\/2018\/04\/logo-Jsuisvert-2-768x774.png 768w, https:\/\/jsuisvert.com\/wp-content\/uploads\/2018\/04\/logo-Jsuisvert-2-230x230.png 230w, https:\/\/jsuisvert.com\/wp-content\/uploads\/2018\/04\/logo-Jsuisvert-2.png 788w\" sizes=\"auto, (max-width: 487px) 100vw, 487px\" \/>J&rsquo;SUIS VERT#1 &#8211; 2014, retour sur cette premi\u00e8re \u00e9dition<\/h1>\n<h2 style=\"text-align: left;\">Manceau<\/h2>\n<p style=\"text-align: center;\"><a href=\"https:\/\/www.youtube.com\/watch?v=K7SNGG50VSU&amp;has_verified=1\" target=\"_blank\" rel=\"noopener noreferrer\"><img loading=\"lazy\" decoding=\"async\" class=\"alignnone wp-image-1341 size-large\" src=\"http:\/\/jsuisvert.com\/wp-content\/uploads\/2019\/03\/Visuel_Manceau_jsuisvert-1024x751.png\" alt=\"\" width=\"700\" height=\"513\" srcset=\"https:\/\/jsuisvert.com\/wp-content\/uploads\/2019\/03\/Visuel_Manceau_jsuisvert-1024x751.png 1024w, https:\/\/jsuisvert.com\/wp-content\/uploads\/2019\/03\/Visuel_Manceau_jsuisvert-300x220.png 300w, https:\/\/jsuisvert.com\/wp-content\/uploads\/2019\/03\/Visuel_Manceau_jsuisvert-768x563.png 768w, https:\/\/jsuisvert.com\/wp-content\/uploads\/2019\/03\/Visuel_Manceau_jsuisvert.png 1500w\" sizes=\"auto, (max-width: 700px) 100vw, 700px\" \/><\/a><\/p>\n<p style=\"text-align: center;\">\u00ab\u00a0Un jeune quatuor pop originaire de Rennes \u00e0 suivre de tr\u00e8s pr\u00e8s.<\/p>\n<p style=\"text-align: center;\">Compos\u00e9 de jeunes artistes du nom de Julien Vignon, Vincent Roux, Samuel Chapelain et Fran\u00e7ois Lemercier, \u00ab\u00a0le groupe a sorti son tout 1er disque en 2012 celui-ci est intitul\u00e9 \u00ab\u00a0Life Traffic Jam\u00a0\u00bb.<\/p>\n<p style=\"text-align: center;\">\u00ab\u00a0Le 1er extrait de leur album \u00ab\u00a0Full Time Job\u00a0\u00bb est pr\u00e9sent\u00e9 dans un clip qui \u00ab\u00a0permet de faire connaissance avec le groupe et leur humour.<\/p>\n<p style=\"text-align: center;\"><span style=\"color: #008000;\">Cliquez sur la pochette de \u00ab\u00a0Full time job\u00a0\u00bb pour faire leur connaissance<\/span><\/p>\n<p><a href=\"http:\/\/www.chartsinfrance.net\/Manceau\/news-77720.html\">Source<\/a><\/p>\n<h2><\/h2>\n<h2><\/h2>\n<h2><\/h2>\n<h2>Superets<\/h2>\n<p style=\"text-align: center;\"><a href=\"http:\/\/jsuisvert.com\/wp-content\/uploads\/2015\/04\/P2014_05_22_Jsuis-vert-1_RP-44.jpg\" target=\"_blank\" rel=\"noopener noreferrer\"><img loading=\"lazy\" decoding=\"async\" class=\"alignnone wp-image-254 size-full\" src=\"http:\/\/jsuisvert.com\/wp-content\/uploads\/2015\/04\/P2014_05_22_Jsuis-vert-1_RP-44.jpg\" alt=\"\" width=\"3870\" height=\"2575\" srcset=\"https:\/\/jsuisvert.com\/wp-content\/uploads\/2015\/04\/P2014_05_22_Jsuis-vert-1_RP-44.jpg 3870w, https:\/\/jsuisvert.com\/wp-content\/uploads\/2015\/04\/P2014_05_22_Jsuis-vert-1_RP-44-300x200.jpg 300w, https:\/\/jsuisvert.com\/wp-content\/uploads\/2015\/04\/P2014_05_22_Jsuis-vert-1_RP-44-1024x681.jpg 1024w\" sizes=\"auto, (max-width: 3870px) 100vw, 3870px\" \/><\/a><\/p>\n<p style=\"text-align: center;\">Gar\u00e7ons malins aux vapeurs de twist, L\u00e9o, Hugo, Romain et Fran\u00e7ois \u2014 92 ans \u00e0 eux quatre, toutes leurs dents et de l\u2019amour \u00e0 revendre \u2014 empilent guitares surf, claviers Jacno et textes en fran\u00e7ais, pour un m\u00e9lange, comme ils disent, \u00ab\u00a0y\u00e9y\u00e9tronique\u00a0\u00bb.<\/p>\n<p><span style=\"color: #008000;\">Acc\u00e9dez \u00e0 leur d\u00e9lirante vid\u00e9o en cliquant sur le torse velu de Hugo<\/span><\/p>\n<p><a href=\"https:\/\/www.lesdisquesentreprise.fr\/shop-physical\/superets-160-caractres-pour-te-dire-adieu-vinyle-10\" target=\"_blank\" rel=\"noopener noreferrer\">Source<\/a><\/p>\n<h2>La soir\u00e9e avec DJ Freshh<\/h2>\n<p><a href=\"https:\/\/www.youtube.com\/watch?v=6nYVxmocTOo\" target=\"_blank\" rel=\"noopener noreferrer\"><img loading=\"lazy\" decoding=\"async\" class=\"wp-image-765 alignleft\" src=\"http:\/\/jsuisvert.com\/wp-content\/uploads\/2018\/04\/dj-fresh.jpg\" alt=\"\" width=\"335\" height=\"335\" srcset=\"https:\/\/jsuisvert.com\/wp-content\/uploads\/2018\/04\/dj-fresh.jpg 200w, https:\/\/jsuisvert.com\/wp-content\/uploads\/2018\/04\/dj-fresh-150x150.jpg 150w\" sizes=\"auto, (max-width: 335px) 100vw, 335px\" \/><\/a><\/p>\n<p style=\"text-align: center;\">Dj Freshh est l&rsquo;un des principaux membres du groupe de drum and bass Bad Company avec Darren White (dBridge), Jason Maldini, et Michael Wojcicki (Vegas).<\/p>\n<p style=\"text-align: center;\">Il dirige \u00e9galement son propre label de drum and bass, Breakbeat Kaos,<\/p>\n<p><span style=\"color: #008000;\">Ecoutez ses musiques en cliquant sur la photo!<\/span><\/p>\n<p><a href=\"https:\/\/fr.wikipedia.org\/wiki\/DJ_Fresh\" target=\"_blank\" rel=\"noopener noreferrer\">Source<\/a><\/p>\n<h1>Retrouvez les photos de l&rsquo;\u00e9v\u00e8nement avec les sous-onglets et RENDEZ VOUS \u00e0 #2<\/h1>\n","protected":false},"excerpt":{"rendered":"<p>J&rsquo;SUIS VERT#1 &#8211; 2014, retour sur cette premi\u00e8re \u00e9dition Manceau \u00ab\u00a0Un jeune quatuor pop originaire de Rennes \u00e0 suivre de &hellip; <a href=\"https:\/\/jsuisvert.com\/?page_id=300\" class=\"more-link\">Continue reading <span class=\"screen-reader-text\">J&rsquo;suis vert #1 (edition 2014)<\/span><\/a><\/p>\n","protected":false},"author":1,"featured_media":296,"parent":0,"menu_order":0,"comment_status":"closed","ping_status":"closed","template":"","meta":{"footnotes":""},"class_list":["post-300","page","type-page","status-publish","has-post-thumbnail","hentry"],"_links":{"self":[{"href":"https:\/\/jsuisvert.com\/index.php?rest_route=\/wp\/v2\/pages\/300","targetHints":{"allow":["GET"]}}],"collection":[{"href":"https:\/\/jsuisvert.com\/index.php?rest_route=\/wp\/v2\/pages"}],"about":[{"href":"https:\/\/jsuisvert.com\/index.php?rest_route=\/wp\/v2\/types\/page"}],"author":[{"embeddable":true,"href":"https:\/\/jsuisvert.com\/index.php?rest_route=\/wp\/v2\/users\/1"}],"replies":[{"embeddable":true,"href":"https:\/\/jsuisvert.com\/index.php?rest_route=%2Fwp%2Fv2%2Fcomments&post=300"}],"version-history":[{"count":29,"href":"https:\/\/jsuisvert.com\/index.php?rest_route=\/wp\/v2\/pages\/300\/revisions"}],"predecessor-version":[{"id":1748,"href":"https:\/\/jsuisvert.com\/index.php?rest_route=\/wp\/v2\/pages\/300\/revisions\/1748"}],"wp:featuredmedia":[{"embeddable":true,"href":"https:\/\/jsuisvert.com\/index.php?rest_route=\/wp\/v2\/media\/296"}],"wp:attachment":[{"href":"https:\/\/jsuisvert.com\/index.php?rest_route=%2Fwp%2Fv2%2Fmedia&parent=300"}],"curies":[{"name":"wp","href":"https:\/\/api.w.org\/{rel}","templated":true}]}}