{"id":2825,"date":"2026-04-16T14:35:18","date_gmt":"2026-04-16T12:35:18","guid":{"rendered":"https:\/\/jsuisvert.com\/?page_id=2825"},"modified":"2026-04-16T14:35:18","modified_gmt":"2026-04-16T12:35:18","slug":"jsuis-vert-11","status":"publish","type":"page","link":"https:\/\/jsuisvert.com\/?page_id=2825","title":{"rendered":"J&rsquo;Suis Vert #11"},"content":{"rendered":"\n<figure class=\"wp-block-gallery has-nested-images columns-default is-cropped wp-block-gallery-1 is-layout-flex wp-block-gallery-is-layout-flex\">\n<figure class=\"wp-block-image size-full\"><img loading=\"lazy\" decoding=\"async\" width=\"512\" height=\"512\" data-id=\"1964\" src=\"http:\/\/jsuisvert.com\/wp-content\/uploads\/2022\/03\/cropped-JSUIS-VERT.png\" alt=\"\" class=\"wp-image-1964\" srcset=\"https:\/\/jsuisvert.com\/wp-content\/uploads\/2022\/03\/cropped-JSUIS-VERT.png 512w, https:\/\/jsuisvert.com\/wp-content\/uploads\/2022\/03\/cropped-JSUIS-VERT-300x300.png 300w, https:\/\/jsuisvert.com\/wp-content\/uploads\/2022\/03\/cropped-JSUIS-VERT-150x150.png 150w, https:\/\/jsuisvert.com\/wp-content\/uploads\/2022\/03\/cropped-JSUIS-VERT-116x116.png 116w, https:\/\/jsuisvert.com\/wp-content\/uploads\/2022\/03\/cropped-JSUIS-VERT-270x270.png 270w, https:\/\/jsuisvert.com\/wp-content\/uploads\/2022\/03\/cropped-JSUIS-VERT-192x192.png 192w, https:\/\/jsuisvert.com\/wp-content\/uploads\/2022\/03\/cropped-JSUIS-VERT-180x180.png 180w, https:\/\/jsuisvert.com\/wp-content\/uploads\/2022\/03\/cropped-JSUIS-VERT-32x32.png 32w\" sizes=\"auto, (max-width: 512px) 100vw, 512px\" \/><\/figure>\n<\/figure>\n\n\n\n<h2 class=\"wp-block-heading has-text-align-center has-white-color has-black-background-color has-text-color has-background has-link-color wp-elements-f289eb3c001c9a50deb1eb02959b3f66\">PROGRAMMATION pour le Festival J&rsquo;Suis Vert ! #11<\/h2>\n\n\n\n<p><\/p>\n\n\n\n<h2 class=\"wp-block-heading has-text-align-center has-white-color has-black-background-color has-text-color has-background has-link-color wp-elements-a6082e9de50c501f01d0d0bf4d05dd33\">La 11\u00e8me \u00e9dition du festival J\u2019SuisVert! se d\u00e9roulera le Vendredi 29 mai 2026 \u00e0 la Factory Ballroom, 4A rue des Buttes \u00e0 Cesson-S\u00e9vign\u00e9.<\/h2>\n\n\n\n<h2 class=\"wp-block-heading has-text-align-center has-white-color has-black-background-color has-text-color has-background has-link-color wp-elements-1343ec1c2457ebd06bb55f80ad44be90\">Au programme de J\u2019SuisVert #11<\/h2>\n\n\n\n<h2 class=\"wp-block-heading has-text-align-center has-white-color has-black-background-color has-text-color has-background has-link-color wp-elements-d2b4a7136cda8422b2eda6f507563f56\">ap\u00e9ro-d\u00eenatoire et de la bonne musique electro-rock avec plusieurs groupes et DJ de la sc\u00e8ne Hexagonal<\/h2>\n\n\n\n<h1 class=\"wp-block-heading has-text-align-center has-text-color has-x-large-font-size\" style=\"color:#99cc33\">PURE<\/h1>\n\n\n\n<h1 class=\"wp-block-heading has-text-align-center has-text-color has-x-large-font-size\" style=\"color:#99cc33\">MAC&amp;WESTER<\/h1>\n\n\n\n<h1 class=\"wp-block-heading has-text-align-center has-text-color has-x-large-font-size\" style=\"color:#99cc33\">DJ PROSPER<\/h1>\n\n\n\n<p class=\"has-text-align-center has-text-color has-medium-font-size\" style=\"color:#99cc33\"><\/p>\n\n\n\n<p class=\"has-text-align-center\"><\/p>\n","protected":false},"excerpt":{"rendered":"<p>PROGRAMMATION pour le Festival J&rsquo;Suis Vert ! #11 La 11\u00e8me \u00e9dition du festival J\u2019SuisVert! se d\u00e9roulera le Vendredi 29 mai &hellip; <a href=\"https:\/\/jsuisvert.com\/?page_id=2825\" class=\"more-link\">Continue reading <span class=\"screen-reader-text\">J&rsquo;Suis Vert #11<\/span><\/a><\/p>\n","protected":false},"author":6,"featured_media":0,"parent":0,"menu_order":0,"comment_status":"closed","ping_status":"closed","template":"","meta":{"footnotes":""},"class_list":["post-2825","page","type-page","status-publish","hentry"],"_links":{"self":[{"href":"https:\/\/jsuisvert.com\/index.php?rest_route=\/wp\/v2\/pages\/2825","targetHints":{"allow":["GET"]}}],"collection":[{"href":"https:\/\/jsuisvert.com\/index.php?rest_route=\/wp\/v2\/pages"}],"about":[{"href":"https:\/\/jsuisvert.com\/index.php?rest_route=\/wp\/v2\/types\/page"}],"author":[{"embeddable":true,"href":"https:\/\/jsuisvert.com\/index.php?rest_route=\/wp\/v2\/users\/6"}],"replies":[{"embeddable":true,"href":"https:\/\/jsuisvert.com\/index.php?rest_route=%2Fwp%2Fv2%2Fcomments&post=2825"}],"version-history":[{"count":1,"href":"https:\/\/jsuisvert.com\/index.php?rest_route=\/wp\/v2\/pages\/2825\/revisions"}],"predecessor-version":[{"id":2826,"href":"https:\/\/jsuisvert.com\/index.php?rest_route=\/wp\/v2\/pages\/2825\/revisions\/2826"}],"wp:attachment":[{"href":"https:\/\/jsuisvert.com\/index.php?rest_route=%2Fwp%2Fv2%2Fmedia&parent=2825"}],"curies":[{"name":"wp","href":"https:\/\/api.w.org\/{rel}","templated":true}]}}