{"id":2819,"date":"2026-04-16T14:30:59","date_gmt":"2026-04-16T12:30:59","guid":{"rendered":"https:\/\/jsuisvert.com\/?page_id=2819"},"modified":"2026-04-16T15:25:14","modified_gmt":"2026-04-16T13:25:14","slug":"dj-prosper-de-retour-pour-cette-11eme-edition","status":"publish","type":"page","link":"https:\/\/jsuisvert.com\/?page_id=2819","title":{"rendered":"DJ PROSPER de retour pour cette 11\u00e8me \u00c9DITION"},"content":{"rendered":"\n<p><\/p>\n\n\n\n<figure class=\"wp-block-gallery has-nested-images columns-1 is-cropped wp-block-gallery-1 is-layout-flex wp-block-gallery-is-layout-flex\">\n<figure class=\"wp-block-image size-large is-style-default\"><a href=\"https:\/\/jsuisvert.com\/wp-content\/uploads\/2025\/06\/JSUIS-VERT-10-Jean-Adrien-Morandeau-122-scaled.jpg\"><img loading=\"lazy\" decoding=\"async\" width=\"1024\" height=\"681\" data-id=\"2738\" src=\"https:\/\/jsuisvert.com\/wp-content\/uploads\/2025\/06\/JSUIS-VERT-10-Jean-Adrien-Morandeau-122-1024x681.jpg\" alt=\"\" class=\"wp-image-2738\" srcset=\"https:\/\/jsuisvert.com\/wp-content\/uploads\/2025\/06\/JSUIS-VERT-10-Jean-Adrien-Morandeau-122-1024x681.jpg 1024w, https:\/\/jsuisvert.com\/wp-content\/uploads\/2025\/06\/JSUIS-VERT-10-Jean-Adrien-Morandeau-122-300x200.jpg 300w, https:\/\/jsuisvert.com\/wp-content\/uploads\/2025\/06\/JSUIS-VERT-10-Jean-Adrien-Morandeau-122-768x511.jpg 768w, https:\/\/jsuisvert.com\/wp-content\/uploads\/2025\/06\/JSUIS-VERT-10-Jean-Adrien-Morandeau-122-1536x1022.jpg 1536w, https:\/\/jsuisvert.com\/wp-content\/uploads\/2025\/06\/JSUIS-VERT-10-Jean-Adrien-Morandeau-122-2048x1363.jpg 2048w, https:\/\/jsuisvert.com\/wp-content\/uploads\/2025\/06\/JSUIS-VERT-10-Jean-Adrien-Morandeau-122-500x333.jpg 500w, https:\/\/jsuisvert.com\/wp-content\/uploads\/2025\/06\/JSUIS-VERT-10-Jean-Adrien-Morandeau-122-800x532.jpg 800w, https:\/\/jsuisvert.com\/wp-content\/uploads\/2025\/06\/JSUIS-VERT-10-Jean-Adrien-Morandeau-122-1280x852.jpg 1280w\" sizes=\"auto, (max-width: 1024px) 100vw, 1024px\" \/><\/a><\/figure>\n\n\n\n<figure class=\"wp-block-image size-full\"><a href=\"http:\/\/jsuisvert.com\/wp-content\/uploads\/2026\/04\/DJ-PROSPER.png\"><img loading=\"lazy\" decoding=\"async\" width=\"960\" height=\"389\" data-id=\"2820\" src=\"http:\/\/jsuisvert.com\/wp-content\/uploads\/2026\/04\/DJ-PROSPER.png\" alt=\"\" class=\"wp-image-2820\" srcset=\"https:\/\/jsuisvert.com\/wp-content\/uploads\/2026\/04\/DJ-PROSPER.png 960w, https:\/\/jsuisvert.com\/wp-content\/uploads\/2026\/04\/DJ-PROSPER-300x122.png 300w, https:\/\/jsuisvert.com\/wp-content\/uploads\/2026\/04\/DJ-PROSPER-768x311.png 768w, https:\/\/jsuisvert.com\/wp-content\/uploads\/2026\/04\/DJ-PROSPER-500x203.png 500w, https:\/\/jsuisvert.com\/wp-content\/uploads\/2026\/04\/DJ-PROSPER-800x324.png 800w, https:\/\/jsuisvert.com\/wp-content\/uploads\/2026\/04\/DJ-PROSPER-228x92.png 228w\" sizes=\"auto, (max-width: 960px) 100vw, 960px\" \/><\/a><\/figure>\n<\/figure>\n\n\n\n<div class=\"wp-block-group is-vertical is-nowrap is-layout-flex wp-container-core-group-is-layout-3 wp-block-group-is-layout-flex\">\n<div class=\"wp-block-group\"><div class=\"wp-block-group__inner-container is-layout-constrained wp-block-group-is-layout-constrained\">\n<p class=\"has-white-color has-black-background-color has-text-color has-background has-link-color wp-elements-e22c2c58fe15d25b589083ceb19c429c wp-container-content-1\" style=\"font-size:20px\"><br>Le Prosp\u2019 a \u00e9cum\u00e9 tout les clubs parisiens (Rex Club, La Belleviloise, Le Batofar, Nouveau Casino, La Machine du Moulin Rouge, Glaz\u2019Art, L\u2019Alimentation G\u00e9n\u00e9rale, Le Social, La Java etc.) et fait le tour des plus gros festivals fran\u00e7ais comme les Transmusicales de Rennes (2007 et 2013), Le Printemps de Bourges (2013 et 2014), Les Nuits Sonores (Lyon \/ 2007), Nordik Impakt (Caen \/ 2004 et 2007), Nancy Jazz Pulsations (2005), Rayon Frais (Tours \/ 2014), Les Z\u2019Eclectics (Cholet), Fest\u2019Bouc ( Lyon 2013-2014 ) et la liste est encore longue\u2026<br>La Prosper\u2019s Touch s\u2019exporte en Europe (l\u2019Italie, l\u2019Allemagne, l\u2019Espagne, Angleterre, Portugal) et au-del\u00e0 (Chine, Lituanie, La R\u00e9union et Le Maroc) o\u00f9 le public tremble r\u00e9guli\u00e8rement sous ses basses vrombissantes.<\/p>\n<\/div><\/div>\n\n\n\n<div class=\"wp-block-group is-nowrap is-layout-flex wp-container-core-group-is-layout-2 wp-block-group-is-layout-flex\">\n<figure class=\"wp-block-image size-large is-style-rounded\"><a href=\"https:\/\/jsuisvert.com\/wp-content\/uploads\/2025\/04\/\u252c\u00ae-Gilles-Delacuvellerie-131-1.jpg\"><img loading=\"lazy\" decoding=\"async\" width=\"1024\" height=\"1024\" src=\"https:\/\/jsuisvert.com\/wp-content\/uploads\/2025\/04\/\u252c\u00ae-Gilles-Delacuvellerie-131-1-1024x1024.jpg\" alt=\"\" class=\"wp-image-2678\" srcset=\"https:\/\/jsuisvert.com\/wp-content\/uploads\/2025\/04\/\u252c\u00ae-Gilles-Delacuvellerie-131-1-1024x1024.jpg 1024w, https:\/\/jsuisvert.com\/wp-content\/uploads\/2025\/04\/\u252c\u00ae-Gilles-Delacuvellerie-131-1-300x300.jpg 300w, https:\/\/jsuisvert.com\/wp-content\/uploads\/2025\/04\/\u252c\u00ae-Gilles-Delacuvellerie-131-1-150x150.jpg 150w, https:\/\/jsuisvert.com\/wp-content\/uploads\/2025\/04\/\u252c\u00ae-Gilles-Delacuvellerie-131-1-768x768.jpg 768w, https:\/\/jsuisvert.com\/wp-content\/uploads\/2025\/04\/\u252c\u00ae-Gilles-Delacuvellerie-131-1-1536x1536.jpg 1536w, https:\/\/jsuisvert.com\/wp-content\/uploads\/2025\/04\/\u252c\u00ae-Gilles-Delacuvellerie-131-1-500x500.jpg 500w, https:\/\/jsuisvert.com\/wp-content\/uploads\/2025\/04\/\u252c\u00ae-Gilles-Delacuvellerie-131-1-800x800.jpg 800w, https:\/\/jsuisvert.com\/wp-content\/uploads\/2025\/04\/\u252c\u00ae-Gilles-Delacuvellerie-131-1-1280x1280.jpg 1280w, https:\/\/jsuisvert.com\/wp-content\/uploads\/2025\/04\/\u252c\u00ae-Gilles-Delacuvellerie-131-1-1920x1920.jpg 1920w, https:\/\/jsuisvert.com\/wp-content\/uploads\/2025\/04\/\u252c\u00ae-Gilles-Delacuvellerie-131-1-116x116.jpg 116w, https:\/\/jsuisvert.com\/wp-content\/uploads\/2025\/04\/\u252c\u00ae-Gilles-Delacuvellerie-131-1.jpg 2000w\" sizes=\"auto, (max-width: 1024px) 100vw, 1024px\" \/><\/a><\/figure>\n<\/div>\n\n\n\n<p class=\"has-white-color has-black-background-color has-text-color has-background has-link-color wp-elements-efd246ab31cbe0000bf3dcacbb466ac3\" style=\"font-size:20px\"><br><mark style=\"background-color:rgba(0, 0, 0, 0)\" class=\"has-inline-color has-white-color\">Niveau production, notre diable moustachu n\u2019est pas en reste puisque non content de signer des productions electro sur la cr\u00e8me des labels fran\u00e7ais (Expressillon, Boxon, Perce Oreille), signalons que des labels anglais, allemands<br>ou am\u00e9ricains (Bombstrikes, Goodgroove, Manmade, Breakbeat Paradise, Howlin\u2019\u2026) font appel \u00e0 ses capacit\u00e9s de \u00abbootlegeur\u00bb pour des sorties vinyles plus funky.<\/mark><\/p>\n\n\n\n<p class=\"has-white-color has-black-background-color has-text-color has-background has-link-color wp-elements-d3adcfd63eb6a26c5c929f17b209b5f0 wp-container-content-2\" style=\"font-size:20px\">Si vous avez un sens de la d\u00e9rision \u00e0 toute \u00e9preuve et que vous aimez transpirer sur du bon son :<\/p>\n\n\n\n<h2 class=\"wp-block-heading has-white-color has-black-background-color has-text-color has-background has-link-color wp-elements-3219d7be3daf9e52d63bd87750f01e09 wp-container-content-3\" style=\"font-size:20px\">Prosper is The Man !<\/h2>\n\n\n\n<p><\/p>\n<\/div>\n\n\n<div class=\"wp-block-image\">\n<figure class=\"aligncenter size-large is-resized\"><a href=\"http:\/\/jsuisvert.com\/wp-content\/uploads\/2025\/04\/Javelle-Fait-Son-Cirque-88-par-Guillaume-Brunet-Lentz-Copie.jpg\"><img loading=\"lazy\" decoding=\"async\" width=\"1024\" height=\"683\" src=\"http:\/\/jsuisvert.com\/wp-content\/uploads\/2025\/04\/Javelle-Fait-Son-Cirque-88-par-Guillaume-Brunet-Lentz-Copie-1024x683.jpg\" alt=\"\" class=\"wp-image-2610\" style=\"aspect-ratio:1.7777777777777777;object-fit:cover;width:1035px;height:auto\" srcset=\"https:\/\/jsuisvert.com\/wp-content\/uploads\/2025\/04\/Javelle-Fait-Son-Cirque-88-par-Guillaume-Brunet-Lentz-Copie-1024x683.jpg 1024w, https:\/\/jsuisvert.com\/wp-content\/uploads\/2025\/04\/Javelle-Fait-Son-Cirque-88-par-Guillaume-Brunet-Lentz-Copie-300x200.jpg 300w, https:\/\/jsuisvert.com\/wp-content\/uploads\/2025\/04\/Javelle-Fait-Son-Cirque-88-par-Guillaume-Brunet-Lentz-Copie-768x512.jpg 768w, https:\/\/jsuisvert.com\/wp-content\/uploads\/2025\/04\/Javelle-Fait-Son-Cirque-88-par-Guillaume-Brunet-Lentz-Copie-1536x1024.jpg 1536w, https:\/\/jsuisvert.com\/wp-content\/uploads\/2025\/04\/Javelle-Fait-Son-Cirque-88-par-Guillaume-Brunet-Lentz-Copie-2048x1366.jpg 2048w, https:\/\/jsuisvert.com\/wp-content\/uploads\/2025\/04\/Javelle-Fait-Son-Cirque-88-par-Guillaume-Brunet-Lentz-Copie-500x333.jpg 500w, https:\/\/jsuisvert.com\/wp-content\/uploads\/2025\/04\/Javelle-Fait-Son-Cirque-88-par-Guillaume-Brunet-Lentz-Copie-800x533.jpg 800w, https:\/\/jsuisvert.com\/wp-content\/uploads\/2025\/04\/Javelle-Fait-Son-Cirque-88-par-Guillaume-Brunet-Lentz-Copie-1280x854.jpg 1280w, https:\/\/jsuisvert.com\/wp-content\/uploads\/2025\/04\/Javelle-Fait-Son-Cirque-88-par-Guillaume-Brunet-Lentz-Copie-1920x1280.jpg 1920w, https:\/\/jsuisvert.com\/wp-content\/uploads\/2025\/04\/Javelle-Fait-Son-Cirque-88-par-Guillaume-Brunet-Lentz-Copie-174x116.jpg 174w\" sizes=\"auto, (max-width: 1024px) 100vw, 1024px\" \/><\/a><\/figure><\/div>\n\n\n<figure class=\"wp-block-gallery has-nested-images columns-default is-cropped wp-block-gallery-2 is-layout-flex wp-block-gallery-is-layout-flex\">\n<figure class=\"wp-block-image size-large\"><a href=\"http:\/\/jsuisvert.com\/wp-content\/uploads\/2025\/04\/Prosper-Cyan-photo-Hugo-Nouzville.jpg\"><img loading=\"lazy\" decoding=\"async\" width=\"1024\" height=\"1024\" data-id=\"2618\" src=\"http:\/\/jsuisvert.com\/wp-content\/uploads\/2025\/04\/Prosper-Cyan-photo-Hugo-Nouzville-1024x1024.jpg\" alt=\"\" class=\"wp-image-2618\" srcset=\"https:\/\/jsuisvert.com\/wp-content\/uploads\/2025\/04\/Prosper-Cyan-photo-Hugo-Nouzville-1024x1024.jpg 1024w, https:\/\/jsuisvert.com\/wp-content\/uploads\/2025\/04\/Prosper-Cyan-photo-Hugo-Nouzville-300x300.jpg 300w, https:\/\/jsuisvert.com\/wp-content\/uploads\/2025\/04\/Prosper-Cyan-photo-Hugo-Nouzville-150x150.jpg 150w, https:\/\/jsuisvert.com\/wp-content\/uploads\/2025\/04\/Prosper-Cyan-photo-Hugo-Nouzville-768x768.jpg 768w, https:\/\/jsuisvert.com\/wp-content\/uploads\/2025\/04\/Prosper-Cyan-photo-Hugo-Nouzville-1536x1536.jpg 1536w, https:\/\/jsuisvert.com\/wp-content\/uploads\/2025\/04\/Prosper-Cyan-photo-Hugo-Nouzville-2048x2048.jpg 2048w, https:\/\/jsuisvert.com\/wp-content\/uploads\/2025\/04\/Prosper-Cyan-photo-Hugo-Nouzville-500x500.jpg 500w, https:\/\/jsuisvert.com\/wp-content\/uploads\/2025\/04\/Prosper-Cyan-photo-Hugo-Nouzville-800x800.jpg 800w, https:\/\/jsuisvert.com\/wp-content\/uploads\/2025\/04\/Prosper-Cyan-photo-Hugo-Nouzville-1280x1280.jpg 1280w, https:\/\/jsuisvert.com\/wp-content\/uploads\/2025\/04\/Prosper-Cyan-photo-Hugo-Nouzville-1920x1920.jpg 1920w, https:\/\/jsuisvert.com\/wp-content\/uploads\/2025\/04\/Prosper-Cyan-photo-Hugo-Nouzville-116x116.jpg 116w\" sizes=\"auto, (max-width: 1024px) 100vw, 1024px\" \/><\/a><\/figure>\n\n\n\n<figure class=\"wp-block-image size-large\"><a href=\"http:\/\/jsuisvert.com\/wp-content\/uploads\/2025\/04\/Prosper-@La-Rochelle-par-Hugo-Nouzville-4-Copie.jpg\"><img loading=\"lazy\" decoding=\"async\" width=\"1024\" height=\"1024\" data-id=\"2614\" src=\"http:\/\/jsuisvert.com\/wp-content\/uploads\/2025\/04\/Prosper-@La-Rochelle-par-Hugo-Nouzville-4-Copie-1024x1024.jpg\" alt=\"\" class=\"wp-image-2614\" srcset=\"https:\/\/jsuisvert.com\/wp-content\/uploads\/2025\/04\/Prosper-@La-Rochelle-par-Hugo-Nouzville-4-Copie-1024x1024.jpg 1024w, https:\/\/jsuisvert.com\/wp-content\/uploads\/2025\/04\/Prosper-@La-Rochelle-par-Hugo-Nouzville-4-Copie-300x300.jpg 300w, https:\/\/jsuisvert.com\/wp-content\/uploads\/2025\/04\/Prosper-@La-Rochelle-par-Hugo-Nouzville-4-Copie-150x150.jpg 150w, https:\/\/jsuisvert.com\/wp-content\/uploads\/2025\/04\/Prosper-@La-Rochelle-par-Hugo-Nouzville-4-Copie-768x768.jpg 768w, https:\/\/jsuisvert.com\/wp-content\/uploads\/2025\/04\/Prosper-@La-Rochelle-par-Hugo-Nouzville-4-Copie-1536x1536.jpg 1536w, https:\/\/jsuisvert.com\/wp-content\/uploads\/2025\/04\/Prosper-@La-Rochelle-par-Hugo-Nouzville-4-Copie-2048x2048.jpg 2048w, https:\/\/jsuisvert.com\/wp-content\/uploads\/2025\/04\/Prosper-@La-Rochelle-par-Hugo-Nouzville-4-Copie-500x500.jpg 500w, https:\/\/jsuisvert.com\/wp-content\/uploads\/2025\/04\/Prosper-@La-Rochelle-par-Hugo-Nouzville-4-Copie-800x800.jpg 800w, https:\/\/jsuisvert.com\/wp-content\/uploads\/2025\/04\/Prosper-@La-Rochelle-par-Hugo-Nouzville-4-Copie-1280x1280.jpg 1280w, https:\/\/jsuisvert.com\/wp-content\/uploads\/2025\/04\/Prosper-@La-Rochelle-par-Hugo-Nouzville-4-Copie-1920x1920.jpg 1920w, https:\/\/jsuisvert.com\/wp-content\/uploads\/2025\/04\/Prosper-@La-Rochelle-par-Hugo-Nouzville-4-Copie-116x116.jpg 116w\" sizes=\"auto, (max-width: 1024px) 100vw, 1024px\" \/><\/a><\/figure>\n\n\n\n<figure class=\"wp-block-image size-large\"><a href=\"http:\/\/jsuisvert.com\/wp-content\/uploads\/2025\/04\/Prosper-A-la-Plage-chemise-rouge-par-Laurent-Gaigner-Copie-scaled.jpg\"><img loading=\"lazy\" decoding=\"async\" width=\"1024\" height=\"640\" data-id=\"2615\" src=\"http:\/\/jsuisvert.com\/wp-content\/uploads\/2025\/04\/Prosper-A-la-Plage-chemise-rouge-par-Laurent-Gaigner-Copie-1024x640.jpg\" alt=\"\" class=\"wp-image-2615\" srcset=\"https:\/\/jsuisvert.com\/wp-content\/uploads\/2025\/04\/Prosper-A-la-Plage-chemise-rouge-par-Laurent-Gaigner-Copie-1024x640.jpg 1024w, https:\/\/jsuisvert.com\/wp-content\/uploads\/2025\/04\/Prosper-A-la-Plage-chemise-rouge-par-Laurent-Gaigner-Copie-300x187.jpg 300w, https:\/\/jsuisvert.com\/wp-content\/uploads\/2025\/04\/Prosper-A-la-Plage-chemise-rouge-par-Laurent-Gaigner-Copie-768x480.jpg 768w, https:\/\/jsuisvert.com\/wp-content\/uploads\/2025\/04\/Prosper-A-la-Plage-chemise-rouge-par-Laurent-Gaigner-Copie-1536x959.jpg 1536w, https:\/\/jsuisvert.com\/wp-content\/uploads\/2025\/04\/Prosper-A-la-Plage-chemise-rouge-par-Laurent-Gaigner-Copie-2048x1279.jpg 2048w, https:\/\/jsuisvert.com\/wp-content\/uploads\/2025\/04\/Prosper-A-la-Plage-chemise-rouge-par-Laurent-Gaigner-Copie-500x312.jpg 500w, https:\/\/jsuisvert.com\/wp-content\/uploads\/2025\/04\/Prosper-A-la-Plage-chemise-rouge-par-Laurent-Gaigner-Copie-800x500.jpg 800w, https:\/\/jsuisvert.com\/wp-content\/uploads\/2025\/04\/Prosper-A-la-Plage-chemise-rouge-par-Laurent-Gaigner-Copie-1280x800.jpg 1280w, https:\/\/jsuisvert.com\/wp-content\/uploads\/2025\/04\/Prosper-A-la-Plage-chemise-rouge-par-Laurent-Gaigner-Copie-1920x1199.jpg 1920w, https:\/\/jsuisvert.com\/wp-content\/uploads\/2025\/04\/Prosper-A-la-Plage-chemise-rouge-par-Laurent-Gaigner-Copie-186x116.jpg 186w\" sizes=\"auto, (max-width: 1024px) 100vw, 1024px\" \/><\/a><\/figure>\n\n\n\n<figure class=\"wp-block-image size-large\"><a href=\"http:\/\/jsuisvert.com\/wp-content\/uploads\/2025\/04\/Prosper-par-Renaud-Ruhlmann-1-scaled.jpg\"><img loading=\"lazy\" decoding=\"async\" width=\"1024\" height=\"683\" data-id=\"2620\" src=\"http:\/\/jsuisvert.com\/wp-content\/uploads\/2025\/04\/Prosper-par-Renaud-Ruhlmann-1-1024x683.jpg\" alt=\"\" class=\"wp-image-2620\" srcset=\"https:\/\/jsuisvert.com\/wp-content\/uploads\/2025\/04\/Prosper-par-Renaud-Ruhlmann-1-1024x683.jpg 1024w, https:\/\/jsuisvert.com\/wp-content\/uploads\/2025\/04\/Prosper-par-Renaud-Ruhlmann-1-300x200.jpg 300w, https:\/\/jsuisvert.com\/wp-content\/uploads\/2025\/04\/Prosper-par-Renaud-Ruhlmann-1-768x512.jpg 768w, https:\/\/jsuisvert.com\/wp-content\/uploads\/2025\/04\/Prosper-par-Renaud-Ruhlmann-1-1536x1024.jpg 1536w, https:\/\/jsuisvert.com\/wp-content\/uploads\/2025\/04\/Prosper-par-Renaud-Ruhlmann-1-2048x1365.jpg 2048w, https:\/\/jsuisvert.com\/wp-content\/uploads\/2025\/04\/Prosper-par-Renaud-Ruhlmann-1-500x333.jpg 500w, https:\/\/jsuisvert.com\/wp-content\/uploads\/2025\/04\/Prosper-par-Renaud-Ruhlmann-1-800x533.jpg 800w, https:\/\/jsuisvert.com\/wp-content\/uploads\/2025\/04\/Prosper-par-Renaud-Ruhlmann-1-1280x853.jpg 1280w, https:\/\/jsuisvert.com\/wp-content\/uploads\/2025\/04\/Prosper-par-Renaud-Ruhlmann-1-1920x1280.jpg 1920w, https:\/\/jsuisvert.com\/wp-content\/uploads\/2025\/04\/Prosper-par-Renaud-Ruhlmann-1-174x116.jpg 174w\" sizes=\"auto, (max-width: 1024px) 100vw, 1024px\" \/><\/a><\/figure>\n\n\n\n<figure class=\"wp-block-image size-large\"><a href=\"http:\/\/jsuisvert.com\/wp-content\/uploads\/2025\/04\/Prosper-@La-Rochelle-par-Hugo-Nouzville-1-Copie.jpg\"><img loading=\"lazy\" decoding=\"async\" width=\"1024\" height=\"1024\" data-id=\"2613\" src=\"http:\/\/jsuisvert.com\/wp-content\/uploads\/2025\/04\/Prosper-@La-Rochelle-par-Hugo-Nouzville-1-Copie-1024x1024.jpg\" alt=\"\" class=\"wp-image-2613\" srcset=\"https:\/\/jsuisvert.com\/wp-content\/uploads\/2025\/04\/Prosper-@La-Rochelle-par-Hugo-Nouzville-1-Copie-1024x1024.jpg 1024w, https:\/\/jsuisvert.com\/wp-content\/uploads\/2025\/04\/Prosper-@La-Rochelle-par-Hugo-Nouzville-1-Copie-300x300.jpg 300w, https:\/\/jsuisvert.com\/wp-content\/uploads\/2025\/04\/Prosper-@La-Rochelle-par-Hugo-Nouzville-1-Copie-150x150.jpg 150w, https:\/\/jsuisvert.com\/wp-content\/uploads\/2025\/04\/Prosper-@La-Rochelle-par-Hugo-Nouzville-1-Copie-768x768.jpg 768w, https:\/\/jsuisvert.com\/wp-content\/uploads\/2025\/04\/Prosper-@La-Rochelle-par-Hugo-Nouzville-1-Copie-1536x1536.jpg 1536w, https:\/\/jsuisvert.com\/wp-content\/uploads\/2025\/04\/Prosper-@La-Rochelle-par-Hugo-Nouzville-1-Copie-2048x2048.jpg 2048w, https:\/\/jsuisvert.com\/wp-content\/uploads\/2025\/04\/Prosper-@La-Rochelle-par-Hugo-Nouzville-1-Copie-500x500.jpg 500w, https:\/\/jsuisvert.com\/wp-content\/uploads\/2025\/04\/Prosper-@La-Rochelle-par-Hugo-Nouzville-1-Copie-800x800.jpg 800w, https:\/\/jsuisvert.com\/wp-content\/uploads\/2025\/04\/Prosper-@La-Rochelle-par-Hugo-Nouzville-1-Copie-1280x1280.jpg 1280w, https:\/\/jsuisvert.com\/wp-content\/uploads\/2025\/04\/Prosper-@La-Rochelle-par-Hugo-Nouzville-1-Copie-1920x1920.jpg 1920w, https:\/\/jsuisvert.com\/wp-content\/uploads\/2025\/04\/Prosper-@La-Rochelle-par-Hugo-Nouzville-1-Copie-116x116.jpg 116w\" sizes=\"auto, (max-width: 1024px) 100vw, 1024px\" \/><\/a><\/figure>\n\n\n\n<figure class=\"wp-block-image size-large\"><a href=\"http:\/\/jsuisvert.com\/wp-content\/uploads\/2025\/04\/Prosper-@La-Rochelle-par-Hugo-Nouzville-3-scaled.jpg\"><img loading=\"lazy\" decoding=\"async\" width=\"683\" height=\"1024\" data-id=\"2622\" src=\"http:\/\/jsuisvert.com\/wp-content\/uploads\/2025\/04\/Prosper-@La-Rochelle-par-Hugo-Nouzville-3-683x1024.jpg\" alt=\"\" class=\"wp-image-2622\" srcset=\"https:\/\/jsuisvert.com\/wp-content\/uploads\/2025\/04\/Prosper-@La-Rochelle-par-Hugo-Nouzville-3-683x1024.jpg 683w, https:\/\/jsuisvert.com\/wp-content\/uploads\/2025\/04\/Prosper-@La-Rochelle-par-Hugo-Nouzville-3-200x300.jpg 200w, https:\/\/jsuisvert.com\/wp-content\/uploads\/2025\/04\/Prosper-@La-Rochelle-par-Hugo-Nouzville-3-768x1152.jpg 768w, https:\/\/jsuisvert.com\/wp-content\/uploads\/2025\/04\/Prosper-@La-Rochelle-par-Hugo-Nouzville-3-1024x1536.jpg 1024w, https:\/\/jsuisvert.com\/wp-content\/uploads\/2025\/04\/Prosper-@La-Rochelle-par-Hugo-Nouzville-3-1365x2048.jpg 1365w, https:\/\/jsuisvert.com\/wp-content\/uploads\/2025\/04\/Prosper-@La-Rochelle-par-Hugo-Nouzville-3-500x750.jpg 500w, https:\/\/jsuisvert.com\/wp-content\/uploads\/2025\/04\/Prosper-@La-Rochelle-par-Hugo-Nouzville-3-800x1200.jpg 800w, https:\/\/jsuisvert.com\/wp-content\/uploads\/2025\/04\/Prosper-@La-Rochelle-par-Hugo-Nouzville-3-1280x1920.jpg 1280w, https:\/\/jsuisvert.com\/wp-content\/uploads\/2025\/04\/Prosper-@La-Rochelle-par-Hugo-Nouzville-3-1920x2880.jpg 1920w, https:\/\/jsuisvert.com\/wp-content\/uploads\/2025\/04\/Prosper-@La-Rochelle-par-Hugo-Nouzville-3-77x116.jpg 77w, https:\/\/jsuisvert.com\/wp-content\/uploads\/2025\/04\/Prosper-@La-Rochelle-par-Hugo-Nouzville-3-scaled.jpg 1707w\" sizes=\"auto, (max-width: 683px) 100vw, 683px\" \/><\/a><\/figure>\n\n\n\n<figure class=\"wp-block-image size-large\"><a href=\"http:\/\/jsuisvert.com\/wp-content\/uploads\/2025\/04\/Prosper-par-Renaud-Ruhlmann-2-scaled.jpg\"><img loading=\"lazy\" decoding=\"async\" width=\"1024\" height=\"683\" data-id=\"2619\" src=\"http:\/\/jsuisvert.com\/wp-content\/uploads\/2025\/04\/Prosper-par-Renaud-Ruhlmann-2-1024x683.jpg\" alt=\"\" class=\"wp-image-2619\" srcset=\"https:\/\/jsuisvert.com\/wp-content\/uploads\/2025\/04\/Prosper-par-Renaud-Ruhlmann-2-1024x683.jpg 1024w, https:\/\/jsuisvert.com\/wp-content\/uploads\/2025\/04\/Prosper-par-Renaud-Ruhlmann-2-300x200.jpg 300w, https:\/\/jsuisvert.com\/wp-content\/uploads\/2025\/04\/Prosper-par-Renaud-Ruhlmann-2-768x512.jpg 768w, https:\/\/jsuisvert.com\/wp-content\/uploads\/2025\/04\/Prosper-par-Renaud-Ruhlmann-2-1536x1024.jpg 1536w, https:\/\/jsuisvert.com\/wp-content\/uploads\/2025\/04\/Prosper-par-Renaud-Ruhlmann-2-2048x1365.jpg 2048w, https:\/\/jsuisvert.com\/wp-content\/uploads\/2025\/04\/Prosper-par-Renaud-Ruhlmann-2-500x333.jpg 500w, https:\/\/jsuisvert.com\/wp-content\/uploads\/2025\/04\/Prosper-par-Renaud-Ruhlmann-2-800x533.jpg 800w, https:\/\/jsuisvert.com\/wp-content\/uploads\/2025\/04\/Prosper-par-Renaud-Ruhlmann-2-1280x853.jpg 1280w, https:\/\/jsuisvert.com\/wp-content\/uploads\/2025\/04\/Prosper-par-Renaud-Ruhlmann-2-1920x1280.jpg 1920w, https:\/\/jsuisvert.com\/wp-content\/uploads\/2025\/04\/Prosper-par-Renaud-Ruhlmann-2-174x116.jpg 174w\" sizes=\"auto, (max-width: 1024px) 100vw, 1024px\" \/><\/a><\/figure>\n<\/figure>\n\n\n\n<figure class=\"wp-block-embed is-type-video is-provider-youtube wp-block-embed-youtube wp-embed-aspect-16-9 wp-has-aspect-ratio\"><div class=\"wp-block-embed__wrapper\">\n<iframe loading=\"lazy\" title=\"Prosper &quot;Kiss My Neck&quot; Nouveau Casino 2010\" width=\"1140\" height=\"641\" src=\"https:\/\/www.youtube.com\/embed\/QfBUEvwkw_c?feature=oembed\" frameborder=\"0\" allow=\"accelerometer; autoplay; clipboard-write; encrypted-media; gyroscope; picture-in-picture; web-share\" referrerpolicy=\"strict-origin-when-cross-origin\" allowfullscreen><\/iframe>\n<\/div><\/figure>\n\n\n\n<div class=\"wp-block-buttons is-content-justification-center is-layout-flex wp-container-core-buttons-is-layout-1 wp-block-buttons-is-layout-flex\">\n<div class=\"wp-block-button\"><a class=\"wp-block-button__link wp-element-button\" href=\"https:\/\/soundcloud.com\/djprosper\">SOUNDCLOUD<\/a><\/div>\n\n\n\n<div class=\"wp-block-button\"><a class=\"wp-block-button__link wp-element-button\" href=\"https:\/\/www.mixcloud.com\/djprosper\/\">MIXCLOUD<\/a><\/div>\n\n\n\n<div class=\"wp-block-button\"><a class=\"wp-block-button__link wp-element-button\" href=\"https:\/\/www.facebook.com\/Dj.Prosper\/\">FACEBOOK<\/a><\/div>\n\n\n\n<div class=\"wp-block-button\"><a class=\"wp-block-button__link wp-element-button\" href=\"https:\/\/www.youtube.com\/@romaincoolen8141\/videos\">YOUTUBE<\/a><\/div>\n<\/div>\n","protected":false},"excerpt":{"rendered":"<p>Le Prosp\u2019 a \u00e9cum\u00e9 tout les clubs parisiens (Rex Club, La Belleviloise, Le Batofar, Nouveau Casino, La Machine du Moulin &hellip; <a href=\"https:\/\/jsuisvert.com\/?page_id=2819\" class=\"more-link\">Continue reading <span class=\"screen-reader-text\">DJ PROSPER de retour pour cette 11\u00e8me \u00c9DITION<\/span><\/a><\/p>\n","protected":false},"author":6,"featured_media":0,"parent":0,"menu_order":0,"comment_status":"closed","ping_status":"closed","template":"","meta":{"footnotes":""},"class_list":["post-2819","page","type-page","status-publish","hentry"],"_links":{"self":[{"href":"https:\/\/jsuisvert.com\/index.php?rest_route=\/wp\/v2\/pages\/2819","targetHints":{"allow":["GET"]}}],"collection":[{"href":"https:\/\/jsuisvert.com\/index.php?rest_route=\/wp\/v2\/pages"}],"about":[{"href":"https:\/\/jsuisvert.com\/index.php?rest_route=\/wp\/v2\/types\/page"}],"author":[{"embeddable":true,"href":"https:\/\/jsuisvert.com\/index.php?rest_route=\/wp\/v2\/users\/6"}],"replies":[{"embeddable":true,"href":"https:\/\/jsuisvert.com\/index.php?rest_route=%2Fwp%2Fv2%2Fcomments&post=2819"}],"version-history":[{"count":2,"href":"https:\/\/jsuisvert.com\/index.php?rest_route=\/wp\/v2\/pages\/2819\/revisions"}],"predecessor-version":[{"id":2834,"href":"https:\/\/jsuisvert.com\/index.php?rest_route=\/wp\/v2\/pages\/2819\/revisions\/2834"}],"wp:attachment":[{"href":"https:\/\/jsuisvert.com\/index.php?rest_route=%2Fwp%2Fv2%2Fmedia&parent=2819"}],"curies":[{"name":"wp","href":"https:\/\/api.w.org\/{rel}","templated":true}]}}