{"id":2561,"date":"2025-04-14T11:22:29","date_gmt":"2025-04-14T09:22:29","guid":{"rendered":"https:\/\/jsuisvert.com\/?page_id=2561"},"modified":"2025-06-30T11:16:04","modified_gmt":"2025-06-30T09:16:04","slug":"miaou-miaou","status":"publish","type":"page","link":"https:\/\/jsuisvert.com\/?page_id=2561","title":{"rendered":"MIAOU MIAOU"},"content":{"rendered":"\n<figure class=\"wp-block-gallery has-nested-images columns-default is-cropped wp-block-gallery-1 is-layout-flex wp-block-gallery-is-layout-flex\">\n<figure class=\"wp-block-image size-large\"><a href=\"https:\/\/jsuisvert.com\/wp-content\/uploads\/2025\/06\/JSUIS-VERT-10-Jean-Adrien-Morandeau-47-1.jpg\"><img decoding=\"async\" data-id=\"2753\" src=\"https:\/\/jsuisvert.com\/wp-content\/uploads\/2025\/06\/JSUIS-VERT-10-Jean-Adrien-Morandeau-47-1.jpg\" alt=\"\" class=\"wp-image-2753\"\/><\/a><\/figure>\n\n\n\n<figure class=\"wp-block-image size-full\"><a href=\"http:\/\/jsuisvert.com\/wp-content\/uploads\/2025\/06\/JSUIS-VERT-10-Jean-Adrien-Morandeau-40.jpg\"><img decoding=\"async\" data-id=\"2752\" src=\"http:\/\/jsuisvert.com\/wp-content\/uploads\/2025\/06\/JSUIS-VERT-10-Jean-Adrien-Morandeau-40.jpg\" alt=\"\" class=\"wp-image-2752\"\/><\/a><\/figure>\n\n\n\n<figure class=\"wp-block-image size-full\"><a href=\"http:\/\/jsuisvert.com\/wp-content\/uploads\/2025\/06\/JSUIS-VERT-10-Jean-Adrien-Morandeau-45.jpg\"><img decoding=\"async\" data-id=\"2749\" src=\"http:\/\/jsuisvert.com\/wp-content\/uploads\/2025\/06\/JSUIS-VERT-10-Jean-Adrien-Morandeau-45.jpg\" alt=\"\" class=\"wp-image-2749\"\/><\/a><\/figure>\n\n\n\n<figure class=\"wp-block-image size-full\"><a href=\"http:\/\/jsuisvert.com\/wp-content\/uploads\/2025\/06\/JSUIS-VERT-10-Jean-Adrien-Morandeau-41.jpg\"><img decoding=\"async\" data-id=\"2757\" src=\"http:\/\/jsuisvert.com\/wp-content\/uploads\/2025\/06\/JSUIS-VERT-10-Jean-Adrien-Morandeau-41.jpg\" alt=\"\" class=\"wp-image-2757\"\/><\/a><\/figure>\n\n\n\n<figure class=\"wp-block-image size-full\"><a href=\"http:\/\/jsuisvert.com\/wp-content\/uploads\/2025\/06\/JSUIS-VERT-10-Jean-Adrien-Morandeau-46-1.jpg\"><img decoding=\"async\" data-id=\"2751\" src=\"http:\/\/jsuisvert.com\/wp-content\/uploads\/2025\/06\/JSUIS-VERT-10-Jean-Adrien-Morandeau-46-1.jpg\" alt=\"\" class=\"wp-image-2751\"\/><\/a><\/figure>\n\n\n\n<figure class=\"wp-block-image size-large\"><a href=\"http:\/\/jsuisvert.com\/wp-content\/uploads\/2025\/06\/JSUIS-VERT-10-Jean-Adrien-Morandeau-52-scaled.jpg\"><img loading=\"lazy\" decoding=\"async\" width=\"1024\" height=\"681\" data-id=\"2708\" src=\"http:\/\/jsuisvert.com\/wp-content\/uploads\/2025\/06\/JSUIS-VERT-10-Jean-Adrien-Morandeau-52-1024x681.jpg\" alt=\"\" class=\"wp-image-2708\" srcset=\"https:\/\/jsuisvert.com\/wp-content\/uploads\/2025\/06\/JSUIS-VERT-10-Jean-Adrien-Morandeau-52-1024x681.jpg 1024w, https:\/\/jsuisvert.com\/wp-content\/uploads\/2025\/06\/JSUIS-VERT-10-Jean-Adrien-Morandeau-52-300x200.jpg 300w, https:\/\/jsuisvert.com\/wp-content\/uploads\/2025\/06\/JSUIS-VERT-10-Jean-Adrien-Morandeau-52-768x511.jpg 768w, https:\/\/jsuisvert.com\/wp-content\/uploads\/2025\/06\/JSUIS-VERT-10-Jean-Adrien-Morandeau-52-1536x1022.jpg 1536w, https:\/\/jsuisvert.com\/wp-content\/uploads\/2025\/06\/JSUIS-VERT-10-Jean-Adrien-Morandeau-52-2048x1363.jpg 2048w, https:\/\/jsuisvert.com\/wp-content\/uploads\/2025\/06\/JSUIS-VERT-10-Jean-Adrien-Morandeau-52-500x333.jpg 500w, https:\/\/jsuisvert.com\/wp-content\/uploads\/2025\/06\/JSUIS-VERT-10-Jean-Adrien-Morandeau-52-800x532.jpg 800w, https:\/\/jsuisvert.com\/wp-content\/uploads\/2025\/06\/JSUIS-VERT-10-Jean-Adrien-Morandeau-52-1280x852.jpg 1280w, https:\/\/jsuisvert.com\/wp-content\/uploads\/2025\/06\/JSUIS-VERT-10-Jean-Adrien-Morandeau-52-1920x1277.jpg 1920w, https:\/\/jsuisvert.com\/wp-content\/uploads\/2025\/06\/JSUIS-VERT-10-Jean-Adrien-Morandeau-52-174x116.jpg 174w\" sizes=\"auto, (max-width: 1024px) 100vw, 1024px\" \/><\/a><\/figure>\n\n\n\n<figure class=\"wp-block-image size-large\"><a href=\"https:\/\/jsuisvert.com\/wp-content\/uploads\/2025\/06\/JSUIS-VERT-10-Jean-Adrien-Morandeau-48.jpg\"><img decoding=\"async\" data-id=\"2750\" src=\"https:\/\/jsuisvert.com\/wp-content\/uploads\/2025\/06\/JSUIS-VERT-10-Jean-Adrien-Morandeau-48.jpg\" alt=\"\" class=\"wp-image-2750\"\/><\/a><\/figure>\n\n\n\n<figure class=\"wp-block-image size-large\"><a href=\"https:\/\/jsuisvert.com\/wp-content\/uploads\/2025\/06\/JSUIS-VERT-10-Jean-Adrien-Morandeau-43-1-scaled.jpg\"><img loading=\"lazy\" decoding=\"async\" width=\"1024\" height=\"681\" data-id=\"2756\" src=\"https:\/\/jsuisvert.com\/wp-content\/uploads\/2025\/06\/JSUIS-VERT-10-Jean-Adrien-Morandeau-43-1-1024x681.jpg\" alt=\"\" class=\"wp-image-2756\" srcset=\"https:\/\/jsuisvert.com\/wp-content\/uploads\/2025\/06\/JSUIS-VERT-10-Jean-Adrien-Morandeau-43-1-1024x681.jpg 1024w, https:\/\/jsuisvert.com\/wp-content\/uploads\/2025\/06\/JSUIS-VERT-10-Jean-Adrien-Morandeau-43-1-300x200.jpg 300w, https:\/\/jsuisvert.com\/wp-content\/uploads\/2025\/06\/JSUIS-VERT-10-Jean-Adrien-Morandeau-43-1-768x511.jpg 768w, https:\/\/jsuisvert.com\/wp-content\/uploads\/2025\/06\/JSUIS-VERT-10-Jean-Adrien-Morandeau-43-1-1536x1022.jpg 1536w, https:\/\/jsuisvert.com\/wp-content\/uploads\/2025\/06\/JSUIS-VERT-10-Jean-Adrien-Morandeau-43-1-2048x1362.jpg 2048w, https:\/\/jsuisvert.com\/wp-content\/uploads\/2025\/06\/JSUIS-VERT-10-Jean-Adrien-Morandeau-43-1-500x333.jpg 500w, https:\/\/jsuisvert.com\/wp-content\/uploads\/2025\/06\/JSUIS-VERT-10-Jean-Adrien-Morandeau-43-1-800x532.jpg 800w, https:\/\/jsuisvert.com\/wp-content\/uploads\/2025\/06\/JSUIS-VERT-10-Jean-Adrien-Morandeau-43-1-1280x852.jpg 1280w\" sizes=\"auto, (max-width: 1024px) 100vw, 1024px\" \/><\/a><\/figure>\n<\/figure>\n\n\n\n<p><\/p>\n\n\n\n<figure class=\"wp-block-image size-large is-resized\"><a href=\"http:\/\/jsuisvert.com\/wp-content\/uploads\/2025\/04\/miaou1.jpg\"><img loading=\"lazy\" decoding=\"async\" width=\"1024\" height=\"851\" src=\"http:\/\/jsuisvert.com\/wp-content\/uploads\/2025\/04\/miaou1-1024x851.jpg\" alt=\"\" class=\"wp-image-2570\" style=\"width:840px;height:auto\" srcset=\"https:\/\/jsuisvert.com\/wp-content\/uploads\/2025\/04\/miaou1-1024x851.jpg 1024w, https:\/\/jsuisvert.com\/wp-content\/uploads\/2025\/04\/miaou1-300x249.jpg 300w, https:\/\/jsuisvert.com\/wp-content\/uploads\/2025\/04\/miaou1-768x638.jpg 768w, https:\/\/jsuisvert.com\/wp-content\/uploads\/2025\/04\/miaou1-1536x1276.jpg 1536w, https:\/\/jsuisvert.com\/wp-content\/uploads\/2025\/04\/miaou1-500x415.jpg 500w, https:\/\/jsuisvert.com\/wp-content\/uploads\/2025\/04\/miaou1-800x664.jpg 800w, https:\/\/jsuisvert.com\/wp-content\/uploads\/2025\/04\/miaou1-1280x1063.jpg 1280w, https:\/\/jsuisvert.com\/wp-content\/uploads\/2025\/04\/miaou1-1920x1595.jpg 1920w, https:\/\/jsuisvert.com\/wp-content\/uploads\/2025\/04\/miaou1-140x116.jpg 140w, https:\/\/jsuisvert.com\/wp-content\/uploads\/2025\/04\/miaou1.jpg 1930w\" sizes=\"auto, (max-width: 1024px) 100vw, 1024px\" \/><\/a><\/figure>\n\n\n\n<div class=\"wp-block-group\"><div class=\"wp-block-group__inner-container is-layout-constrained wp-block-group-is-layout-constrained\">\n<h2 class=\"wp-block-heading has-white-color has-black-background-color has-text-color has-background has-link-color has-medium-font-size wp-elements-a1bf40cf22b4d6d3fe67feee0504309a\">Miaou-Miaou est un duo de la pointe du Finist\u00e8re qui s applique \u00e0 mixer le cot\u00e9 fun et kitsch des ann\u00e9es 80 avec des guitares incisives et tranchantes, \u00e7a donne une New Pop candide quand il le faut et insolente tout le temps. Format court, intentions claires, plaisir imm\u00e9diat, une bo\u00eete \u00e0 rythme \u00e0 170 bpm, des m\u00e9lodies synth\u00e9tiques \u00e9lectroluminescentes et des paroles en francais placent leur musique \u00e0 l&rsquo;improbable fronti\u00e8re entre Gang of Four et Richard Gotainer, bref un groupe qui fait de la musique comme vous l\u2019aimez, venez c\u2019est extra!<\/h2>\n<\/div><\/div>\n\n\n\n<figure class=\"wp-block-image size-large\"><a href=\"https:\/\/jsuisvert.com\/wp-content\/uploads\/2025\/04\/1743614201881-1.jpg\"><img loading=\"lazy\" decoding=\"async\" width=\"1024\" height=\"769\" src=\"https:\/\/jsuisvert.com\/wp-content\/uploads\/2025\/04\/1743614201881-1-1024x769.jpg\" alt=\"\" class=\"wp-image-2573\" srcset=\"https:\/\/jsuisvert.com\/wp-content\/uploads\/2025\/04\/1743614201881-1-1024x769.jpg 1024w, https:\/\/jsuisvert.com\/wp-content\/uploads\/2025\/04\/1743614201881-1-300x225.jpg 300w, https:\/\/jsuisvert.com\/wp-content\/uploads\/2025\/04\/1743614201881-1-768x577.jpg 768w, https:\/\/jsuisvert.com\/wp-content\/uploads\/2025\/04\/1743614201881-1-500x375.jpg 500w, https:\/\/jsuisvert.com\/wp-content\/uploads\/2025\/04\/1743614201881-1-800x601.jpg 800w, https:\/\/jsuisvert.com\/wp-content\/uploads\/2025\/04\/1743614201881-1-154x116.jpg 154w, https:\/\/jsuisvert.com\/wp-content\/uploads\/2025\/04\/1743614201881-1.jpg 1200w\" sizes=\"auto, (max-width: 1024px) 100vw, 1024px\" \/><\/a><\/figure>\n\n\n\n<figure class=\"wp-block-gallery has-nested-images columns-default is-cropped wp-block-gallery-2 is-layout-flex wp-block-gallery-is-layout-flex\">\n<figure class=\"wp-block-image size-large\"><a href=\"http:\/\/jsuisvert.com\/wp-content\/uploads\/2025\/04\/1743614174424-scaled.jpg\"><img loading=\"lazy\" decoding=\"async\" width=\"769\" height=\"1024\" data-id=\"2563\" src=\"http:\/\/jsuisvert.com\/wp-content\/uploads\/2025\/04\/1743614174424-769x1024.jpg\" alt=\"\" class=\"wp-image-2563\" srcset=\"https:\/\/jsuisvert.com\/wp-content\/uploads\/2025\/04\/1743614174424-769x1024.jpg 769w, https:\/\/jsuisvert.com\/wp-content\/uploads\/2025\/04\/1743614174424-225x300.jpg 225w, https:\/\/jsuisvert.com\/wp-content\/uploads\/2025\/04\/1743614174424-768x1023.jpg 768w, https:\/\/jsuisvert.com\/wp-content\/uploads\/2025\/04\/1743614174424-1153x1536.jpg 1153w, https:\/\/jsuisvert.com\/wp-content\/uploads\/2025\/04\/1743614174424-1538x2048.jpg 1538w, https:\/\/jsuisvert.com\/wp-content\/uploads\/2025\/04\/1743614174424-500x666.jpg 500w, https:\/\/jsuisvert.com\/wp-content\/uploads\/2025\/04\/1743614174424-800x1065.jpg 800w, https:\/\/jsuisvert.com\/wp-content\/uploads\/2025\/04\/1743614174424-1280x1705.jpg 1280w, https:\/\/jsuisvert.com\/wp-content\/uploads\/2025\/04\/1743614174424-1920x2557.jpg 1920w, https:\/\/jsuisvert.com\/wp-content\/uploads\/2025\/04\/1743614174424-87x116.jpg 87w, https:\/\/jsuisvert.com\/wp-content\/uploads\/2025\/04\/1743614174424-scaled.jpg 1922w\" sizes=\"auto, (max-width: 769px) 100vw, 769px\" \/><\/a><\/figure>\n\n\n\n<figure class=\"wp-block-image size-large\"><a href=\"http:\/\/jsuisvert.com\/wp-content\/uploads\/2025\/04\/1743535058217.jpg\"><img loading=\"lazy\" decoding=\"async\" width=\"768\" height=\"1024\" data-id=\"2562\" src=\"http:\/\/jsuisvert.com\/wp-content\/uploads\/2025\/04\/1743535058217-768x1024.jpg\" alt=\"\" class=\"wp-image-2562\" srcset=\"https:\/\/jsuisvert.com\/wp-content\/uploads\/2025\/04\/1743535058217-768x1024.jpg 768w, https:\/\/jsuisvert.com\/wp-content\/uploads\/2025\/04\/1743535058217-225x300.jpg 225w, https:\/\/jsuisvert.com\/wp-content\/uploads\/2025\/04\/1743535058217-1152x1536.jpg 1152w, https:\/\/jsuisvert.com\/wp-content\/uploads\/2025\/04\/1743535058217-500x667.jpg 500w, https:\/\/jsuisvert.com\/wp-content\/uploads\/2025\/04\/1743535058217-800x1067.jpg 800w, https:\/\/jsuisvert.com\/wp-content\/uploads\/2025\/04\/1743535058217-87x116.jpg 87w, https:\/\/jsuisvert.com\/wp-content\/uploads\/2025\/04\/1743535058217.jpg 1200w\" sizes=\"auto, (max-width: 768px) 100vw, 768px\" \/><\/a><\/figure>\n\n\n\n<figure class=\"wp-block-image size-full\"><a href=\"http:\/\/jsuisvert.com\/wp-content\/uploads\/2025\/04\/chatte-actuelle.jpg\"><img loading=\"lazy\" decoding=\"async\" width=\"474\" height=\"604\" data-id=\"2568\" src=\"http:\/\/jsuisvert.com\/wp-content\/uploads\/2025\/04\/chatte-actuelle.jpg\" alt=\"\" class=\"wp-image-2568\" srcset=\"https:\/\/jsuisvert.com\/wp-content\/uploads\/2025\/04\/chatte-actuelle.jpg 474w, https:\/\/jsuisvert.com\/wp-content\/uploads\/2025\/04\/chatte-actuelle-235x300.jpg 235w, https:\/\/jsuisvert.com\/wp-content\/uploads\/2025\/04\/chatte-actuelle-91x116.jpg 91w\" sizes=\"auto, (max-width: 474px) 100vw, 474px\" \/><\/a><\/figure>\n\n\n\n<figure class=\"wp-block-image size-full\"><a href=\"http:\/\/jsuisvert.com\/wp-content\/uploads\/2025\/04\/1743614568688.jpeg\"><img loading=\"lazy\" decoding=\"async\" width=\"1409\" height=\"2048\" data-id=\"2566\" src=\"http:\/\/jsuisvert.com\/wp-content\/uploads\/2025\/04\/1743614568688.jpeg\" alt=\"\" class=\"wp-image-2566\" srcset=\"https:\/\/jsuisvert.com\/wp-content\/uploads\/2025\/04\/1743614568688.jpeg 1409w, https:\/\/jsuisvert.com\/wp-content\/uploads\/2025\/04\/1743614568688-206x300.jpeg 206w, https:\/\/jsuisvert.com\/wp-content\/uploads\/2025\/04\/1743614568688-705x1024.jpeg 705w, https:\/\/jsuisvert.com\/wp-content\/uploads\/2025\/04\/1743614568688-768x1116.jpeg 768w, https:\/\/jsuisvert.com\/wp-content\/uploads\/2025\/04\/1743614568688-1057x1536.jpeg 1057w, https:\/\/jsuisvert.com\/wp-content\/uploads\/2025\/04\/1743614568688-500x727.jpeg 500w, https:\/\/jsuisvert.com\/wp-content\/uploads\/2025\/04\/1743614568688-800x1163.jpeg 800w, https:\/\/jsuisvert.com\/wp-content\/uploads\/2025\/04\/1743614568688-1280x1860.jpeg 1280w, https:\/\/jsuisvert.com\/wp-content\/uploads\/2025\/04\/1743614568688-80x116.jpeg 80w\" sizes=\"auto, (max-width: 1409px) 100vw, 1409px\" \/><\/a><\/figure>\n\n\n\n<figure class=\"wp-block-image size-full\"><a href=\"http:\/\/jsuisvert.com\/wp-content\/uploads\/2025\/04\/crok-folk.jpg\"><img loading=\"lazy\" decoding=\"async\" width=\"474\" height=\"670\" data-id=\"2569\" src=\"http:\/\/jsuisvert.com\/wp-content\/uploads\/2025\/04\/crok-folk.jpg\" alt=\"\" class=\"wp-image-2569\" srcset=\"https:\/\/jsuisvert.com\/wp-content\/uploads\/2025\/04\/crok-folk.jpg 474w, https:\/\/jsuisvert.com\/wp-content\/uploads\/2025\/04\/crok-folk-212x300.jpg 212w, https:\/\/jsuisvert.com\/wp-content\/uploads\/2025\/04\/crok-folk-82x116.jpg 82w\" sizes=\"auto, (max-width: 474px) 100vw, 474px\" \/><\/a><\/figure>\n\n\n\n<figure class=\"wp-block-image size-large\"><a href=\"http:\/\/jsuisvert.com\/wp-content\/uploads\/2025\/04\/1743614256868.jpg\"><img loading=\"lazy\" decoding=\"async\" width=\"768\" height=\"1024\" data-id=\"2565\" src=\"http:\/\/jsuisvert.com\/wp-content\/uploads\/2025\/04\/1743614256868-768x1024.jpg\" alt=\"\" class=\"wp-image-2565\" srcset=\"https:\/\/jsuisvert.com\/wp-content\/uploads\/2025\/04\/1743614256868-768x1024.jpg 768w, https:\/\/jsuisvert.com\/wp-content\/uploads\/2025\/04\/1743614256868-225x300.jpg 225w, https:\/\/jsuisvert.com\/wp-content\/uploads\/2025\/04\/1743614256868-1152x1536.jpg 1152w, https:\/\/jsuisvert.com\/wp-content\/uploads\/2025\/04\/1743614256868-500x667.jpg 500w, https:\/\/jsuisvert.com\/wp-content\/uploads\/2025\/04\/1743614256868-800x1067.jpg 800w, https:\/\/jsuisvert.com\/wp-content\/uploads\/2025\/04\/1743614256868-87x116.jpg 87w, https:\/\/jsuisvert.com\/wp-content\/uploads\/2025\/04\/1743614256868.jpg 1200w\" sizes=\"auto, (max-width: 768px) 100vw, 768px\" \/><\/a><\/figure>\n<\/figure>\n\n\n\n<figure class=\"wp-block-embed is-type-video is-provider-youtube wp-block-embed-youtube wp-embed-aspect-16-9 wp-has-aspect-ratio\"><div class=\"wp-block-embed__wrapper\">\n<iframe loading=\"lazy\" title=\"Miaou-Miaou - Matador 80\" width=\"1140\" height=\"641\" src=\"https:\/\/www.youtube.com\/embed\/xaJdycqa3IA?feature=oembed\" frameborder=\"0\" allow=\"accelerometer; autoplay; clipboard-write; encrypted-media; gyroscope; picture-in-picture; web-share\" referrerpolicy=\"strict-origin-when-cross-origin\" allowfullscreen><\/iframe>\n<\/div><\/figure>\n\n\n\n<div class=\"wp-block-buttons is-content-justification-center is-layout-flex wp-container-core-buttons-is-layout-1 wp-block-buttons-is-layout-flex\">\n<div class=\"wp-block-button\"><a class=\"wp-block-button__link wp-element-button\" href=\"http:\/\/www.facebook.com\/MIAOUMIAOUgroupe\">FACEBOOK<\/a><\/div>\n\n\n\n<div class=\"wp-block-button\"><a class=\"wp-block-button__link has-text-align-center wp-element-button\">INSTAGRAM <\/a><\/div>\n<\/div>\n","protected":false},"excerpt":{"rendered":"<p>Miaou-Miaou est un duo de la pointe du Finist\u00e8re qui s applique \u00e0 mixer le cot\u00e9 fun et kitsch des &hellip; <a href=\"https:\/\/jsuisvert.com\/?page_id=2561\" class=\"more-link\">Continue reading <span class=\"screen-reader-text\">MIAOU MIAOU<\/span><\/a><\/p>\n","protected":false},"author":6,"featured_media":0,"parent":0,"menu_order":0,"comment_status":"closed","ping_status":"closed","template":"","meta":{"footnotes":""},"class_list":["post-2561","page","type-page","status-publish","hentry"],"_links":{"self":[{"href":"https:\/\/jsuisvert.com\/index.php?rest_route=\/wp\/v2\/pages\/2561","targetHints":{"allow":["GET"]}}],"collection":[{"href":"https:\/\/jsuisvert.com\/index.php?rest_route=\/wp\/v2\/pages"}],"about":[{"href":"https:\/\/jsuisvert.com\/index.php?rest_route=\/wp\/v2\/types\/page"}],"author":[{"embeddable":true,"href":"https:\/\/jsuisvert.com\/index.php?rest_route=\/wp\/v2\/users\/6"}],"replies":[{"embeddable":true,"href":"https:\/\/jsuisvert.com\/index.php?rest_route=%2Fwp%2Fv2%2Fcomments&post=2561"}],"version-history":[{"count":6,"href":"https:\/\/jsuisvert.com\/index.php?rest_route=\/wp\/v2\/pages\/2561\/revisions"}],"predecessor-version":[{"id":2760,"href":"https:\/\/jsuisvert.com\/index.php?rest_route=\/wp\/v2\/pages\/2561\/revisions\/2760"}],"wp:attachment":[{"href":"https:\/\/jsuisvert.com\/index.php?rest_route=%2Fwp%2Fv2%2Fmedia&parent=2561"}],"curies":[{"name":"wp","href":"https:\/\/api.w.org\/{rel}","templated":true}]}}