{"id":2556,"date":"2025-04-14T11:18:38","date_gmt":"2025-04-14T09:18:38","guid":{"rendered":"https:\/\/jsuisvert.com\/?page_id=2556"},"modified":"2025-06-30T11:20:58","modified_gmt":"2025-06-30T09:20:58","slug":"pamela","status":"publish","type":"page","link":"https:\/\/jsuisvert.com\/?page_id=2556","title":{"rendered":"PAMELA"},"content":{"rendered":"\n<p class=\"has-text-align-center has-medium-font-size\"><\/p>\n\n\n\n<figure class=\"wp-block-gallery has-nested-images columns-default is-cropped wp-block-gallery-1 is-layout-flex wp-block-gallery-is-layout-flex\">\n<figure class=\"wp-block-image size-large\"><a href=\"https:\/\/jsuisvert.com\/wp-content\/uploads\/2025\/06\/JSUIS-VERT-10-Jean-Adrien-Morandeau-84-1.jpg\"><img decoding=\"async\" data-id=\"2772\" src=\"https:\/\/jsuisvert.com\/wp-content\/uploads\/2025\/06\/JSUIS-VERT-10-Jean-Adrien-Morandeau-84-1.jpg\" alt=\"\" class=\"wp-image-2772\"\/><\/a><\/figure>\n\n\n\n<figure class=\"wp-block-image size-large\"><a href=\"https:\/\/jsuisvert.com\/wp-content\/uploads\/2025\/06\/JSUIS-VERT-10-Jean-Adrien-Morandeau-72.jpg\"><img decoding=\"async\" data-id=\"2771\" src=\"https:\/\/jsuisvert.com\/wp-content\/uploads\/2025\/06\/JSUIS-VERT-10-Jean-Adrien-Morandeau-72.jpg\" alt=\"\" class=\"wp-image-2771\"\/><\/a><\/figure>\n\n\n\n<figure class=\"wp-block-image size-large\"><a href=\"https:\/\/jsuisvert.com\/wp-content\/uploads\/2025\/06\/JSUIS-VERT-10-Jean-Adrien-Morandeau-77-1.jpg\"><img decoding=\"async\" data-id=\"2770\" src=\"https:\/\/jsuisvert.com\/wp-content\/uploads\/2025\/06\/JSUIS-VERT-10-Jean-Adrien-Morandeau-77-1.jpg\" alt=\"\" class=\"wp-image-2770\"\/><\/a><\/figure>\n\n\n\n<figure class=\"wp-block-image size-large\"><a href=\"https:\/\/jsuisvert.com\/wp-content\/uploads\/2025\/06\/JSUIS-VERT-10-Jean-Adrien-Morandeau-74.jpg\"><img decoding=\"async\" data-id=\"2769\" src=\"https:\/\/jsuisvert.com\/wp-content\/uploads\/2025\/06\/JSUIS-VERT-10-Jean-Adrien-Morandeau-74.jpg\" alt=\"\" class=\"wp-image-2769\"\/><\/a><\/figure>\n\n\n\n<figure class=\"wp-block-image size-large\"><a href=\"https:\/\/jsuisvert.com\/wp-content\/uploads\/2025\/06\/JSUIS-VERT-10-Jean-Adrien-Morandeau-73.jpg\"><img decoding=\"async\" data-id=\"2768\" src=\"https:\/\/jsuisvert.com\/wp-content\/uploads\/2025\/06\/JSUIS-VERT-10-Jean-Adrien-Morandeau-73.jpg\" alt=\"\" class=\"wp-image-2768\"\/><\/a><\/figure>\n\n\n\n<figure class=\"wp-block-image size-large\"><a href=\"https:\/\/jsuisvert.com\/wp-content\/uploads\/2025\/06\/JSUIS-VERT-10-Jean-Adrien-Morandeau-76-1.jpg\"><img decoding=\"async\" data-id=\"2767\" src=\"https:\/\/jsuisvert.com\/wp-content\/uploads\/2025\/06\/JSUIS-VERT-10-Jean-Adrien-Morandeau-76-1.jpg\" alt=\"\" class=\"wp-image-2767\"\/><\/a><\/figure>\n\n\n\n<figure class=\"wp-block-image size-large\"><a href=\"https:\/\/jsuisvert.com\/wp-content\/uploads\/2025\/06\/JSUIS-VERT-10-Jean-Adrien-Morandeau-75-1.jpg\"><img decoding=\"async\" data-id=\"2766\" src=\"https:\/\/jsuisvert.com\/wp-content\/uploads\/2025\/06\/JSUIS-VERT-10-Jean-Adrien-Morandeau-75-1.jpg\" alt=\"\" class=\"wp-image-2766\"\/><\/a><\/figure>\n\n\n\n<figure class=\"wp-block-image size-large\"><a href=\"https:\/\/jsuisvert.com\/wp-content\/uploads\/2025\/06\/JSUIS-VERT-10-Jean-Adrien-Morandeau-81-1.jpg\"><img decoding=\"async\" data-id=\"2763\" src=\"https:\/\/jsuisvert.com\/wp-content\/uploads\/2025\/06\/JSUIS-VERT-10-Jean-Adrien-Morandeau-81-1.jpg\" alt=\"\" class=\"wp-image-2763\"\/><\/a><\/figure>\n\n\n\n<figure class=\"wp-block-image size-large\"><a href=\"https:\/\/jsuisvert.com\/wp-content\/uploads\/2025\/06\/JSUIS-VERT-10-Jean-Adrien-Morandeau-80.jpg\"><img decoding=\"async\" data-id=\"2761\" src=\"https:\/\/jsuisvert.com\/wp-content\/uploads\/2025\/06\/JSUIS-VERT-10-Jean-Adrien-Morandeau-80.jpg\" alt=\"\" class=\"wp-image-2761\"\/><\/a><\/figure>\n\n\n\n<figure class=\"wp-block-image size-large\"><a href=\"https:\/\/jsuisvert.com\/wp-content\/uploads\/2025\/06\/JSUIS-VERT-10-Jean-Adrien-Morandeau-79-1.jpg\"><img decoding=\"async\" data-id=\"2764\" src=\"https:\/\/jsuisvert.com\/wp-content\/uploads\/2025\/06\/JSUIS-VERT-10-Jean-Adrien-Morandeau-79-1.jpg\" alt=\"\" class=\"wp-image-2764\"\/><\/a><\/figure>\n<\/figure>\n\n\n\n<div class=\"wp-block-group\"><div class=\"wp-block-group__inner-container is-layout-constrained wp-block-group-is-layout-constrained\">\n<h2 class=\"wp-block-heading has-text-align-left has-white-color has-black-background-color has-text-color has-background has-link-color has-medium-font-size wp-elements-a3332a874289c287f6be91c0746673bb\"><strong><strong>Chez Pamela, c\u2019est la spontan\u00e9it\u00e9 qui prime.<\/strong><\/strong><\/h2>\n<\/div><\/div>\n\n\n\n<div class=\"wp-block-group\"><div class=\"wp-block-group__inner-container is-layout-constrained wp-block-group-is-layout-constrained\">\n<p class=\"has-text-align-left has-white-color has-black-background-color has-text-color has-background has-link-color has-medium-font-size wp-elements-9ae95ae7b4927569cda96f70f3f1ac50\"><strong>Ensemble, Samuel Sprent et Simon Qu\u00e9n\u00e9a proposent une musique instinctive qui n\u2019aura eu besoin que de quelques sessions pour trouver son rythme de croisi\u00e8re. Un jour en studio\u202f? Un morceau derri\u00e8re, d\u00e9j\u00e0 pr\u00eat \u00e0 exploser.<\/strong><\/p>\n<\/div><\/div>\n\n\n\n<figure class=\"wp-block-image size-large is-resized\"><a href=\"http:\/\/jsuisvert.com\/wp-content\/uploads\/2025\/04\/PAMELA-3-_-\u00a9Guillaume-Menard-scaled.jpg\"><img loading=\"lazy\" decoding=\"async\" width=\"1024\" height=\"685\" src=\"http:\/\/jsuisvert.com\/wp-content\/uploads\/2025\/04\/PAMELA-3-_-\u00a9Guillaume-Menard-1024x685.jpg\" alt=\"\" class=\"wp-image-2559\" style=\"width:1088px;height:auto\" srcset=\"https:\/\/jsuisvert.com\/wp-content\/uploads\/2025\/04\/PAMELA-3-_-\u00a9Guillaume-Menard-1024x685.jpg 1024w, https:\/\/jsuisvert.com\/wp-content\/uploads\/2025\/04\/PAMELA-3-_-\u00a9Guillaume-Menard-300x201.jpg 300w, https:\/\/jsuisvert.com\/wp-content\/uploads\/2025\/04\/PAMELA-3-_-\u00a9Guillaume-Menard-768x514.jpg 768w, https:\/\/jsuisvert.com\/wp-content\/uploads\/2025\/04\/PAMELA-3-_-\u00a9Guillaume-Menard-1536x1028.jpg 1536w, https:\/\/jsuisvert.com\/wp-content\/uploads\/2025\/04\/PAMELA-3-_-\u00a9Guillaume-Menard-2048x1370.jpg 2048w, https:\/\/jsuisvert.com\/wp-content\/uploads\/2025\/04\/PAMELA-3-_-\u00a9Guillaume-Menard-500x334.jpg 500w, https:\/\/jsuisvert.com\/wp-content\/uploads\/2025\/04\/PAMELA-3-_-\u00a9Guillaume-Menard-800x535.jpg 800w, https:\/\/jsuisvert.com\/wp-content\/uploads\/2025\/04\/PAMELA-3-_-\u00a9Guillaume-Menard-1280x856.jpg 1280w, https:\/\/jsuisvert.com\/wp-content\/uploads\/2025\/04\/PAMELA-3-_-\u00a9Guillaume-Menard-1920x1284.jpg 1920w, https:\/\/jsuisvert.com\/wp-content\/uploads\/2025\/04\/PAMELA-3-_-\u00a9Guillaume-Menard-173x116.jpg 173w\" sizes=\"auto, (max-width: 1024px) 100vw, 1024px\" \/><\/a><\/figure>\n\n\n\n<div class=\"wp-block-group\"><div class=\"wp-block-group__inner-container is-layout-constrained wp-block-group-is-layout-constrained\">\n<p class=\"has-text-align-left has-white-color has-black-background-color has-text-color has-background has-link-color has-medium-font-size wp-elements-61d975392538e367d1059974601bf249\">Accompagn\u00e9 par Pierre Cheguillaume en studio \u2014 producteur nantais qui am\u00e8ne une subtilit\u00e9 dans les prods et intervient sur Pamela \u00e0 la mani\u00e8re d\u2019un Rick Rubin \u2014, le duo propose une rencontre entre LCD Soundsystem, The Cure, Joy Division, The Strokes. Arctic Monkeys, Soulwax ou Damon Albarn.<\/p>\n<\/div><\/div>\n\n\n\n<div class=\"wp-block-group\"><div class=\"wp-block-group__inner-container is-layout-constrained wp-block-group-is-layout-constrained\">\n<p class=\"has-text-align-left has-white-color has-black-background-color has-text-color has-background has-link-color has-medium-font-size wp-elements-820c7cbae8f6b74ccbd47645bcc99469\">Un groupe aux refrains ent\u00eatants, aux m\u00e9lodies fortes, souvent boucl\u00e9es, une dance music qui incorpore des intentions venues de l\u2019indie rock, de la pop, de la britpop, de l\u2019electronic music, de la chanson. Et en anglais, toujours, puisque c\u2019est la langue natale de Sam, mais aussi la langue pr\u00e9f\u00e9rentielle d\u2019une formation qui trouve sa pleine mesure en live. En marge de la sortie de premiers morceaux cet automne, Pamela assurera d\u2019ailleurs les premi\u00e8res parties de Zaho de Sagazan dans les mois \u00e0 venir, avant de prendre la route du MAMA \u00e0 Paris, des Transmusicales \u00e0 Rennes.<\/p>\n<\/div><\/div>\n\n\n\n<figure class=\"wp-block-gallery has-nested-images columns-default is-cropped wp-block-gallery-2 is-layout-flex wp-block-gallery-is-layout-flex\">\n<figure class=\"wp-block-image size-large\"><a href=\"http:\/\/jsuisvert.com\/wp-content\/uploads\/2025\/04\/PAMELA-1-_-\u00a9Guillaume-Menard-scaled.jpg\"><img loading=\"lazy\" decoding=\"async\" width=\"1024\" height=\"685\" data-id=\"2557\" src=\"http:\/\/jsuisvert.com\/wp-content\/uploads\/2025\/04\/PAMELA-1-_-\u00a9Guillaume-Menard-1024x685.jpg\" alt=\"\" class=\"wp-image-2557\" srcset=\"https:\/\/jsuisvert.com\/wp-content\/uploads\/2025\/04\/PAMELA-1-_-\u00a9Guillaume-Menard-1024x685.jpg 1024w, https:\/\/jsuisvert.com\/wp-content\/uploads\/2025\/04\/PAMELA-1-_-\u00a9Guillaume-Menard-300x201.jpg 300w, https:\/\/jsuisvert.com\/wp-content\/uploads\/2025\/04\/PAMELA-1-_-\u00a9Guillaume-Menard-768x514.jpg 768w, https:\/\/jsuisvert.com\/wp-content\/uploads\/2025\/04\/PAMELA-1-_-\u00a9Guillaume-Menard-1536x1028.jpg 1536w, https:\/\/jsuisvert.com\/wp-content\/uploads\/2025\/04\/PAMELA-1-_-\u00a9Guillaume-Menard-2048x1370.jpg 2048w, https:\/\/jsuisvert.com\/wp-content\/uploads\/2025\/04\/PAMELA-1-_-\u00a9Guillaume-Menard-500x334.jpg 500w, https:\/\/jsuisvert.com\/wp-content\/uploads\/2025\/04\/PAMELA-1-_-\u00a9Guillaume-Menard-800x535.jpg 800w, https:\/\/jsuisvert.com\/wp-content\/uploads\/2025\/04\/PAMELA-1-_-\u00a9Guillaume-Menard-1280x856.jpg 1280w, https:\/\/jsuisvert.com\/wp-content\/uploads\/2025\/04\/PAMELA-1-_-\u00a9Guillaume-Menard-1920x1284.jpg 1920w, https:\/\/jsuisvert.com\/wp-content\/uploads\/2025\/04\/PAMELA-1-_-\u00a9Guillaume-Menard-173x116.jpg 173w\" sizes=\"auto, (max-width: 1024px) 100vw, 1024px\" \/><\/a><\/figure>\n\n\n\n<figure class=\"wp-block-image size-large\"><a href=\"http:\/\/jsuisvert.com\/wp-content\/uploads\/2025\/04\/PAMELA-2-_-\u00a9Guillaume-Menard-scaled.jpg\"><img loading=\"lazy\" decoding=\"async\" width=\"1024\" height=\"685\" data-id=\"2558\" src=\"http:\/\/jsuisvert.com\/wp-content\/uploads\/2025\/04\/PAMELA-2-_-\u00a9Guillaume-Menard-1024x685.jpg\" alt=\"\" class=\"wp-image-2558\" srcset=\"https:\/\/jsuisvert.com\/wp-content\/uploads\/2025\/04\/PAMELA-2-_-\u00a9Guillaume-Menard-1024x685.jpg 1024w, https:\/\/jsuisvert.com\/wp-content\/uploads\/2025\/04\/PAMELA-2-_-\u00a9Guillaume-Menard-300x201.jpg 300w, https:\/\/jsuisvert.com\/wp-content\/uploads\/2025\/04\/PAMELA-2-_-\u00a9Guillaume-Menard-768x514.jpg 768w, https:\/\/jsuisvert.com\/wp-content\/uploads\/2025\/04\/PAMELA-2-_-\u00a9Guillaume-Menard-1536x1028.jpg 1536w, https:\/\/jsuisvert.com\/wp-content\/uploads\/2025\/04\/PAMELA-2-_-\u00a9Guillaume-Menard-2048x1370.jpg 2048w, https:\/\/jsuisvert.com\/wp-content\/uploads\/2025\/04\/PAMELA-2-_-\u00a9Guillaume-Menard-500x334.jpg 500w, https:\/\/jsuisvert.com\/wp-content\/uploads\/2025\/04\/PAMELA-2-_-\u00a9Guillaume-Menard-800x535.jpg 800w, https:\/\/jsuisvert.com\/wp-content\/uploads\/2025\/04\/PAMELA-2-_-\u00a9Guillaume-Menard-1280x856.jpg 1280w, https:\/\/jsuisvert.com\/wp-content\/uploads\/2025\/04\/PAMELA-2-_-\u00a9Guillaume-Menard-1920x1284.jpg 1920w, https:\/\/jsuisvert.com\/wp-content\/uploads\/2025\/04\/PAMELA-2-_-\u00a9Guillaume-Menard-173x116.jpg 173w\" sizes=\"auto, (max-width: 1024px) 100vw, 1024px\" \/><\/a><\/figure>\n<\/figure>\n\n\n\n<figure class=\"wp-block-embed is-type-video is-provider-youtube wp-block-embed-youtube wp-embed-aspect-16-9 wp-has-aspect-ratio\"><div class=\"wp-block-embed__wrapper\">\n<iframe loading=\"lazy\" title=\"PAMELA - &quot;G.R.E.A.T&quot; en live session\" width=\"1140\" height=\"641\" src=\"https:\/\/www.youtube.com\/embed\/vPOggraP4aM?feature=oembed\" frameborder=\"0\" allow=\"accelerometer; autoplay; clipboard-write; encrypted-media; gyroscope; picture-in-picture; web-share\" referrerpolicy=\"strict-origin-when-cross-origin\" allowfullscreen><\/iframe>\n<\/div><\/figure>\n\n\n\n<div class=\"wp-block-buttons is-content-justification-center is-layout-flex wp-container-core-buttons-is-layout-1 wp-block-buttons-is-layout-flex\">\n<div class=\"wp-block-button\"><a class=\"wp-block-button__link wp-element-button\" href=\"https:\/\/open.spotify.com\/intl-fr\/artist\/5Zmjvb5b6WPHZNWF7rxHja?si=NCPt3ynoR9ixLtHOq0T1HA\">SPOTIFY<\/a><\/div>\n\n\n\n<div class=\"wp-block-button\"><a class=\"wp-block-button__link wp-element-button\" href=\"http:\/\/Deezer\thttps:\/\/deezer.page.link\/ZKUBfhLbVUHodNCG7\">DEEZER<\/a><\/div>\n\n\n\n<div class=\"wp-block-button\"><a class=\"wp-block-button__link wp-element-button\" href=\"https:\/\/on.soundcloud.com\/KGoAdJ8JVMyyj6LA6\">SOUNDCLOUD<\/a><\/div>\n\n\n\n<div class=\"wp-block-button\"><a class=\"wp-block-button__link wp-element-button\" href=\"http:\/\/Instagram : \thttps:\/\/www.instagram.com\/pamelatheband?utm_source=ig_web_button_share_sheet&amp;igsh=ZDNlZDc0MzIxNw==\">INSTAGRAM<\/a><\/div>\n<\/div>\n\n\n\n<div class=\"wp-block-buttons is-content-justification-center is-layout-flex wp-container-core-buttons-is-layout-2 wp-block-buttons-is-layout-flex\"><\/div>\n","protected":false},"excerpt":{"rendered":"<p>Chez Pamela, c\u2019est la spontan\u00e9it\u00e9 qui prime. Ensemble, Samuel Sprent et Simon Qu\u00e9n\u00e9a proposent une musique instinctive qui n\u2019aura eu &hellip; <a href=\"https:\/\/jsuisvert.com\/?page_id=2556\" class=\"more-link\">Continue reading <span class=\"screen-reader-text\">PAMELA<\/span><\/a><\/p>\n","protected":false},"author":6,"featured_media":0,"parent":0,"menu_order":0,"comment_status":"closed","ping_status":"closed","template":"","meta":{"footnotes":""},"class_list":["post-2556","page","type-page","status-publish","hentry"],"_links":{"self":[{"href":"https:\/\/jsuisvert.com\/index.php?rest_route=\/wp\/v2\/pages\/2556","targetHints":{"allow":["GET"]}}],"collection":[{"href":"https:\/\/jsuisvert.com\/index.php?rest_route=\/wp\/v2\/pages"}],"about":[{"href":"https:\/\/jsuisvert.com\/index.php?rest_route=\/wp\/v2\/types\/page"}],"author":[{"embeddable":true,"href":"https:\/\/jsuisvert.com\/index.php?rest_route=\/wp\/v2\/users\/6"}],"replies":[{"embeddable":true,"href":"https:\/\/jsuisvert.com\/index.php?rest_route=%2Fwp%2Fv2%2Fcomments&post=2556"}],"version-history":[{"count":13,"href":"https:\/\/jsuisvert.com\/index.php?rest_route=\/wp\/v2\/pages\/2556\/revisions"}],"predecessor-version":[{"id":2774,"href":"https:\/\/jsuisvert.com\/index.php?rest_route=\/wp\/v2\/pages\/2556\/revisions\/2774"}],"wp:attachment":[{"href":"https:\/\/jsuisvert.com\/index.php?rest_route=%2Fwp%2Fv2%2Fmedia&parent=2556"}],"curies":[{"name":"wp","href":"https:\/\/api.w.org\/{rel}","templated":true}]}}