{"id":2540,"date":"2025-04-14T10:23:50","date_gmt":"2025-04-14T08:23:50","guid":{"rendered":"https:\/\/jsuisvert.com\/?page_id=2540"},"modified":"2025-06-30T11:10:00","modified_gmt":"2025-06-30T09:10:00","slug":"horizontal-francis","status":"publish","type":"page","link":"https:\/\/jsuisvert.com\/?page_id=2540","title":{"rendered":"HORIZONTAL FRANCIS"},"content":{"rendered":"\n<figure class=\"wp-block-gallery has-nested-images columns-default is-cropped wp-block-gallery-1 is-layout-flex wp-block-gallery-is-layout-flex\">\n<figure class=\"wp-block-image size-large\"><a href=\"https:\/\/jsuisvert.com\/wp-content\/uploads\/2025\/06\/JSUIS-VERT-10-Jean-Adrien-Morandeau-110-scaled.jpg\"><img loading=\"lazy\" decoding=\"async\" width=\"1024\" height=\"681\" data-id=\"2727\" src=\"https:\/\/jsuisvert.com\/wp-content\/uploads\/2025\/06\/JSUIS-VERT-10-Jean-Adrien-Morandeau-110-1024x681.jpg\" alt=\"\" class=\"wp-image-2727\" srcset=\"https:\/\/jsuisvert.com\/wp-content\/uploads\/2025\/06\/JSUIS-VERT-10-Jean-Adrien-Morandeau-110-1024x681.jpg 1024w, https:\/\/jsuisvert.com\/wp-content\/uploads\/2025\/06\/JSUIS-VERT-10-Jean-Adrien-Morandeau-110-300x200.jpg 300w, https:\/\/jsuisvert.com\/wp-content\/uploads\/2025\/06\/JSUIS-VERT-10-Jean-Adrien-Morandeau-110-768x511.jpg 768w, https:\/\/jsuisvert.com\/wp-content\/uploads\/2025\/06\/JSUIS-VERT-10-Jean-Adrien-Morandeau-110-1536x1022.jpg 1536w, https:\/\/jsuisvert.com\/wp-content\/uploads\/2025\/06\/JSUIS-VERT-10-Jean-Adrien-Morandeau-110-2048x1363.jpg 2048w, https:\/\/jsuisvert.com\/wp-content\/uploads\/2025\/06\/JSUIS-VERT-10-Jean-Adrien-Morandeau-110-500x333.jpg 500w, https:\/\/jsuisvert.com\/wp-content\/uploads\/2025\/06\/JSUIS-VERT-10-Jean-Adrien-Morandeau-110-800x532.jpg 800w, https:\/\/jsuisvert.com\/wp-content\/uploads\/2025\/06\/JSUIS-VERT-10-Jean-Adrien-Morandeau-110-1280x852.jpg 1280w\" sizes=\"auto, (max-width: 1024px) 100vw, 1024px\" \/><\/a><\/figure>\n\n\n\n<figure class=\"wp-block-image size-large\"><a href=\"https:\/\/jsuisvert.com\/wp-content\/uploads\/2025\/06\/JSUIS-VERT-10-Jean-Adrien-Morandeau-111-scaled.jpg\"><img loading=\"lazy\" decoding=\"async\" width=\"1024\" height=\"681\" data-id=\"2728\" src=\"https:\/\/jsuisvert.com\/wp-content\/uploads\/2025\/06\/JSUIS-VERT-10-Jean-Adrien-Morandeau-111-1024x681.jpg\" alt=\"\" class=\"wp-image-2728\" srcset=\"https:\/\/jsuisvert.com\/wp-content\/uploads\/2025\/06\/JSUIS-VERT-10-Jean-Adrien-Morandeau-111-1024x681.jpg 1024w, https:\/\/jsuisvert.com\/wp-content\/uploads\/2025\/06\/JSUIS-VERT-10-Jean-Adrien-Morandeau-111-300x200.jpg 300w, https:\/\/jsuisvert.com\/wp-content\/uploads\/2025\/06\/JSUIS-VERT-10-Jean-Adrien-Morandeau-111-768x511.jpg 768w, https:\/\/jsuisvert.com\/wp-content\/uploads\/2025\/06\/JSUIS-VERT-10-Jean-Adrien-Morandeau-111-1536x1022.jpg 1536w, https:\/\/jsuisvert.com\/wp-content\/uploads\/2025\/06\/JSUIS-VERT-10-Jean-Adrien-Morandeau-111-2048x1363.jpg 2048w, https:\/\/jsuisvert.com\/wp-content\/uploads\/2025\/06\/JSUIS-VERT-10-Jean-Adrien-Morandeau-111-500x333.jpg 500w, https:\/\/jsuisvert.com\/wp-content\/uploads\/2025\/06\/JSUIS-VERT-10-Jean-Adrien-Morandeau-111-800x532.jpg 800w, https:\/\/jsuisvert.com\/wp-content\/uploads\/2025\/06\/JSUIS-VERT-10-Jean-Adrien-Morandeau-111-1280x852.jpg 1280w\" sizes=\"auto, (max-width: 1024px) 100vw, 1024px\" \/><\/a><\/figure>\n\n\n\n<figure class=\"wp-block-image size-large\"><a href=\"https:\/\/jsuisvert.com\/wp-content\/uploads\/2025\/06\/JSUIS-VERT-10-Jean-Adrien-Morandeau-112-scaled.jpg\"><img loading=\"lazy\" decoding=\"async\" width=\"1024\" height=\"681\" data-id=\"2729\" src=\"https:\/\/jsuisvert.com\/wp-content\/uploads\/2025\/06\/JSUIS-VERT-10-Jean-Adrien-Morandeau-112-1024x681.jpg\" alt=\"\" class=\"wp-image-2729\" srcset=\"https:\/\/jsuisvert.com\/wp-content\/uploads\/2025\/06\/JSUIS-VERT-10-Jean-Adrien-Morandeau-112-1024x681.jpg 1024w, https:\/\/jsuisvert.com\/wp-content\/uploads\/2025\/06\/JSUIS-VERT-10-Jean-Adrien-Morandeau-112-300x200.jpg 300w, https:\/\/jsuisvert.com\/wp-content\/uploads\/2025\/06\/JSUIS-VERT-10-Jean-Adrien-Morandeau-112-768x511.jpg 768w, https:\/\/jsuisvert.com\/wp-content\/uploads\/2025\/06\/JSUIS-VERT-10-Jean-Adrien-Morandeau-112-1536x1022.jpg 1536w, https:\/\/jsuisvert.com\/wp-content\/uploads\/2025\/06\/JSUIS-VERT-10-Jean-Adrien-Morandeau-112-2048x1363.jpg 2048w, https:\/\/jsuisvert.com\/wp-content\/uploads\/2025\/06\/JSUIS-VERT-10-Jean-Adrien-Morandeau-112-500x333.jpg 500w, https:\/\/jsuisvert.com\/wp-content\/uploads\/2025\/06\/JSUIS-VERT-10-Jean-Adrien-Morandeau-112-800x532.jpg 800w, https:\/\/jsuisvert.com\/wp-content\/uploads\/2025\/06\/JSUIS-VERT-10-Jean-Adrien-Morandeau-112-1280x852.jpg 1280w\" sizes=\"auto, (max-width: 1024px) 100vw, 1024px\" \/><\/a><\/figure>\n\n\n\n<figure class=\"wp-block-image size-large\"><a href=\"https:\/\/jsuisvert.com\/wp-content\/uploads\/2025\/06\/JSUIS-VERT-10-Jean-Adrien-Morandeau-113-scaled.jpg\"><img loading=\"lazy\" decoding=\"async\" width=\"1024\" height=\"681\" data-id=\"2730\" src=\"https:\/\/jsuisvert.com\/wp-content\/uploads\/2025\/06\/JSUIS-VERT-10-Jean-Adrien-Morandeau-113-1024x681.jpg\" alt=\"\" class=\"wp-image-2730\" srcset=\"https:\/\/jsuisvert.com\/wp-content\/uploads\/2025\/06\/JSUIS-VERT-10-Jean-Adrien-Morandeau-113-1024x681.jpg 1024w, https:\/\/jsuisvert.com\/wp-content\/uploads\/2025\/06\/JSUIS-VERT-10-Jean-Adrien-Morandeau-113-300x200.jpg 300w, https:\/\/jsuisvert.com\/wp-content\/uploads\/2025\/06\/JSUIS-VERT-10-Jean-Adrien-Morandeau-113-768x511.jpg 768w, https:\/\/jsuisvert.com\/wp-content\/uploads\/2025\/06\/JSUIS-VERT-10-Jean-Adrien-Morandeau-113-1536x1022.jpg 1536w, https:\/\/jsuisvert.com\/wp-content\/uploads\/2025\/06\/JSUIS-VERT-10-Jean-Adrien-Morandeau-113-2048x1363.jpg 2048w, https:\/\/jsuisvert.com\/wp-content\/uploads\/2025\/06\/JSUIS-VERT-10-Jean-Adrien-Morandeau-113-500x333.jpg 500w, https:\/\/jsuisvert.com\/wp-content\/uploads\/2025\/06\/JSUIS-VERT-10-Jean-Adrien-Morandeau-113-800x532.jpg 800w, https:\/\/jsuisvert.com\/wp-content\/uploads\/2025\/06\/JSUIS-VERT-10-Jean-Adrien-Morandeau-113-1280x852.jpg 1280w, https:\/\/jsuisvert.com\/wp-content\/uploads\/2025\/06\/JSUIS-VERT-10-Jean-Adrien-Morandeau-113-1920x1277.jpg 1920w, https:\/\/jsuisvert.com\/wp-content\/uploads\/2025\/06\/JSUIS-VERT-10-Jean-Adrien-Morandeau-113-174x116.jpg 174w\" sizes=\"auto, (max-width: 1024px) 100vw, 1024px\" \/><\/a><\/figure>\n\n\n\n<figure class=\"wp-block-image size-large\"><a href=\"https:\/\/jsuisvert.com\/wp-content\/uploads\/2025\/06\/JSUIS-VERT-10-Jean-Adrien-Morandeau-114-scaled.jpg\"><img loading=\"lazy\" decoding=\"async\" width=\"1024\" height=\"681\" data-id=\"2731\" src=\"https:\/\/jsuisvert.com\/wp-content\/uploads\/2025\/06\/JSUIS-VERT-10-Jean-Adrien-Morandeau-114-1024x681.jpg\" alt=\"\" class=\"wp-image-2731\" srcset=\"https:\/\/jsuisvert.com\/wp-content\/uploads\/2025\/06\/JSUIS-VERT-10-Jean-Adrien-Morandeau-114-1024x681.jpg 1024w, https:\/\/jsuisvert.com\/wp-content\/uploads\/2025\/06\/JSUIS-VERT-10-Jean-Adrien-Morandeau-114-300x200.jpg 300w, https:\/\/jsuisvert.com\/wp-content\/uploads\/2025\/06\/JSUIS-VERT-10-Jean-Adrien-Morandeau-114-768x511.jpg 768w, https:\/\/jsuisvert.com\/wp-content\/uploads\/2025\/06\/JSUIS-VERT-10-Jean-Adrien-Morandeau-114-1536x1022.jpg 1536w, https:\/\/jsuisvert.com\/wp-content\/uploads\/2025\/06\/JSUIS-VERT-10-Jean-Adrien-Morandeau-114-2048x1363.jpg 2048w, https:\/\/jsuisvert.com\/wp-content\/uploads\/2025\/06\/JSUIS-VERT-10-Jean-Adrien-Morandeau-114-500x333.jpg 500w, https:\/\/jsuisvert.com\/wp-content\/uploads\/2025\/06\/JSUIS-VERT-10-Jean-Adrien-Morandeau-114-800x532.jpg 800w, https:\/\/jsuisvert.com\/wp-content\/uploads\/2025\/06\/JSUIS-VERT-10-Jean-Adrien-Morandeau-114-1280x852.jpg 1280w\" sizes=\"auto, (max-width: 1024px) 100vw, 1024px\" \/><\/a><\/figure>\n\n\n\n<figure class=\"wp-block-image size-large\"><a href=\"https:\/\/jsuisvert.com\/wp-content\/uploads\/2025\/06\/JSUIS-VERT-10-Jean-Adrien-Morandeau-115-scaled.jpg\"><img loading=\"lazy\" decoding=\"async\" width=\"1024\" height=\"681\" data-id=\"2732\" src=\"https:\/\/jsuisvert.com\/wp-content\/uploads\/2025\/06\/JSUIS-VERT-10-Jean-Adrien-Morandeau-115-1024x681.jpg\" alt=\"\" class=\"wp-image-2732\" srcset=\"https:\/\/jsuisvert.com\/wp-content\/uploads\/2025\/06\/JSUIS-VERT-10-Jean-Adrien-Morandeau-115-1024x681.jpg 1024w, https:\/\/jsuisvert.com\/wp-content\/uploads\/2025\/06\/JSUIS-VERT-10-Jean-Adrien-Morandeau-115-300x200.jpg 300w, https:\/\/jsuisvert.com\/wp-content\/uploads\/2025\/06\/JSUIS-VERT-10-Jean-Adrien-Morandeau-115-768x511.jpg 768w, https:\/\/jsuisvert.com\/wp-content\/uploads\/2025\/06\/JSUIS-VERT-10-Jean-Adrien-Morandeau-115-1536x1022.jpg 1536w, https:\/\/jsuisvert.com\/wp-content\/uploads\/2025\/06\/JSUIS-VERT-10-Jean-Adrien-Morandeau-115-2048x1363.jpg 2048w, https:\/\/jsuisvert.com\/wp-content\/uploads\/2025\/06\/JSUIS-VERT-10-Jean-Adrien-Morandeau-115-500x333.jpg 500w, https:\/\/jsuisvert.com\/wp-content\/uploads\/2025\/06\/JSUIS-VERT-10-Jean-Adrien-Morandeau-115-800x532.jpg 800w, https:\/\/jsuisvert.com\/wp-content\/uploads\/2025\/06\/JSUIS-VERT-10-Jean-Adrien-Morandeau-115-1280x852.jpg 1280w, https:\/\/jsuisvert.com\/wp-content\/uploads\/2025\/06\/JSUIS-VERT-10-Jean-Adrien-Morandeau-115-1920x1277.jpg 1920w, https:\/\/jsuisvert.com\/wp-content\/uploads\/2025\/06\/JSUIS-VERT-10-Jean-Adrien-Morandeau-115-174x116.jpg 174w\" sizes=\"auto, (max-width: 1024px) 100vw, 1024px\" \/><\/a><\/figure>\n\n\n\n<figure class=\"wp-block-image size-full\"><a href=\"http:\/\/jsuisvert.com\/wp-content\/uploads\/2025\/06\/JSUIS-VERT-10-Jean-Adrien-Morandeau-109-scaled.jpg\"><img loading=\"lazy\" decoding=\"async\" width=\"2560\" height=\"1703\" data-id=\"2746\" src=\"http:\/\/jsuisvert.com\/wp-content\/uploads\/2025\/06\/JSUIS-VERT-10-Jean-Adrien-Morandeau-109-scaled.jpg\" alt=\"\" class=\"wp-image-2746\" srcset=\"https:\/\/jsuisvert.com\/wp-content\/uploads\/2025\/06\/JSUIS-VERT-10-Jean-Adrien-Morandeau-109-scaled.jpg 2560w, https:\/\/jsuisvert.com\/wp-content\/uploads\/2025\/06\/JSUIS-VERT-10-Jean-Adrien-Morandeau-109-300x200.jpg 300w\" sizes=\"auto, (max-width: 2560px) 100vw, 2560px\" \/><\/a><\/figure>\n<\/figure>\n\n\n\n<p><\/p>\n\n\n\n<p class=\"has-medium-font-size\"><strong>Horizontal Francis bouscule le rock avec ses riffs ravageurs et sa po\u00e9sie barr\u00e9e. Entre \u00e9nergie brute et d\u00e9lires surr\u00e9alistes, ce quintet breton balance un son fi\u00e9vreux, port\u00e9 par une intensit\u00e9 sc\u00e9nique \u00e9lectrique. Avec Au revoir chevals (2024), ils confirment leur univers explosif et impr\u00e9visible. Attendez-vous \u00e0 une temp\u00eate sonore et un chaos jubilatoire !<\/strong><\/p>\n\n\n\n<figure class=\"wp-block-image size-large\"><a href=\"https:\/\/jsuisvert.com\/wp-content\/uploads\/2025\/04\/horizontalfrancismpt-3.png\"><img loading=\"lazy\" decoding=\"async\" width=\"1024\" height=\"576\" src=\"https:\/\/jsuisvert.com\/wp-content\/uploads\/2025\/04\/horizontalfrancismpt-3-1024x576.png\" alt=\"\" class=\"wp-image-2601\" srcset=\"https:\/\/jsuisvert.com\/wp-content\/uploads\/2025\/04\/horizontalfrancismpt-3-1024x576.png 1024w, https:\/\/jsuisvert.com\/wp-content\/uploads\/2025\/04\/horizontalfrancismpt-3-300x169.png 300w, https:\/\/jsuisvert.com\/wp-content\/uploads\/2025\/04\/horizontalfrancismpt-3-768x432.png 768w, https:\/\/jsuisvert.com\/wp-content\/uploads\/2025\/04\/horizontalfrancismpt-3-1536x864.png 1536w, https:\/\/jsuisvert.com\/wp-content\/uploads\/2025\/04\/horizontalfrancismpt-3-500x281.png 500w, https:\/\/jsuisvert.com\/wp-content\/uploads\/2025\/04\/horizontalfrancismpt-3-800x450.png 800w, https:\/\/jsuisvert.com\/wp-content\/uploads\/2025\/04\/horizontalfrancismpt-3-1280x720.png 1280w, https:\/\/jsuisvert.com\/wp-content\/uploads\/2025\/04\/horizontalfrancismpt-3-206x116.png 206w, https:\/\/jsuisvert.com\/wp-content\/uploads\/2025\/04\/horizontalfrancismpt-3.png 1920w\" sizes=\"auto, (max-width: 1024px) 100vw, 1024px\" \/><\/a><\/figure>\n\n\n\n<p class=\"has-text-align-center\"><\/p>\n\n\n\n<figure class=\"wp-block-gallery aligncenter has-nested-images columns-default is-cropped wp-block-gallery-2 is-layout-flex wp-block-gallery-is-layout-flex\">\n<figure class=\"wp-block-image size-large\"><a href=\"http:\/\/jsuisvert.com\/wp-content\/uploads\/2025\/04\/victorcheval.png\"><img loading=\"lazy\" decoding=\"async\" width=\"1024\" height=\"1024\" data-id=\"2544\" src=\"http:\/\/jsuisvert.com\/wp-content\/uploads\/2025\/04\/victorcheval-1024x1024.png\" alt=\"\" class=\"wp-image-2544\" srcset=\"https:\/\/jsuisvert.com\/wp-content\/uploads\/2025\/04\/victorcheval-1024x1024.png 1024w, https:\/\/jsuisvert.com\/wp-content\/uploads\/2025\/04\/victorcheval-300x300.png 300w, https:\/\/jsuisvert.com\/wp-content\/uploads\/2025\/04\/victorcheval-150x150.png 150w, https:\/\/jsuisvert.com\/wp-content\/uploads\/2025\/04\/victorcheval-768x768.png 768w, https:\/\/jsuisvert.com\/wp-content\/uploads\/2025\/04\/victorcheval-1536x1536.png 1536w, https:\/\/jsuisvert.com\/wp-content\/uploads\/2025\/04\/victorcheval-500x500.png 500w, https:\/\/jsuisvert.com\/wp-content\/uploads\/2025\/04\/victorcheval-800x800.png 800w, https:\/\/jsuisvert.com\/wp-content\/uploads\/2025\/04\/victorcheval-1280x1280.png 1280w, https:\/\/jsuisvert.com\/wp-content\/uploads\/2025\/04\/victorcheval-116x116.png 116w, https:\/\/jsuisvert.com\/wp-content\/uploads\/2025\/04\/victorcheval.png 1701w\" sizes=\"auto, (max-width: 1024px) 100vw, 1024px\" \/><\/a><\/figure>\n\n\n\n<figure class=\"wp-block-image size-large\"><a href=\"http:\/\/jsuisvert.com\/wp-content\/uploads\/2025\/04\/IMG_2277_VC.jpg\"><img loading=\"lazy\" decoding=\"async\" width=\"1024\" height=\"1024\" data-id=\"2543\" src=\"http:\/\/jsuisvert.com\/wp-content\/uploads\/2025\/04\/IMG_2277_VC-1024x1024.jpg\" alt=\"\" class=\"wp-image-2543\" srcset=\"https:\/\/jsuisvert.com\/wp-content\/uploads\/2025\/04\/IMG_2277_VC-1024x1024.jpg 1024w, https:\/\/jsuisvert.com\/wp-content\/uploads\/2025\/04\/IMG_2277_VC-300x300.jpg 300w, https:\/\/jsuisvert.com\/wp-content\/uploads\/2025\/04\/IMG_2277_VC-150x150.jpg 150w, https:\/\/jsuisvert.com\/wp-content\/uploads\/2025\/04\/IMG_2277_VC-768x768.jpg 768w, https:\/\/jsuisvert.com\/wp-content\/uploads\/2025\/04\/IMG_2277_VC-1536x1536.jpg 1536w, https:\/\/jsuisvert.com\/wp-content\/uploads\/2025\/04\/IMG_2277_VC-500x500.jpg 500w, https:\/\/jsuisvert.com\/wp-content\/uploads\/2025\/04\/IMG_2277_VC-800x800.jpg 800w, https:\/\/jsuisvert.com\/wp-content\/uploads\/2025\/04\/IMG_2277_VC-1280x1280.jpg 1280w, https:\/\/jsuisvert.com\/wp-content\/uploads\/2025\/04\/IMG_2277_VC-116x116.jpg 116w, https:\/\/jsuisvert.com\/wp-content\/uploads\/2025\/04\/IMG_2277_VC.jpg 1701w\" sizes=\"auto, (max-width: 1024px) 100vw, 1024px\" \/><\/a><\/figure>\n\n\n\n<figure class=\"wp-block-image size-large\"><a href=\"http:\/\/jsuisvert.com\/wp-content\/uploads\/2025\/04\/\u00a9reflexe-o-logique-1-scaled.jpg\"><img loading=\"lazy\" decoding=\"async\" width=\"1024\" height=\"683\" data-id=\"2541\" src=\"https:\/\/jsuisvert.com\/wp-content\/uploads\/2025\/04\/\u00a9reflexe-o-logique-1-1024x683.jpg\" alt=\"\" class=\"wp-image-2541\" srcset=\"https:\/\/jsuisvert.com\/wp-content\/uploads\/2025\/04\/\u00a9reflexe-o-logique-1-1024x683.jpg 1024w, https:\/\/jsuisvert.com\/wp-content\/uploads\/2025\/04\/\u00a9reflexe-o-logique-1-300x200.jpg 300w, https:\/\/jsuisvert.com\/wp-content\/uploads\/2025\/04\/\u00a9reflexe-o-logique-1-768x512.jpg 768w, https:\/\/jsuisvert.com\/wp-content\/uploads\/2025\/04\/\u00a9reflexe-o-logique-1-1536x1024.jpg 1536w, https:\/\/jsuisvert.com\/wp-content\/uploads\/2025\/04\/\u00a9reflexe-o-logique-1-2048x1366.jpg 2048w, https:\/\/jsuisvert.com\/wp-content\/uploads\/2025\/04\/\u00a9reflexe-o-logique-1-500x333.jpg 500w, https:\/\/jsuisvert.com\/wp-content\/uploads\/2025\/04\/\u00a9reflexe-o-logique-1-800x534.jpg 800w, https:\/\/jsuisvert.com\/wp-content\/uploads\/2025\/04\/\u00a9reflexe-o-logique-1-1280x854.jpg 1280w, https:\/\/jsuisvert.com\/wp-content\/uploads\/2025\/04\/\u00a9reflexe-o-logique-1-1920x1280.jpg 1920w, https:\/\/jsuisvert.com\/wp-content\/uploads\/2025\/04\/\u00a9reflexe-o-logique-1-174x116.jpg 174w\" sizes=\"auto, (max-width: 1024px) 100vw, 1024px\" \/><\/a><\/figure>\n\n\n\n<figure class=\"wp-block-image size-large\"><a href=\"http:\/\/jsuisvert.com\/wp-content\/uploads\/2025\/04\/01022024-DSC04306-scaled.jpg\"><img loading=\"lazy\" decoding=\"async\" width=\"1024\" height=\"1024\" data-id=\"2552\" src=\"http:\/\/jsuisvert.com\/wp-content\/uploads\/2025\/04\/01022024-DSC04306-1024x1024.jpg\" alt=\"\" class=\"wp-image-2552\" srcset=\"https:\/\/jsuisvert.com\/wp-content\/uploads\/2025\/04\/01022024-DSC04306-1024x1024.jpg 1024w, https:\/\/jsuisvert.com\/wp-content\/uploads\/2025\/04\/01022024-DSC04306-300x300.jpg 300w, https:\/\/jsuisvert.com\/wp-content\/uploads\/2025\/04\/01022024-DSC04306-150x150.jpg 150w, https:\/\/jsuisvert.com\/wp-content\/uploads\/2025\/04\/01022024-DSC04306-768x768.jpg 768w, https:\/\/jsuisvert.com\/wp-content\/uploads\/2025\/04\/01022024-DSC04306-1536x1536.jpg 1536w, https:\/\/jsuisvert.com\/wp-content\/uploads\/2025\/04\/01022024-DSC04306-2048x2048.jpg 2048w, https:\/\/jsuisvert.com\/wp-content\/uploads\/2025\/04\/01022024-DSC04306-500x500.jpg 500w, https:\/\/jsuisvert.com\/wp-content\/uploads\/2025\/04\/01022024-DSC04306-800x800.jpg 800w, https:\/\/jsuisvert.com\/wp-content\/uploads\/2025\/04\/01022024-DSC04306-1280x1280.jpg 1280w, https:\/\/jsuisvert.com\/wp-content\/uploads\/2025\/04\/01022024-DSC04306-1920x1920.jpg 1920w, https:\/\/jsuisvert.com\/wp-content\/uploads\/2025\/04\/01022024-DSC04306-116x116.jpg 116w\" sizes=\"auto, (max-width: 1024px) 100vw, 1024px\" \/><\/a><\/figure>\n\n\n\n<figure class=\"wp-block-image size-large\"><a href=\"http:\/\/jsuisvert.com\/wp-content\/uploads\/2025\/04\/01022024-DSC04311-scaled.jpg\"><img loading=\"lazy\" decoding=\"async\" width=\"1024\" height=\"684\" data-id=\"2553\" src=\"http:\/\/jsuisvert.com\/wp-content\/uploads\/2025\/04\/01022024-DSC04311-1024x684.jpg\" alt=\"\" class=\"wp-image-2553\" srcset=\"https:\/\/jsuisvert.com\/wp-content\/uploads\/2025\/04\/01022024-DSC04311-1024x684.jpg 1024w, https:\/\/jsuisvert.com\/wp-content\/uploads\/2025\/04\/01022024-DSC04311-300x200.jpg 300w, https:\/\/jsuisvert.com\/wp-content\/uploads\/2025\/04\/01022024-DSC04311-768x513.jpg 768w, https:\/\/jsuisvert.com\/wp-content\/uploads\/2025\/04\/01022024-DSC04311-1536x1026.jpg 1536w, https:\/\/jsuisvert.com\/wp-content\/uploads\/2025\/04\/01022024-DSC04311-2048x1368.jpg 2048w, https:\/\/jsuisvert.com\/wp-content\/uploads\/2025\/04\/01022024-DSC04311-500x334.jpg 500w, https:\/\/jsuisvert.com\/wp-content\/uploads\/2025\/04\/01022024-DSC04311-800x534.jpg 800w, https:\/\/jsuisvert.com\/wp-content\/uploads\/2025\/04\/01022024-DSC04311-1280x855.jpg 1280w, https:\/\/jsuisvert.com\/wp-content\/uploads\/2025\/04\/01022024-DSC04311-1920x1282.jpg 1920w, https:\/\/jsuisvert.com\/wp-content\/uploads\/2025\/04\/01022024-DSC04311-174x116.jpg 174w\" sizes=\"auto, (max-width: 1024px) 100vw, 1024px\" \/><\/a><\/figure>\n\n\n\n<figure class=\"wp-block-image size-large\"><a href=\"http:\/\/jsuisvert.com\/wp-content\/uploads\/2025\/04\/01022024-DSC04285-scaled.jpg\"><img loading=\"lazy\" decoding=\"async\" width=\"1024\" height=\"684\" data-id=\"2551\" src=\"http:\/\/jsuisvert.com\/wp-content\/uploads\/2025\/04\/01022024-DSC04285-1024x684.jpg\" alt=\"\" class=\"wp-image-2551\" srcset=\"https:\/\/jsuisvert.com\/wp-content\/uploads\/2025\/04\/01022024-DSC04285-1024x684.jpg 1024w, https:\/\/jsuisvert.com\/wp-content\/uploads\/2025\/04\/01022024-DSC04285-300x200.jpg 300w, https:\/\/jsuisvert.com\/wp-content\/uploads\/2025\/04\/01022024-DSC04285-768x513.jpg 768w, https:\/\/jsuisvert.com\/wp-content\/uploads\/2025\/04\/01022024-DSC04285-1536x1026.jpg 1536w, https:\/\/jsuisvert.com\/wp-content\/uploads\/2025\/04\/01022024-DSC04285-2048x1368.jpg 2048w, https:\/\/jsuisvert.com\/wp-content\/uploads\/2025\/04\/01022024-DSC04285-500x334.jpg 500w, https:\/\/jsuisvert.com\/wp-content\/uploads\/2025\/04\/01022024-DSC04285-800x534.jpg 800w, https:\/\/jsuisvert.com\/wp-content\/uploads\/2025\/04\/01022024-DSC04285-1280x855.jpg 1280w, https:\/\/jsuisvert.com\/wp-content\/uploads\/2025\/04\/01022024-DSC04285-1920x1282.jpg 1920w, https:\/\/jsuisvert.com\/wp-content\/uploads\/2025\/04\/01022024-DSC04285-174x116.jpg 174w\" sizes=\"auto, (max-width: 1024px) 100vw, 1024px\" \/><\/a><\/figure>\n\n\n\n<figure class=\"wp-block-image size-large\"><a href=\"http:\/\/jsuisvert.com\/wp-content\/uploads\/2025\/04\/01022024-DSC04198-scaled.jpg\"><img loading=\"lazy\" decoding=\"async\" width=\"1024\" height=\"684\" data-id=\"2547\" src=\"http:\/\/jsuisvert.com\/wp-content\/uploads\/2025\/04\/01022024-DSC04198-1024x684.jpg\" alt=\"\" class=\"wp-image-2547\" srcset=\"https:\/\/jsuisvert.com\/wp-content\/uploads\/2025\/04\/01022024-DSC04198-1024x684.jpg 1024w, https:\/\/jsuisvert.com\/wp-content\/uploads\/2025\/04\/01022024-DSC04198-300x200.jpg 300w, https:\/\/jsuisvert.com\/wp-content\/uploads\/2025\/04\/01022024-DSC04198-768x513.jpg 768w, https:\/\/jsuisvert.com\/wp-content\/uploads\/2025\/04\/01022024-DSC04198-1536x1026.jpg 1536w, https:\/\/jsuisvert.com\/wp-content\/uploads\/2025\/04\/01022024-DSC04198-2048x1368.jpg 2048w, https:\/\/jsuisvert.com\/wp-content\/uploads\/2025\/04\/01022024-DSC04198-500x334.jpg 500w, https:\/\/jsuisvert.com\/wp-content\/uploads\/2025\/04\/01022024-DSC04198-800x534.jpg 800w, https:\/\/jsuisvert.com\/wp-content\/uploads\/2025\/04\/01022024-DSC04198-1280x855.jpg 1280w, https:\/\/jsuisvert.com\/wp-content\/uploads\/2025\/04\/01022024-DSC04198-1920x1282.jpg 1920w, https:\/\/jsuisvert.com\/wp-content\/uploads\/2025\/04\/01022024-DSC04198-174x116.jpg 174w\" sizes=\"auto, (max-width: 1024px) 100vw, 1024px\" \/><\/a><\/figure>\n<\/figure>\n","protected":false},"excerpt":{"rendered":"<p>Horizontal Francis bouscule le rock avec ses riffs ravageurs et sa po\u00e9sie barr\u00e9e. Entre \u00e9nergie brute et d\u00e9lires surr\u00e9alistes, ce &hellip; <a href=\"https:\/\/jsuisvert.com\/?page_id=2540\" class=\"more-link\">Continue reading <span class=\"screen-reader-text\">HORIZONTAL FRANCIS<\/span><\/a><\/p>\n","protected":false},"author":6,"featured_media":0,"parent":0,"menu_order":0,"comment_status":"closed","ping_status":"closed","template":"","meta":{"footnotes":""},"class_list":["post-2540","page","type-page","status-publish","hentry"],"_links":{"self":[{"href":"https:\/\/jsuisvert.com\/index.php?rest_route=\/wp\/v2\/pages\/2540","targetHints":{"allow":["GET"]}}],"collection":[{"href":"https:\/\/jsuisvert.com\/index.php?rest_route=\/wp\/v2\/pages"}],"about":[{"href":"https:\/\/jsuisvert.com\/index.php?rest_route=\/wp\/v2\/types\/page"}],"author":[{"embeddable":true,"href":"https:\/\/jsuisvert.com\/index.php?rest_route=\/wp\/v2\/users\/6"}],"replies":[{"embeddable":true,"href":"https:\/\/jsuisvert.com\/index.php?rest_route=%2Fwp%2Fv2%2Fcomments&post=2540"}],"version-history":[{"count":22,"href":"https:\/\/jsuisvert.com\/index.php?rest_route=\/wp\/v2\/pages\/2540\/revisions"}],"predecessor-version":[{"id":2748,"href":"https:\/\/jsuisvert.com\/index.php?rest_route=\/wp\/v2\/pages\/2540\/revisions\/2748"}],"wp:attachment":[{"href":"https:\/\/jsuisvert.com\/index.php?rest_route=%2Fwp%2Fv2%2Fmedia&parent=2540"}],"curies":[{"name":"wp","href":"https:\/\/api.w.org\/{rel}","templated":true}]}}