{"id":2421,"date":"2024-05-23T14:52:09","date_gmt":"2024-05-23T12:52:09","guid":{"rendered":"https:\/\/jsuisvert.com\/?page_id=2421"},"modified":"2024-05-24T15:51:17","modified_gmt":"2024-05-24T13:51:17","slug":"dj-team-nn6","status":"publish","type":"page","link":"https:\/\/jsuisvert.com\/?page_id=2421","title":{"rendered":"DJ TEAM NN6"},"content":{"rendered":"\n<hr class=\"wp-block-separator has-alpha-channel-opacity\"\/>\n\n\n\n<h2 class=\"wp-block-heading has-text-align-center has-white-color has-black-background-color has-text-color has-background has-link-color has-large-font-size wp-elements-30100093c78132bbe5328eea43122d54\" style=\"font-style:normal;font-weight:700\">SETLIST<\/h2>\n\n\n\n<p class=\"has-text-align-center has-white-color has-black-background-color has-text-color has-background has-link-color has-medium-font-size wp-elements-4642b44893751c2c759e57e4052bf07f\" style=\"font-style:normal;font-weight:500\">18h-18h30 DJ Hummus<br>18h30-19h00 DJ Anvers<br>19h00-19h30 DJ Ju\u00f1ior<br>19h30-19h45 DJ Peanuts<br>20h25-20h55 DJ Las Vegas<br>21h40-22h10 DJ Kvinna<br>22h10-22h25 DJ Peanuts<\/p>\n\n\n\n<div class=\"wp-block-columns is-layout-flex wp-container-core-columns-is-layout-1 wp-block-columns-is-layout-flex\">\n<div class=\"wp-block-column is-layout-flow wp-block-column-is-layout-flow\">\n<h2 class=\"wp-block-heading has-text-align-center has-white-color has-black-background-color has-text-color has-background has-link-color has-large-font-size wp-elements-5ac39bd61588f6540d987c5db6a4d681\" style=\"font-style:normal;font-weight:700\">DJ Peanuts<\/h2>\n\n\n\n<figure class=\"wp-block-image size-full\"><a href=\"https:\/\/jsuisvert.com\/wp-content\/uploads\/2024\/05\/image-10.png\"><img loading=\"lazy\" decoding=\"async\" width=\"1009\" height=\"911\" src=\"https:\/\/jsuisvert.com\/wp-content\/uploads\/2024\/05\/image-10.png\" alt=\"\" class=\"wp-image-2430\" srcset=\"https:\/\/jsuisvert.com\/wp-content\/uploads\/2024\/05\/image-10.png 1009w, https:\/\/jsuisvert.com\/wp-content\/uploads\/2024\/05\/image-10-300x271.png 300w, https:\/\/jsuisvert.com\/wp-content\/uploads\/2024\/05\/image-10-768x693.png 768w, https:\/\/jsuisvert.com\/wp-content\/uploads\/2024\/05\/image-10-500x451.png 500w, https:\/\/jsuisvert.com\/wp-content\/uploads\/2024\/05\/image-10-800x722.png 800w, https:\/\/jsuisvert.com\/wp-content\/uploads\/2024\/05\/image-10-128x116.png 128w\" sizes=\"auto, (max-width: 1009px) 100vw, 1009px\" \/><\/a><\/figure>\n\n\n\n<p class=\"has-text-align-center has-white-color has-black-background-color has-text-color has-background has-link-color has-medium-font-size wp-elements-669a6c5725dc5e0aa6ee7e5957ac75dc\" style=\"font-style:normal;font-weight:500\">From the Bonifacio underground scene known to electro aficionados as &lsquo;Le maquis&rsquo;, DJ Peanuts produced his first set at the age of 7 with his Christmas present &lsquo;La dict\u00e9e magique&rsquo;. After brilliant studies at Science Po Paris, and a whirlwind career with the French political party &lsquo;P\u00eache, chasse et tradition&rsquo;, he returned to his first love: DJ performance and electro music, but without finding his public.<br>He expected a lot from life, but all he got was Peanuts.<\/p>\n<\/div>\n<\/div>\n\n\n\n<div class=\"wp-block-columns is-layout-flex wp-container-core-columns-is-layout-2 wp-block-columns-is-layout-flex\">\n<div class=\"wp-block-column is-layout-flow wp-block-column-is-layout-flow\">\n<h2 class=\"wp-block-heading has-text-align-center has-white-color has-black-background-color has-text-color has-background has-link-color has-large-font-size wp-elements-a1bb231e07ae269a28d3046591a46c35\" style=\"font-style:normal;font-weight:700\">DJ Anvers<\/h2>\n\n\n<div class=\"wp-block-image\">\n<figure class=\"aligncenter size-full\"><a href=\"https:\/\/jsuisvert.com\/wp-content\/uploads\/2024\/05\/image-11.png\"><img loading=\"lazy\" decoding=\"async\" width=\"512\" height=\"681\" src=\"https:\/\/jsuisvert.com\/wp-content\/uploads\/2024\/05\/image-11.png\" alt=\"\" class=\"wp-image-2431\" srcset=\"https:\/\/jsuisvert.com\/wp-content\/uploads\/2024\/05\/image-11.png 512w, https:\/\/jsuisvert.com\/wp-content\/uploads\/2024\/05\/image-11-226x300.png 226w, https:\/\/jsuisvert.com\/wp-content\/uploads\/2024\/05\/image-11-500x665.png 500w, https:\/\/jsuisvert.com\/wp-content\/uploads\/2024\/05\/image-11-87x116.png 87w\" sizes=\"auto, (max-width: 512px) 100vw, 512px\" \/><\/a><\/figure><\/div>\n\n\n<p class=\"has-text-align-center has-white-color has-black-background-color has-text-color has-background has-link-color has-medium-font-size wp-elements-48573331ca70a9e62c3acea576b4b17e\" style=\"font-style:normal;font-weight:500\">DJ Anvers, as not mentioned by his name, never set foot in Belgium.<br>His aim is to get at least 3 people dancing at the same time.<br>For J&rsquo;suis vert he&rsquo;s pumped up and will be more than ever true to his motto: \u00ab\u00a0En vert et avec tous\u00a0\u00bb (In green and with all).<br>Pom Pom Pom DJ\u00e9\u00e9\u00e9AnVers \ud83d\ude09<\/p>\n<\/div>\n<\/div>\n\n\n\n<div class=\"wp-block-columns is-layout-flex wp-container-core-columns-is-layout-3 wp-block-columns-is-layout-flex\">\n<div class=\"wp-block-column is-layout-flow wp-block-column-is-layout-flow\">\n<h2 class=\"wp-block-heading has-text-align-center has-white-color has-black-background-color has-text-color has-background has-link-color has-large-font-size wp-elements-043092d04f4c677d8ffc631af49cda6c\" style=\"font-style:normal;font-weight:700\">DJ Hummus<\/h2>\n\n\n<div class=\"wp-block-image\">\n<figure class=\"aligncenter size-full\"><a href=\"https:\/\/jsuisvert.com\/wp-content\/uploads\/2024\/05\/image-12.png\"><img loading=\"lazy\" decoding=\"async\" width=\"512\" height=\"911\" src=\"https:\/\/jsuisvert.com\/wp-content\/uploads\/2024\/05\/image-12.png\" alt=\"\" class=\"wp-image-2432\" srcset=\"https:\/\/jsuisvert.com\/wp-content\/uploads\/2024\/05\/image-12.png 512w, https:\/\/jsuisvert.com\/wp-content\/uploads\/2024\/05\/image-12-169x300.png 169w, https:\/\/jsuisvert.com\/wp-content\/uploads\/2024\/05\/image-12-500x890.png 500w, https:\/\/jsuisvert.com\/wp-content\/uploads\/2024\/05\/image-12-65x116.png 65w\" sizes=\"auto, (max-width: 512px) 100vw, 512px\" \/><\/a><\/figure><\/div>\n\n\n<p class=\"has-text-align-center has-white-color has-black-background-color has-text-color has-background has-link-color has-medium-font-size wp-elements-d686a995a36f116d67f3faf8426ace7b\" style=\"font-style:normal;font-weight:500\">the Sultan of Snacktime Beats, is a culinary DJ sensation who blends chickpea rhythms with garlic grooves. Raised in the underground kitchens of Beirut, DJ Hummus first started scratching records on pita bread before turning tables at his local falafel shop. Known for his smash hit \u00ab\u00a0Tahini Turntable,\u00a0\u00bb he spices up the dance floor with a perfect mix of smooth and chunky tracks. When he&rsquo;s not whipping up tasty tunes, DJ Hummus can be found crafting the ultimate party dip or battling his arch-nemesis, MC Baba Ghanoush, in epic beat battles. His shows are always a feast for the senses, leaving the crowd shouting, \u00ab\u00a0We want Hummus!\u00a0\u00bb<\/p>\n<\/div>\n<\/div>\n\n\n\n<div class=\"wp-block-columns is-layout-flex wp-container-core-columns-is-layout-4 wp-block-columns-is-layout-flex\">\n<div class=\"wp-block-column is-layout-flow wp-block-column-is-layout-flow\">\n<h2 class=\"wp-block-heading has-text-align-center has-white-color has-black-background-color has-text-color has-background has-link-color has-large-font-size wp-elements-a80da62f5f356f0a64cd899b174c0e93\" style=\"font-style:normal;font-weight:700\">DJ Las Vegas<\/h2>\n\n\n<div class=\"wp-block-image\">\n<figure class=\"aligncenter size-full\"><a href=\"https:\/\/jsuisvert.com\/wp-content\/uploads\/2024\/05\/image-13.png\"><img loading=\"lazy\" decoding=\"async\" width=\"512\" height=\"911\" src=\"https:\/\/jsuisvert.com\/wp-content\/uploads\/2024\/05\/image-13.png\" alt=\"\" class=\"wp-image-2433\" srcset=\"https:\/\/jsuisvert.com\/wp-content\/uploads\/2024\/05\/image-13.png 512w, https:\/\/jsuisvert.com\/wp-content\/uploads\/2024\/05\/image-13-169x300.png 169w, https:\/\/jsuisvert.com\/wp-content\/uploads\/2024\/05\/image-13-500x890.png 500w, https:\/\/jsuisvert.com\/wp-content\/uploads\/2024\/05\/image-13-65x116.png 65w\" sizes=\"auto, (max-width: 512px) 100vw, 512px\" \/><\/a><\/figure><\/div>\n\n\n<p class=\"has-text-align-center has-white-color has-black-background-color has-text-color has-background has-link-color has-medium-font-size wp-elements-34c92659b1051b58199755361e070e34\" style=\"font-style:normal;font-weight:500\">En Tourn\u00e9e r\u00e9guli\u00e8re dans les salles d\u2019Amsterdam, de Las Vegas, de Barcelone et de Plou\u00e9dern, toujours meilleur le deuxi\u00e8me soir comme le veut la tradition am\u00e9ricaine, il revient avec un set pointu con\u00e7u avec une id\u00e9e en t\u00eate : faire danser Philou.<\/p>\n<\/div>\n<\/div>\n\n\n\n<h2 class=\"wp-block-heading has-text-align-center has-white-color has-black-background-color has-text-color has-background has-link-color has-large-font-size wp-elements-3112d05e5e2f28ecac10665e59d0c935\" style=\"font-style:normal;font-weight:700\">DJ Ju\u00f1ior<\/h2>\n\n\n<div class=\"wp-block-image\">\n<figure class=\"aligncenter size-full\"><a href=\"https:\/\/jsuisvert.com\/wp-content\/uploads\/2024\/05\/image-14.png\"><img loading=\"lazy\" decoding=\"async\" width=\"512\" height=\"384\" src=\"https:\/\/jsuisvert.com\/wp-content\/uploads\/2024\/05\/image-14.png\" alt=\"\" class=\"wp-image-2444\" srcset=\"https:\/\/jsuisvert.com\/wp-content\/uploads\/2024\/05\/image-14.png 512w, https:\/\/jsuisvert.com\/wp-content\/uploads\/2024\/05\/image-14-300x225.png 300w, https:\/\/jsuisvert.com\/wp-content\/uploads\/2024\/05\/image-14-500x375.png 500w, https:\/\/jsuisvert.com\/wp-content\/uploads\/2024\/05\/image-14-155x116.png 155w\" sizes=\"auto, (max-width: 512px) 100vw, 512px\" \/><\/a><\/figure><\/div>","protected":false},"excerpt":{"rendered":"<p>SETLIST 18h-18h30 DJ Hummus18h30-19h00 DJ Anvers19h00-19h30 DJ Ju\u00f1ior19h30-19h45 DJ Peanuts20h25-20h55 DJ Las Vegas21h40-22h10 DJ Kvinna22h10-22h25 DJ Peanuts DJ Peanuts From &hellip; <a href=\"https:\/\/jsuisvert.com\/?page_id=2421\" class=\"more-link\">Continue reading <span class=\"screen-reader-text\">DJ TEAM NN6<\/span><\/a><\/p>\n","protected":false},"author":7,"featured_media":0,"parent":0,"menu_order":0,"comment_status":"closed","ping_status":"closed","template":"","meta":{"footnotes":""},"class_list":["post-2421","page","type-page","status-publish","hentry"],"_links":{"self":[{"href":"https:\/\/jsuisvert.com\/index.php?rest_route=\/wp\/v2\/pages\/2421","targetHints":{"allow":["GET"]}}],"collection":[{"href":"https:\/\/jsuisvert.com\/index.php?rest_route=\/wp\/v2\/pages"}],"about":[{"href":"https:\/\/jsuisvert.com\/index.php?rest_route=\/wp\/v2\/types\/page"}],"author":[{"embeddable":true,"href":"https:\/\/jsuisvert.com\/index.php?rest_route=\/wp\/v2\/users\/7"}],"replies":[{"embeddable":true,"href":"https:\/\/jsuisvert.com\/index.php?rest_route=%2Fwp%2Fv2%2Fcomments&post=2421"}],"version-history":[{"count":13,"href":"https:\/\/jsuisvert.com\/index.php?rest_route=\/wp\/v2\/pages\/2421\/revisions"}],"predecessor-version":[{"id":2448,"href":"https:\/\/jsuisvert.com\/index.php?rest_route=\/wp\/v2\/pages\/2421\/revisions\/2448"}],"wp:attachment":[{"href":"https:\/\/jsuisvert.com\/index.php?rest_route=%2Fwp%2Fv2%2Fmedia&parent=2421"}],"curies":[{"name":"wp","href":"https:\/\/api.w.org\/{rel}","templated":true}]}}