{"id":2413,"date":"2024-05-22T10:42:37","date_gmt":"2024-05-22T08:42:37","guid":{"rendered":"https:\/\/jsuisvert.com\/?page_id=2413"},"modified":"2024-05-22T10:42:56","modified_gmt":"2024-05-22T08:42:56","slug":"we-are-crook","status":"publish","type":"page","link":"https:\/\/jsuisvert.com\/?page_id=2413","title":{"rendered":"We are Crook"},"content":{"rendered":"\n<hr class=\"wp-block-separator has-alpha-channel-opacity\"\/>\n\n\n\n<figure class=\"wp-block-image\"><img decoding=\"async\" src=\"blob:https:\/\/jsuisvert.com\/bae0dfc5-1e1d-4661-92ec-82c65ce64bdf\" alt=\"\"\/><\/figure>\n\n\n\n<p class=\"has-text-align-center has-white-color has-black-background-color has-text-color has-background has-link-color has-medium-font-size wp-elements-d63d01ddacbb2f874ed609db162af888\" style=\"font-style:normal;font-weight:400\">\u00ab&nbsp;We are crook est n\u00e9 \u00e0 l\u2019automne 2014 de la rencontre de Davy Mougin, barbu hirsute venu de l\u2019Est (de la France), membre du groupe Antisudoral, bidouilleur de sons en tous genres et amateur de cr\u00e9atures bizarres et subaquatiques et de St\u00e9phane Larronde-Larretche, guitariste autodidacte de la banlieue rennaise, afficionado de la mondialement c\u00e9l\u00e8bre marque de pelles californiennes et barbu \u00e9galement, officiant \u00e9galement au sein du groupe Folk-Rock-ind\u00e9 No More Tools. Fraichement revenu sur Rennes, Lo\u00efc Maillard, l\u2019ex batteur m\u00e9tronomique de Late Again rejoint le duo d\u00e9but 2015. Manu Kerdod\u00e9, ex bassiste du groupe de folk fran\u00e7ais Lebowski viendra compl\u00e9ter la formation. We are Crook propose un \u00e9ventail de morceaux dont certains n\u2019auraient pas d\u00e9pareill\u00e9 sur la bande son du film \u00ab Drive \u00bb (Seam, Heavy rain) tandis que d\u2019autres puisent plut\u00f4t leurs origines du c\u00f4t\u00e9 du rock belge (Ghinzu, Sharko).&nbsp;\u00bb<\/p>\n\n\n\n<p class=\"has-text-align-center has-white-color has-black-background-color has-text-color has-background has-link-color has-medium-font-size wp-elements-7ae1a3f51154fbae5a94a1a17bcb2b23\" style=\"font-style:normal;font-weight:400\">Source\u00a0: Ouest-France<\/p>\n\n\n\n<h2 class=\"wp-block-heading has-text-align-center has-large-font-size\">We are Crook &#8211; Heavy Rain<\/h2>\n\n\n\n<iframe loading=\"lazy\" src=\"https:\/\/player.vimeo.com\/video\/169077027\" width=\"1000\" height=\"500\" frameborder=\"0\" allow=\"autoplay; fullscreen\" allowfullscreen><\/iframe>\n\n\n\n<div class=\"wp-block-buttons is-content-justification-center is-layout-flex wp-container-core-buttons-is-layout-1 wp-block-buttons-is-layout-flex\">\n<div class=\"wp-block-button\"><a class=\"wp-block-button__link wp-element-button\" href=\"https:\/\/fr-fr.facebook.com\/wearecrookband\/\" target=\"_blank\" rel=\"noreferrer noopener\">S&rsquo;abonner \u00e0 We are Crook<\/a><\/div>\n<\/div>\n","protected":false},"excerpt":{"rendered":"<p>\u00ab&nbsp;We are crook est n\u00e9 \u00e0 l\u2019automne 2014 de la rencontre de Davy Mougin, barbu hirsute venu de l\u2019Est (de &hellip; <a href=\"https:\/\/jsuisvert.com\/?page_id=2413\" class=\"more-link\">Continue reading <span class=\"screen-reader-text\">We are Crook<\/span><\/a><\/p>\n","protected":false},"author":7,"featured_media":0,"parent":0,"menu_order":0,"comment_status":"closed","ping_status":"closed","template":"","meta":{"footnotes":""},"class_list":["post-2413","page","type-page","status-publish","hentry"],"_links":{"self":[{"href":"https:\/\/jsuisvert.com\/index.php?rest_route=\/wp\/v2\/pages\/2413","targetHints":{"allow":["GET"]}}],"collection":[{"href":"https:\/\/jsuisvert.com\/index.php?rest_route=\/wp\/v2\/pages"}],"about":[{"href":"https:\/\/jsuisvert.com\/index.php?rest_route=\/wp\/v2\/types\/page"}],"author":[{"embeddable":true,"href":"https:\/\/jsuisvert.com\/index.php?rest_route=\/wp\/v2\/users\/7"}],"replies":[{"embeddable":true,"href":"https:\/\/jsuisvert.com\/index.php?rest_route=%2Fwp%2Fv2%2Fcomments&post=2413"}],"version-history":[{"count":2,"href":"https:\/\/jsuisvert.com\/index.php?rest_route=\/wp\/v2\/pages\/2413\/revisions"}],"predecessor-version":[{"id":2416,"href":"https:\/\/jsuisvert.com\/index.php?rest_route=\/wp\/v2\/pages\/2413\/revisions\/2416"}],"wp:attachment":[{"href":"https:\/\/jsuisvert.com\/index.php?rest_route=%2Fwp%2Fv2%2Fmedia&parent=2413"}],"curies":[{"name":"wp","href":"https:\/\/api.w.org\/{rel}","templated":true}]}}