{"id":2403,"date":"2024-05-22T10:24:54","date_gmt":"2024-05-22T08:24:54","guid":{"rendered":"https:\/\/jsuisvert.com\/?page_id=2403"},"modified":"2024-05-22T10:25:35","modified_gmt":"2024-05-22T08:25:35","slug":"empereur-renard","status":"publish","type":"page","link":"https:\/\/jsuisvert.com\/?page_id=2403","title":{"rendered":"Empereur Renard"},"content":{"rendered":"\n<hr class=\"wp-block-separator has-alpha-channel-opacity\"\/>\n\n\n\n<figure class=\"wp-block-image size-large\"><a href=\"https:\/\/jsuisvert.com\/wp-content\/uploads\/2024\/05\/image-7.png\"><img loading=\"lazy\" decoding=\"async\" width=\"1024\" height=\"665\" src=\"https:\/\/jsuisvert.com\/wp-content\/uploads\/2024\/05\/image-7-1024x665.png\" alt=\"\" class=\"wp-image-2404\" srcset=\"https:\/\/jsuisvert.com\/wp-content\/uploads\/2024\/05\/image-7-1024x665.png 1024w, https:\/\/jsuisvert.com\/wp-content\/uploads\/2024\/05\/image-7-300x195.png 300w, https:\/\/jsuisvert.com\/wp-content\/uploads\/2024\/05\/image-7-768x499.png 768w, https:\/\/jsuisvert.com\/wp-content\/uploads\/2024\/05\/image-7-1536x997.png 1536w, https:\/\/jsuisvert.com\/wp-content\/uploads\/2024\/05\/image-7-2048x1330.png 2048w, https:\/\/jsuisvert.com\/wp-content\/uploads\/2024\/05\/image-7-500x325.png 500w, https:\/\/jsuisvert.com\/wp-content\/uploads\/2024\/05\/image-7-800x519.png 800w, https:\/\/jsuisvert.com\/wp-content\/uploads\/2024\/05\/image-7-1280x831.png 1280w, https:\/\/jsuisvert.com\/wp-content\/uploads\/2024\/05\/image-7-1920x1247.png 1920w, https:\/\/jsuisvert.com\/wp-content\/uploads\/2024\/05\/image-7-179x116.png 179w\" sizes=\"auto, (max-width: 1024px) 100vw, 1024px\" \/><\/a><\/figure>\n\n\n\n<p class=\"has-text-align-center has-white-color has-black-background-color has-text-color has-background has-link-color has-medium-font-size wp-elements-92eaa0326d48ae71a8c9cbf93a475924\" style=\"font-style:normal;font-weight:400\">Empereur Renard, c\u2019est de l\u2019\u00e9lectro rock, qui ne rentre pas dans une case. \u00ab On ne cherche pas \u00e0 ce que les chansons se ressemblent. Elles ont des \u00e9nergies diff\u00e9rentes \u00bb, d\u00e9taillent les 2 fr\u00e8res qui forment le groupe. M\u00eame chose pour leurs clips. L\u2019un est tourn\u00e9 dans la sculpture pneumatique Katena, qui \u00e9tait visible en mai 2016 \u00e0 Rennes. L\u2019autre est film\u00e9 dans la nature. \u00ab Nous faisons partie d\u2019une nouvelle g\u00e9n\u00e9ration de producteurs. Nous brassons toutes nos influences trouv\u00e9es sur Internet. \u00bb.<\/p>\n\n\n\n<p class=\"has-text-align-center has-white-color has-black-background-color has-text-color has-background has-link-color has-medium-font-size wp-elements-2e9a7b88d912b0d10c3b6554c5c49610\" style=\"font-style:normal;font-weight:400\">Source : Ouest-France<\/p>\n\n\n\n<p class=\"has-text-align-center has-white-color has-black-background-color has-text-color has-background has-link-color has-medium-font-size wp-elements-8af2551779dbf2d2b9e5ac78640384a7\" style=\"font-style:normal;font-weight:400\">Si vous les avez rat\u00e9 \u00e0 la Green Room aux Transmusicales 2016, vous pourrez les d\u00e9couvrir \u00e0<br>j\u2019suis vert #4\u2026 Autant dire que tous les indicateurs sont au vert pour ce jeune groupe<br>(hahaha quel bon mot, qu\u2019est-ce qu\u2019on se marre quand m\u00eame).<\/p>\n\n\n\n<h2 class=\"wp-block-heading has-text-align-center has-white-color has-black-background-color has-text-color has-background has-link-color has-large-font-size wp-elements-e6784ca757d205208ccb9755e5e01a9f\" style=\"font-style:normal;font-weight:500\"><strong>EMPEREUR RENARD &#8211; FIV<\/strong><\/h2>\n\n\n\n<figure><iframe loading=\"lazy\" width=\"10000\" height=\"500\" src=\"https:\/\/www.youtube.com\/embed\/KGFGK-Lo9zc\" allowfullscreen=\"\"><\/iframe><\/figure>\n","protected":false},"excerpt":{"rendered":"<p>Empereur Renard, c\u2019est de l\u2019\u00e9lectro rock, qui ne rentre pas dans une case. \u00ab On ne cherche pas \u00e0 ce &hellip; <a href=\"https:\/\/jsuisvert.com\/?page_id=2403\" class=\"more-link\">Continue reading <span class=\"screen-reader-text\">Empereur Renard<\/span><\/a><\/p>\n","protected":false},"author":7,"featured_media":0,"parent":0,"menu_order":0,"comment_status":"closed","ping_status":"closed","template":"","meta":{"footnotes":""},"class_list":["post-2403","page","type-page","status-publish","hentry"],"_links":{"self":[{"href":"https:\/\/jsuisvert.com\/index.php?rest_route=\/wp\/v2\/pages\/2403","targetHints":{"allow":["GET"]}}],"collection":[{"href":"https:\/\/jsuisvert.com\/index.php?rest_route=\/wp\/v2\/pages"}],"about":[{"href":"https:\/\/jsuisvert.com\/index.php?rest_route=\/wp\/v2\/types\/page"}],"author":[{"embeddable":true,"href":"https:\/\/jsuisvert.com\/index.php?rest_route=\/wp\/v2\/users\/7"}],"replies":[{"embeddable":true,"href":"https:\/\/jsuisvert.com\/index.php?rest_route=%2Fwp%2Fv2%2Fcomments&post=2403"}],"version-history":[{"count":5,"href":"https:\/\/jsuisvert.com\/index.php?rest_route=\/wp\/v2\/pages\/2403\/revisions"}],"predecessor-version":[{"id":2409,"href":"https:\/\/jsuisvert.com\/index.php?rest_route=\/wp\/v2\/pages\/2403\/revisions\/2409"}],"wp:attachment":[{"href":"https:\/\/jsuisvert.com\/index.php?rest_route=%2Fwp%2Fv2%2Fmedia&parent=2403"}],"curies":[{"name":"wp","href":"https:\/\/api.w.org\/{rel}","templated":true}]}}