{"id":2278,"date":"2024-05-14T11:47:16","date_gmt":"2024-05-14T09:47:16","guid":{"rendered":"https:\/\/jsuisvert.com\/?page_id=2278"},"modified":"2024-06-05T11:13:46","modified_gmt":"2024-06-05T09:13:46","slug":"alvan","status":"publish","type":"page","link":"https:\/\/jsuisvert.com\/?page_id=2278","title":{"rendered":"ALVAN"},"content":{"rendered":"\n<hr class=\"wp-block-separator has-alpha-channel-opacity\"\/>\n\n\n<div class=\"wp-block-image\">\n<figure class=\"aligncenter size-large is-resized\"><a href=\"https:\/\/jsuisvert.com\/wp-content\/uploads\/2024\/06\/Enensys-Jsuis-Vert-9-87.jpg\"><img loading=\"lazy\" decoding=\"async\" width=\"1024\" height=\"681\" src=\"https:\/\/jsuisvert.com\/wp-content\/uploads\/2024\/06\/Enensys-Jsuis-Vert-9-87-1024x681.jpg\" alt=\"\" class=\"wp-image-2495\" style=\"width:680px;height:auto\" srcset=\"https:\/\/jsuisvert.com\/wp-content\/uploads\/2024\/06\/Enensys-Jsuis-Vert-9-87-1024x681.jpg 1024w, https:\/\/jsuisvert.com\/wp-content\/uploads\/2024\/06\/Enensys-Jsuis-Vert-9-87-300x200.jpg 300w, https:\/\/jsuisvert.com\/wp-content\/uploads\/2024\/06\/Enensys-Jsuis-Vert-9-87-768x511.jpg 768w, https:\/\/jsuisvert.com\/wp-content\/uploads\/2024\/06\/Enensys-Jsuis-Vert-9-87-1536x1022.jpg 1536w, https:\/\/jsuisvert.com\/wp-content\/uploads\/2024\/06\/Enensys-Jsuis-Vert-9-87-500x333.jpg 500w, https:\/\/jsuisvert.com\/wp-content\/uploads\/2024\/06\/Enensys-Jsuis-Vert-9-87-800x532.jpg 800w, https:\/\/jsuisvert.com\/wp-content\/uploads\/2024\/06\/Enensys-Jsuis-Vert-9-87-1280x852.jpg 1280w, https:\/\/jsuisvert.com\/wp-content\/uploads\/2024\/06\/Enensys-Jsuis-Vert-9-87-1920x1278.jpg 1920w, https:\/\/jsuisvert.com\/wp-content\/uploads\/2024\/06\/Enensys-Jsuis-Vert-9-87-174x116.jpg 174w, https:\/\/jsuisvert.com\/wp-content\/uploads\/2024\/06\/Enensys-Jsuis-Vert-9-87.jpg 2000w\" sizes=\"auto, (max-width: 1024px) 100vw, 1024px\" \/><\/a><\/figure><\/div>\n\n\n<p class=\"has-text-align-left has-white-color has-black-background-color has-text-color has-background has-link-color has-medium-font-size wp-elements-bae614b4175748d8bda0691021af95cd\" style=\"font-style:normal;font-weight:400\">Pris de passion pour la musique depuis son plus jeune \u00e2ge<br><strong>Alvan<\/strong> cherche \u00e0 transmettre ses envies de voyages et de d\u00e9couverte du monde qui l\u2019entoure. Ses influences se situent autant dans la culture rock que dans l\u2019\u00e9lectro avec des artistes tels que Bonobo, Fakear, Tycho ou encore Incubus.<br>Avec son dernier EP \u00ab Home \u00bb aux plus de 3 millions d\u2019\u00e9coutes et soutenu par des cha\u00eenes comme Electro Pos\u00e9 ou Chill Nation il s\u2019impose comme l\u2019artiste Electro World le plus prometteur de 2017.<\/p>\n\n\n\n<h3 class=\"wp-block-heading has-text-align-center has-white-color has-black-background-color has-text-color has-background has-link-color wp-elements-03a6fec4f9c69fc8a7223d8cd666df5c\"><strong>ALVAN &#8211; Calzone<\/strong><\/h3>\n\n\n\n<figure><iframe loading=\"lazy\" width=\"10000\" height=\"500\" src=\"https:\/\/www.youtube.com\/embed\/w5f8W_HT2p0\" allowfullscreen=\"\"><\/iframe><\/figure>\n","protected":false},"excerpt":{"rendered":"<p>Pris de passion pour la musique depuis son plus jeune \u00e2geAlvan cherche \u00e0 transmettre ses envies de voyages et de &hellip; <a href=\"https:\/\/jsuisvert.com\/?page_id=2278\" class=\"more-link\">Continue reading <span class=\"screen-reader-text\">ALVAN<\/span><\/a><\/p>\n","protected":false},"author":6,"featured_media":0,"parent":1937,"menu_order":4,"comment_status":"closed","ping_status":"closed","template":"","meta":{"footnotes":""},"class_list":["post-2278","page","type-page","status-publish","hentry"],"_links":{"self":[{"href":"https:\/\/jsuisvert.com\/index.php?rest_route=\/wp\/v2\/pages\/2278","targetHints":{"allow":["GET"]}}],"collection":[{"href":"https:\/\/jsuisvert.com\/index.php?rest_route=\/wp\/v2\/pages"}],"about":[{"href":"https:\/\/jsuisvert.com\/index.php?rest_route=\/wp\/v2\/types\/page"}],"author":[{"embeddable":true,"href":"https:\/\/jsuisvert.com\/index.php?rest_route=\/wp\/v2\/users\/6"}],"replies":[{"embeddable":true,"href":"https:\/\/jsuisvert.com\/index.php?rest_route=%2Fwp%2Fv2%2Fcomments&post=2278"}],"version-history":[{"count":12,"href":"https:\/\/jsuisvert.com\/index.php?rest_route=\/wp\/v2\/pages\/2278\/revisions"}],"predecessor-version":[{"id":2497,"href":"https:\/\/jsuisvert.com\/index.php?rest_route=\/wp\/v2\/pages\/2278\/revisions\/2497"}],"up":[{"embeddable":true,"href":"https:\/\/jsuisvert.com\/index.php?rest_route=\/wp\/v2\/pages\/1937"}],"wp:attachment":[{"href":"https:\/\/jsuisvert.com\/index.php?rest_route=%2Fwp%2Fv2%2Fmedia&parent=2278"}],"curies":[{"name":"wp","href":"https:\/\/api.w.org\/{rel}","templated":true}]}}