{"id":2265,"date":"2024-05-14T10:10:44","date_gmt":"2024-05-14T08:10:44","guid":{"rendered":"https:\/\/jsuisvert.com\/?page_id=2265"},"modified":"2024-06-05T11:10:59","modified_gmt":"2024-06-05T09:10:59","slug":"man-foo-tits","status":"publish","type":"page","link":"https:\/\/jsuisvert.com\/?page_id=2265","title":{"rendered":"MAN FOO TITS"},"content":{"rendered":"\n<hr class=\"wp-block-separator has-alpha-channel-opacity\"\/>\n\n\n\n<div class=\"wp-block-columns is-layout-flex wp-container-core-columns-is-layout-1 wp-block-columns-is-layout-flex\">\n<div class=\"wp-block-column is-layout-flow wp-block-column-is-layout-flow\">\n<figure class=\"wp-block-image size-large is-resized\"><a href=\"https:\/\/jsuisvert.com\/wp-content\/uploads\/2024\/06\/Enensys-Jsuis-Vert-9-45-2.jpg\"><img loading=\"lazy\" decoding=\"async\" width=\"1024\" height=\"681\" src=\"https:\/\/jsuisvert.com\/wp-content\/uploads\/2024\/06\/Enensys-Jsuis-Vert-9-45-2-1024x681.jpg\" alt=\"\" class=\"wp-image-2486\" style=\"width:441px;height:auto\" srcset=\"https:\/\/jsuisvert.com\/wp-content\/uploads\/2024\/06\/Enensys-Jsuis-Vert-9-45-2-1024x681.jpg 1024w, https:\/\/jsuisvert.com\/wp-content\/uploads\/2024\/06\/Enensys-Jsuis-Vert-9-45-2-300x200.jpg 300w, https:\/\/jsuisvert.com\/wp-content\/uploads\/2024\/06\/Enensys-Jsuis-Vert-9-45-2-768x511.jpg 768w, https:\/\/jsuisvert.com\/wp-content\/uploads\/2024\/06\/Enensys-Jsuis-Vert-9-45-2-1536x1022.jpg 1536w, https:\/\/jsuisvert.com\/wp-content\/uploads\/2024\/06\/Enensys-Jsuis-Vert-9-45-2-500x333.jpg 500w, https:\/\/jsuisvert.com\/wp-content\/uploads\/2024\/06\/Enensys-Jsuis-Vert-9-45-2-800x532.jpg 800w, https:\/\/jsuisvert.com\/wp-content\/uploads\/2024\/06\/Enensys-Jsuis-Vert-9-45-2-1280x852.jpg 1280w, https:\/\/jsuisvert.com\/wp-content\/uploads\/2024\/06\/Enensys-Jsuis-Vert-9-45-2-1920x1278.jpg 1920w, https:\/\/jsuisvert.com\/wp-content\/uploads\/2024\/06\/Enensys-Jsuis-Vert-9-45-2-174x116.jpg 174w, https:\/\/jsuisvert.com\/wp-content\/uploads\/2024\/06\/Enensys-Jsuis-Vert-9-45-2.jpg 2000w\" sizes=\"auto, (max-width: 1024px) 100vw, 1024px\" \/><\/a><\/figure>\n<\/div>\n\n\n\n<div class=\"wp-block-column is-layout-flow wp-block-column-is-layout-flow\"><div class=\"wp-block-image\">\n<figure class=\"aligncenter size-large is-resized\"><a href=\"https:\/\/jsuisvert.com\/wp-content\/uploads\/2024\/06\/Enensys-Jsuis-Vert-9-46.jpg\"><img loading=\"lazy\" decoding=\"async\" width=\"1024\" height=\"681\" src=\"https:\/\/jsuisvert.com\/wp-content\/uploads\/2024\/06\/Enensys-Jsuis-Vert-9-46-1024x681.jpg\" alt=\"\" class=\"wp-image-2484\" style=\"width:442px;height:auto\" srcset=\"https:\/\/jsuisvert.com\/wp-content\/uploads\/2024\/06\/Enensys-Jsuis-Vert-9-46-1024x681.jpg 1024w, https:\/\/jsuisvert.com\/wp-content\/uploads\/2024\/06\/Enensys-Jsuis-Vert-9-46-300x200.jpg 300w, https:\/\/jsuisvert.com\/wp-content\/uploads\/2024\/06\/Enensys-Jsuis-Vert-9-46-768x511.jpg 768w, https:\/\/jsuisvert.com\/wp-content\/uploads\/2024\/06\/Enensys-Jsuis-Vert-9-46-1536x1022.jpg 1536w, https:\/\/jsuisvert.com\/wp-content\/uploads\/2024\/06\/Enensys-Jsuis-Vert-9-46-500x333.jpg 500w, https:\/\/jsuisvert.com\/wp-content\/uploads\/2024\/06\/Enensys-Jsuis-Vert-9-46-800x532.jpg 800w, https:\/\/jsuisvert.com\/wp-content\/uploads\/2024\/06\/Enensys-Jsuis-Vert-9-46-1280x852.jpg 1280w, https:\/\/jsuisvert.com\/wp-content\/uploads\/2024\/06\/Enensys-Jsuis-Vert-9-46-1920x1278.jpg 1920w, https:\/\/jsuisvert.com\/wp-content\/uploads\/2024\/06\/Enensys-Jsuis-Vert-9-46-174x116.jpg 174w, https:\/\/jsuisvert.com\/wp-content\/uploads\/2024\/06\/Enensys-Jsuis-Vert-9-46.jpg 2000w\" sizes=\"auto, (max-width: 1024px) 100vw, 1024px\" \/><\/a><\/figure><\/div><\/div>\n<\/div>\n\n\n\n<div class=\"wp-block-columns is-layout-flex wp-container-core-columns-is-layout-2 wp-block-columns-is-layout-flex\">\n<div class=\"wp-block-column is-layout-flow wp-block-column-is-layout-flow\">\n<p class=\"has-text-align-left has-white-color has-black-background-color has-text-color has-background has-link-color has-medium-font-size wp-elements-e2ddf11d38e37f8bd15f60b9a3e8079c\" style=\"font-style:normal;font-weight:400\">Man Foo Tits est un almost trio de Cold Punk Hip Hop form\u00e9 le Jeudi 21 D\u00e9cembre 2017 \u00e0 12:13, compos\u00e9 de Prince J et de Lord Wimpy, with a little help from Master Trap. Somewhere entre Sleaford Mods et Stupeflip, leur cheesy energique frenglish electro musique pr\u00f4ne le menfoutisme artistique et philosophique le plus int\u00e9ressant since les d\u00e9buts de la fixation des waves sur support physique.<\/p>\n\n\n\n<figure class=\"wp-block-image size-large\"><a href=\"https:\/\/jsuisvert.com\/wp-content\/uploads\/2024\/06\/Enensys-Jsuis-Vert-9-41.jpg\"><img loading=\"lazy\" decoding=\"async\" width=\"1024\" height=\"681\" src=\"https:\/\/jsuisvert.com\/wp-content\/uploads\/2024\/06\/Enensys-Jsuis-Vert-9-41-1024x681.jpg\" alt=\"\" class=\"wp-image-2488\" srcset=\"https:\/\/jsuisvert.com\/wp-content\/uploads\/2024\/06\/Enensys-Jsuis-Vert-9-41-1024x681.jpg 1024w, https:\/\/jsuisvert.com\/wp-content\/uploads\/2024\/06\/Enensys-Jsuis-Vert-9-41-300x200.jpg 300w, https:\/\/jsuisvert.com\/wp-content\/uploads\/2024\/06\/Enensys-Jsuis-Vert-9-41-768x511.jpg 768w, https:\/\/jsuisvert.com\/wp-content\/uploads\/2024\/06\/Enensys-Jsuis-Vert-9-41-1536x1022.jpg 1536w, https:\/\/jsuisvert.com\/wp-content\/uploads\/2024\/06\/Enensys-Jsuis-Vert-9-41-500x333.jpg 500w, https:\/\/jsuisvert.com\/wp-content\/uploads\/2024\/06\/Enensys-Jsuis-Vert-9-41-800x532.jpg 800w, https:\/\/jsuisvert.com\/wp-content\/uploads\/2024\/06\/Enensys-Jsuis-Vert-9-41-1280x852.jpg 1280w, https:\/\/jsuisvert.com\/wp-content\/uploads\/2024\/06\/Enensys-Jsuis-Vert-9-41-1920x1278.jpg 1920w, https:\/\/jsuisvert.com\/wp-content\/uploads\/2024\/06\/Enensys-Jsuis-Vert-9-41-174x116.jpg 174w, https:\/\/jsuisvert.com\/wp-content\/uploads\/2024\/06\/Enensys-Jsuis-Vert-9-41.jpg 2000w\" sizes=\"auto, (max-width: 1024px) 100vw, 1024px\" \/><\/a><\/figure>\n<\/div>\n\n\n\n<div class=\"wp-block-column is-layout-flow wp-block-column-is-layout-flow\"><div class=\"wp-block-image\">\n<figure class=\"aligncenter size-full is-resized\"><a href=\"https:\/\/jsuisvert.com\/wp-content\/uploads\/2024\/06\/Enensys-Jsuis-Vert-9-43.jpg\"><img loading=\"lazy\" decoding=\"async\" width=\"2000\" height=\"1331\" src=\"https:\/\/jsuisvert.com\/wp-content\/uploads\/2024\/06\/Enensys-Jsuis-Vert-9-43.jpg\" alt=\"\" class=\"wp-image-2487\" style=\"width:419px;height:auto\" srcset=\"https:\/\/jsuisvert.com\/wp-content\/uploads\/2024\/06\/Enensys-Jsuis-Vert-9-43.jpg 2000w, https:\/\/jsuisvert.com\/wp-content\/uploads\/2024\/06\/Enensys-Jsuis-Vert-9-43-300x200.jpg 300w, https:\/\/jsuisvert.com\/wp-content\/uploads\/2024\/06\/Enensys-Jsuis-Vert-9-43-1024x681.jpg 1024w, https:\/\/jsuisvert.com\/wp-content\/uploads\/2024\/06\/Enensys-Jsuis-Vert-9-43-768x511.jpg 768w, https:\/\/jsuisvert.com\/wp-content\/uploads\/2024\/06\/Enensys-Jsuis-Vert-9-43-1536x1022.jpg 1536w, https:\/\/jsuisvert.com\/wp-content\/uploads\/2024\/06\/Enensys-Jsuis-Vert-9-43-500x333.jpg 500w, https:\/\/jsuisvert.com\/wp-content\/uploads\/2024\/06\/Enensys-Jsuis-Vert-9-43-800x532.jpg 800w, https:\/\/jsuisvert.com\/wp-content\/uploads\/2024\/06\/Enensys-Jsuis-Vert-9-43-1280x852.jpg 1280w, https:\/\/jsuisvert.com\/wp-content\/uploads\/2024\/06\/Enensys-Jsuis-Vert-9-43-1920x1278.jpg 1920w, https:\/\/jsuisvert.com\/wp-content\/uploads\/2024\/06\/Enensys-Jsuis-Vert-9-43-174x116.jpg 174w\" sizes=\"auto, (max-width: 2000px) 100vw, 2000px\" \/><\/a><\/figure><\/div>\n\n\n<p class=\"has-text-align-right has-white-color has-black-background-color has-text-color has-background has-link-color has-medium-font-size wp-elements-c9c2f47e42e671f9786711a41df6d407\" style=\"font-style:normal;font-weight:400\"> Apr\u00e8s leur nouvel single \u00ab Sm Ass \u00bb en 2k23 leur New album \u00ab Le Sound de Before dans Le Monde d\u2019After \u00bb releasera en 2k24. Personne ne les a vu venir parce que personne ne les attendait. Et soudain, il y eut l\u2019uppercut Bouffeur de Cheese, son clip d\u00e9bile aux 5682 vues suivi d\u2019une tourn\u00e9e internationale d\u2019une quarantaine de dates. Un grand shoot dans la fourmili\u00e8re trop tranquille et format\u00e9e du hip-hop fran\u00e7ais. Depuis, il faut compter avec les Man Foo Tits, car contrairement \u00e0 ce qu\u2019il y para\u00eet, Lord Wimpy et Prince J ne sont pas (que) l\u00e0 pour faire les fools comme Supergrass ou se foutre de la gueule des hippies comme Zappa. Ils sont Seulement in it que pour le cash, le Franglais, et aussi pour vous en mettre plein your face.<\/p>\n<\/div>\n<\/div>\n\n\n\n<h3 class=\"wp-block-heading has-text-align-center has-white-color has-black-background-color has-text-color has-background has-link-color wp-elements-2a732b5cf1d41831548b41186fd4672e\"><strong>MAN FOO TITS &#8211; Bouffeur de Cheese<\/strong><\/h3>\n\n\n\n<figure><iframe loading=\"lazy\" width=\"10000\" height=\"500\" src=\"https:\/\/www.youtube.com\/embed\/CMfj5MlOGMk\" allowfullscreen=\"\"><\/iframe><\/figure>\n\n\n\n<div class=\"wp-block-buttons is-content-justification-center is-layout-flex wp-container-core-buttons-is-layout-1 wp-block-buttons-is-layout-flex\">\n<div class=\"wp-block-button\"><a class=\"wp-block-button__link wp-element-button\" href=\"https:\/\/manfootits.bandcamp.com\/\" target=\"_blank\" rel=\"noreferrer noopener\"><strong>En savoir plus sur MAN FOO TITS<\/strong><\/a><\/div>\n<\/div>\n\n\n\n<p class=\"has-text-align-center has-black-color has-text-color has-link-color wp-elements-8d7c43f35cbb32fe56426a14458156c7\">&#8211;<\/p>\n\n\n\n<div class=\"wp-block-buttons is-content-justification-center is-layout-flex wp-container-core-buttons-is-layout-2 wp-block-buttons-is-layout-flex\">\n<div class=\"wp-block-button\"><a class=\"wp-block-button__link wp-element-button\" href=\"https:\/\/www.facebook.com\/manfootits\/?locale=fr_FR\" target=\"_blank\" rel=\"noreferrer noopener\"><strong>S&rsquo;abonner \u00e0 MAN FOO TITS<\/strong><\/a><\/div>\n<\/div>\n","protected":false},"excerpt":{"rendered":"<p>Man Foo Tits est un almost trio de Cold Punk Hip Hop form\u00e9 le Jeudi 21 D\u00e9cembre 2017 \u00e0 12:13, &hellip; <a href=\"https:\/\/jsuisvert.com\/?page_id=2265\" class=\"more-link\">Continue reading <span class=\"screen-reader-text\">MAN FOO TITS<\/span><\/a><\/p>\n","protected":false},"author":6,"featured_media":0,"parent":1937,"menu_order":3,"comment_status":"closed","ping_status":"closed","template":"","meta":{"footnotes":""},"class_list":["post-2265","page","type-page","status-publish","hentry"],"_links":{"self":[{"href":"https:\/\/jsuisvert.com\/index.php?rest_route=\/wp\/v2\/pages\/2265","targetHints":{"allow":["GET"]}}],"collection":[{"href":"https:\/\/jsuisvert.com\/index.php?rest_route=\/wp\/v2\/pages"}],"about":[{"href":"https:\/\/jsuisvert.com\/index.php?rest_route=\/wp\/v2\/types\/page"}],"author":[{"embeddable":true,"href":"https:\/\/jsuisvert.com\/index.php?rest_route=\/wp\/v2\/users\/6"}],"replies":[{"embeddable":true,"href":"https:\/\/jsuisvert.com\/index.php?rest_route=%2Fwp%2Fv2%2Fcomments&post=2265"}],"version-history":[{"count":24,"href":"https:\/\/jsuisvert.com\/index.php?rest_route=\/wp\/v2\/pages\/2265\/revisions"}],"predecessor-version":[{"id":2490,"href":"https:\/\/jsuisvert.com\/index.php?rest_route=\/wp\/v2\/pages\/2265\/revisions\/2490"}],"up":[{"embeddable":true,"href":"https:\/\/jsuisvert.com\/index.php?rest_route=\/wp\/v2\/pages\/1937"}],"wp:attachment":[{"href":"https:\/\/jsuisvert.com\/index.php?rest_route=%2Fwp%2Fv2%2Fmedia&parent=2265"}],"curies":[{"name":"wp","href":"https:\/\/api.w.org\/{rel}","templated":true}]}}