{"id":2260,"date":"2024-05-14T09:43:05","date_gmt":"2024-05-14T07:43:05","guid":{"rendered":"https:\/\/jsuisvert.com\/?page_id=2260"},"modified":"2024-06-05T11:08:09","modified_gmt":"2024-06-05T09:08:09","slug":"eighty-3","status":"publish","type":"page","link":"https:\/\/jsuisvert.com\/?page_id=2260","title":{"rendered":"EIGHTY"},"content":{"rendered":"\n<hr class=\"wp-block-separator has-alpha-channel-opacity\"\/>\n\n\n<div class=\"wp-block-image\">\n<figure class=\"aligncenter size-full is-resized\"><a href=\"https:\/\/jsuisvert.com\/wp-content\/uploads\/2024\/06\/Enensys-Jsuis-Vert-9-134.jpg\"><img loading=\"lazy\" decoding=\"async\" width=\"2000\" height=\"1331\" src=\"https:\/\/jsuisvert.com\/wp-content\/uploads\/2024\/06\/Enensys-Jsuis-Vert-9-134.jpg\" alt=\"\" class=\"wp-image-2477\" style=\"width:720px;height:auto\" srcset=\"https:\/\/jsuisvert.com\/wp-content\/uploads\/2024\/06\/Enensys-Jsuis-Vert-9-134.jpg 2000w, https:\/\/jsuisvert.com\/wp-content\/uploads\/2024\/06\/Enensys-Jsuis-Vert-9-134-300x200.jpg 300w, https:\/\/jsuisvert.com\/wp-content\/uploads\/2024\/06\/Enensys-Jsuis-Vert-9-134-1024x681.jpg 1024w, https:\/\/jsuisvert.com\/wp-content\/uploads\/2024\/06\/Enensys-Jsuis-Vert-9-134-768x511.jpg 768w, https:\/\/jsuisvert.com\/wp-content\/uploads\/2024\/06\/Enensys-Jsuis-Vert-9-134-1536x1022.jpg 1536w, https:\/\/jsuisvert.com\/wp-content\/uploads\/2024\/06\/Enensys-Jsuis-Vert-9-134-500x333.jpg 500w, https:\/\/jsuisvert.com\/wp-content\/uploads\/2024\/06\/Enensys-Jsuis-Vert-9-134-800x532.jpg 800w, https:\/\/jsuisvert.com\/wp-content\/uploads\/2024\/06\/Enensys-Jsuis-Vert-9-134-1280x852.jpg 1280w, https:\/\/jsuisvert.com\/wp-content\/uploads\/2024\/06\/Enensys-Jsuis-Vert-9-134-1920x1278.jpg 1920w, https:\/\/jsuisvert.com\/wp-content\/uploads\/2024\/06\/Enensys-Jsuis-Vert-9-134-174x116.jpg 174w\" sizes=\"auto, (max-width: 2000px) 100vw, 2000px\" \/><\/a><\/figure><\/div>\n\n\n<div class=\"wp-block-columns is-layout-flex wp-container-core-columns-is-layout-1 wp-block-columns-is-layout-flex\">\n<div class=\"wp-block-column is-layout-flow wp-block-column-is-layout-flow\">\n<h2 class=\"wp-block-heading has-white-color has-black-background-color has-text-color has-background has-link-color wp-elements-7589440c811c654e67ab5021a7c4c8e1\">Eighty c&rsquo;est &#8230;<\/h2>\n\n\n\n<p class=\"has-text-align-left has-white-color has-black-background-color has-text-color has-background has-link-color has-medium-font-size wp-elements-584cca91f36a9ca3778d2aeeca236303\" style=\"font-style:normal;font-weight:400\">Le sextet rennais nous invite sur le dancefloor et provoque la fi\u00e8vre du samedi soir (litt\u00e9ralement !) avec ses titres synth\u00e9tiques, au groove irr\u00e9sistible. Pour les fans de Chic et Kool &amp; The Gang, mais aussi d\u2019artistes actuels comme Jungle et le fou furieux Gyst\u00e8re\u2026 Bref, un cocktail de bonnes vibes au programme !<\/p>\n<\/div>\n\n\n\n<div class=\"wp-block-column is-layout-flow wp-block-column-is-layout-flow\"><div class=\"wp-block-image\">\n<figure class=\"aligncenter size-large is-resized\"><a href=\"https:\/\/jsuisvert.com\/wp-content\/uploads\/2024\/06\/Enensys-Jsuis-Vert-9-146-2.jpg\"><img loading=\"lazy\" decoding=\"async\" width=\"1024\" height=\"681\" src=\"https:\/\/jsuisvert.com\/wp-content\/uploads\/2024\/06\/Enensys-Jsuis-Vert-9-146-2-1024x681.jpg\" alt=\"\" class=\"wp-image-2478\" style=\"width:334px;height:auto\" srcset=\"https:\/\/jsuisvert.com\/wp-content\/uploads\/2024\/06\/Enensys-Jsuis-Vert-9-146-2-1024x681.jpg 1024w, https:\/\/jsuisvert.com\/wp-content\/uploads\/2024\/06\/Enensys-Jsuis-Vert-9-146-2-300x200.jpg 300w, https:\/\/jsuisvert.com\/wp-content\/uploads\/2024\/06\/Enensys-Jsuis-Vert-9-146-2-768x511.jpg 768w, https:\/\/jsuisvert.com\/wp-content\/uploads\/2024\/06\/Enensys-Jsuis-Vert-9-146-2-1536x1022.jpg 1536w, https:\/\/jsuisvert.com\/wp-content\/uploads\/2024\/06\/Enensys-Jsuis-Vert-9-146-2-500x333.jpg 500w, https:\/\/jsuisvert.com\/wp-content\/uploads\/2024\/06\/Enensys-Jsuis-Vert-9-146-2-800x532.jpg 800w, https:\/\/jsuisvert.com\/wp-content\/uploads\/2024\/06\/Enensys-Jsuis-Vert-9-146-2-1280x852.jpg 1280w, https:\/\/jsuisvert.com\/wp-content\/uploads\/2024\/06\/Enensys-Jsuis-Vert-9-146-2-1920x1278.jpg 1920w, https:\/\/jsuisvert.com\/wp-content\/uploads\/2024\/06\/Enensys-Jsuis-Vert-9-146-2-174x116.jpg 174w, https:\/\/jsuisvert.com\/wp-content\/uploads\/2024\/06\/Enensys-Jsuis-Vert-9-146-2.jpg 2000w\" sizes=\"auto, (max-width: 1024px) 100vw, 1024px\" \/><\/a><\/figure><\/div>\n\n<div class=\"wp-block-image\">\n<figure class=\"aligncenter size-large is-resized\"><a href=\"https:\/\/jsuisvert.com\/wp-content\/uploads\/2024\/06\/Enensys-Jsuis-Vert-9-124.jpg\"><img loading=\"lazy\" decoding=\"async\" width=\"1024\" height=\"681\" src=\"https:\/\/jsuisvert.com\/wp-content\/uploads\/2024\/06\/Enensys-Jsuis-Vert-9-124-1024x681.jpg\" alt=\"\" class=\"wp-image-2480\" style=\"width:340px;height:auto\" srcset=\"https:\/\/jsuisvert.com\/wp-content\/uploads\/2024\/06\/Enensys-Jsuis-Vert-9-124-1024x681.jpg 1024w, https:\/\/jsuisvert.com\/wp-content\/uploads\/2024\/06\/Enensys-Jsuis-Vert-9-124-300x200.jpg 300w, https:\/\/jsuisvert.com\/wp-content\/uploads\/2024\/06\/Enensys-Jsuis-Vert-9-124-768x511.jpg 768w, https:\/\/jsuisvert.com\/wp-content\/uploads\/2024\/06\/Enensys-Jsuis-Vert-9-124-1536x1022.jpg 1536w, https:\/\/jsuisvert.com\/wp-content\/uploads\/2024\/06\/Enensys-Jsuis-Vert-9-124-500x333.jpg 500w, https:\/\/jsuisvert.com\/wp-content\/uploads\/2024\/06\/Enensys-Jsuis-Vert-9-124-800x532.jpg 800w, https:\/\/jsuisvert.com\/wp-content\/uploads\/2024\/06\/Enensys-Jsuis-Vert-9-124-1280x852.jpg 1280w, https:\/\/jsuisvert.com\/wp-content\/uploads\/2024\/06\/Enensys-Jsuis-Vert-9-124-1920x1278.jpg 1920w, https:\/\/jsuisvert.com\/wp-content\/uploads\/2024\/06\/Enensys-Jsuis-Vert-9-124-174x116.jpg 174w, https:\/\/jsuisvert.com\/wp-content\/uploads\/2024\/06\/Enensys-Jsuis-Vert-9-124.jpg 2000w\" sizes=\"auto, (max-width: 1024px) 100vw, 1024px\" \/><\/a><\/figure><\/div><\/div>\n<\/div>\n\n\n\n<p class=\"has-text-align-center has-white-color has-black-background-color has-text-color has-background has-link-color has-medium-font-size wp-elements-77c382078a8113332a6a6f04d9f1bdca\" style=\"font-style:normal;font-weight:400\">Avec les deux EP \u00ab\u00a0Turbo disco\u00a0\u00bb et \u00ab\u00a02032\u00a0\u00bb sortis successivement en 2021 et 2022, Eighty a donn\u00e9 une centaine de concerts \u00e0 travers la France pour un public toujours plus nombreux \u00e0 se d\u00e9hancher sur leur disco punk. \u00c0 l&rsquo;aise dans leurs baskets, ils suivent les pas de danse de Sister Sledge, Chic et Kool &amp; The Gang, mais s&rsquo;inspirent \u00e9galement d&rsquo;artistes actuels comme Jungle ou Purple Disco Machine. Avec une \u00e9nergie brute, incandescente et communicative, Eighty continue de conqu\u00e9rir les pistes de danse de la plan\u00e8te.<\/p>\n\n\n\n<h3 class=\"wp-block-heading has-text-align-center has-white-color has-black-background-color has-text-color has-background has-link-color wp-elements-61a3321f9fdea1f041a0439ab40c14a5\"><strong>EIGHTY &#8211; Jiggle<\/strong><\/h3>\n\n\n\n<figure><iframe loading=\"lazy\" width=\"10000\" height=\"500\" src=\"https:\/\/www.youtube.com\/embed\/R17ks3deUYE\" allowfullscreen=\"\"><\/iframe><\/figure>\n\n\n\n<h3 class=\"wp-block-heading has-text-align-center has-white-color has-black-background-color has-text-color has-background has-link-color wp-elements-3b08bc5f97423e893cbf5bb195847aa6\"><strong>EIGHTY &#8211; The Ride<\/strong><\/h3>\n\n\n\n<figure><iframe loading=\"lazy\" width=\"10000\" height=\"500\" src=\"https:\/\/www.youtube.com\/embed\/UN7ZjXxTUlY\" allowfullscreen=\"\"><\/iframe><\/figure>\n\n\n\n<div class=\"wp-block-buttons is-horizontal is-content-justification-center is-layout-flex wp-container-core-buttons-is-layout-1 wp-block-buttons-is-layout-flex\">\n<div class=\"wp-block-button has-custom-width wp-block-button__width-50 has-custom-font-size is-style-fill has-medium-font-size\" style=\"font-style:normal;font-weight:500\"><a class=\"wp-block-button__link has-text-align-center wp-element-button\" href=\"https:\/\/swap-music.com\/artiste\/eighty\/?fbclid=IwAR304pHUht-JFkydl426K7zkNQPc0FIhHiptVZi0EdurpuuxN8Mh34q84oM\" target=\"_blank\" rel=\"noreferrer noopener\">En savoir plus sur EIGHTY<\/a><\/div>\n<\/div>\n\n\n\n<p class=\"has-text-align-center has-black-color has-text-color has-link-color wp-elements-8d7c43f35cbb32fe56426a14458156c7\">&#8211;<\/p>\n\n\n\n<div class=\"wp-block-buttons is-content-justification-center is-layout-flex wp-container-core-buttons-is-layout-2 wp-block-buttons-is-layout-flex\">\n<div class=\"wp-block-button\"><a class=\"wp-block-button__link wp-element-button\" href=\"https:\/\/www.youtube.com\/channel\/UCOxJepuIvHTDxSRKjjhe8BQ\"><strong>S&rsquo;abonner \u00e0 EIGHTY<\/strong><\/a><\/div>\n<\/div>\n","protected":false},"excerpt":{"rendered":"<p>Eighty c&rsquo;est &#8230; Le sextet rennais nous invite sur le dancefloor et provoque la fi\u00e8vre du samedi soir (litt\u00e9ralement !) &hellip; <a href=\"https:\/\/jsuisvert.com\/?page_id=2260\" class=\"more-link\">Continue reading <span class=\"screen-reader-text\">EIGHTY<\/span><\/a><\/p>\n","protected":false},"author":7,"featured_media":0,"parent":1937,"menu_order":2,"comment_status":"closed","ping_status":"closed","template":"","meta":{"footnotes":""},"class_list":["post-2260","page","type-page","status-publish","hentry"],"_links":{"self":[{"href":"https:\/\/jsuisvert.com\/index.php?rest_route=\/wp\/v2\/pages\/2260","targetHints":{"allow":["GET"]}}],"collection":[{"href":"https:\/\/jsuisvert.com\/index.php?rest_route=\/wp\/v2\/pages"}],"about":[{"href":"https:\/\/jsuisvert.com\/index.php?rest_route=\/wp\/v2\/types\/page"}],"author":[{"embeddable":true,"href":"https:\/\/jsuisvert.com\/index.php?rest_route=\/wp\/v2\/users\/7"}],"replies":[{"embeddable":true,"href":"https:\/\/jsuisvert.com\/index.php?rest_route=%2Fwp%2Fv2%2Fcomments&post=2260"}],"version-history":[{"count":23,"href":"https:\/\/jsuisvert.com\/index.php?rest_route=\/wp\/v2\/pages\/2260\/revisions"}],"predecessor-version":[{"id":2482,"href":"https:\/\/jsuisvert.com\/index.php?rest_route=\/wp\/v2\/pages\/2260\/revisions\/2482"}],"up":[{"embeddable":true,"href":"https:\/\/jsuisvert.com\/index.php?rest_route=\/wp\/v2\/pages\/1937"}],"wp:attachment":[{"href":"https:\/\/jsuisvert.com\/index.php?rest_route=%2Fwp%2Fv2%2Fmedia&parent=2260"}],"curies":[{"name":"wp","href":"https:\/\/api.w.org\/{rel}","templated":true}]}}