{"id":1883,"date":"2023-04-07T15:37:19","date_gmt":"2023-04-07T13:37:19","guid":{"rendered":"https:\/\/jsuisvert.com\/?page_id=1883"},"modified":"2023-04-07T15:37:20","modified_gmt":"2023-04-07T13:37:20","slug":"joy-d","status":"publish","type":"page","link":"https:\/\/jsuisvert.com\/?page_id=1883","title":{"rendered":"JOY D"},"content":{"rendered":"\n<hr class=\"wp-block-separator has-alpha-channel-opacity\"\/>\n\n\n\n<p class=\"has-text-align-center has-medium-font-size\" style=\"font-style:normal;font-weight:100\">Lorsque l\u2019on rencontre Joy Dary, la tr\u00e8s l\u00e9g\u00e8re r\u00e9serve qu\u2019elle conserve semble vous faire<br>comprendre que vous n\u2019aurez jamais tout \u00e0 fait le fin mot de l\u2019histoire. Et pourtant, l\u2019histoire<br>est belle.<\/p>\n\n\n\n<p class=\"has-text-align-center has-medium-font-size\" style=\"font-style:normal;font-weight:100\"><br>En 2014, musicienne et chanteuse autodidacte, elle int\u00e8gre le groupe The Sunvizors, que le succ\u00e8s<br>propulse sur les routes, en France comme ailleurs en Europe dans les plus grands festivals. Deux<br>albums et plus de 300 concerts plus tard, il est d\u00e9sormais temps pour elle de se lancer dans une<br>nouvelle aventure, en solo cette fois, sous son propre nom, Joy Dary, comme un retour \u00e0 l\u2019essentiel.<br>Elle cite parmi ses influences \u00e9clectiques Alabama Shakes, Ga\u00ebl Faye ou encore Tame impala.<\/p>\n\n\n\n<p class=\"has-text-align-center has-medium-font-size\" style=\"font-style:normal;font-weight:100\">Des chansons soul dans l\u2019esprit et pop dans leurs richesses m\u00e9lodiques, actuelles par leurs sonorit\u00e9s et port\u00e9es par cette voix particuli\u00e8re, si reconnaissable.<\/p>\n\n\n\n<p style=\"font-style:normal;font-weight:100\"><\/p>\n\n\n<div class=\"wp-block-image\">\n<figure class=\"aligncenter size-large\"><a href=\"https:\/\/jsuisvert.com\/wp-content\/uploads\/2023\/04\/JOY-DARY-1-Photo-de-presse-HD-Credit-Daouda-Shabazz.jpg\"><img loading=\"lazy\" decoding=\"async\" width=\"1024\" height=\"819\" src=\"https:\/\/jsuisvert.com\/wp-content\/uploads\/2023\/04\/JOY-DARY-1-Photo-de-presse-HD-Credit-Daouda-Shabazz-1024x819.jpg\" alt=\"\" class=\"wp-image-1884\" srcset=\"https:\/\/jsuisvert.com\/wp-content\/uploads\/2023\/04\/JOY-DARY-1-Photo-de-presse-HD-Credit-Daouda-Shabazz-1024x819.jpg 1024w, https:\/\/jsuisvert.com\/wp-content\/uploads\/2023\/04\/JOY-DARY-1-Photo-de-presse-HD-Credit-Daouda-Shabazz-300x240.jpg 300w, https:\/\/jsuisvert.com\/wp-content\/uploads\/2023\/04\/JOY-DARY-1-Photo-de-presse-HD-Credit-Daouda-Shabazz-768x614.jpg 768w, https:\/\/jsuisvert.com\/wp-content\/uploads\/2023\/04\/JOY-DARY-1-Photo-de-presse-HD-Credit-Daouda-Shabazz-1536x1229.jpg 1536w, https:\/\/jsuisvert.com\/wp-content\/uploads\/2023\/04\/JOY-DARY-1-Photo-de-presse-HD-Credit-Daouda-Shabazz.jpg 2000w\" sizes=\"auto, (max-width: 1024px) 100vw, 1024px\" \/><\/a><figcaption class=\"wp-element-caption\">JOY D<\/figcaption><\/figure><\/div>\n\n\n<p class=\"has-text-align-center has-medium-font-size\" style=\"font-style:normal;font-weight:100\">Ses textes, en fran\u00e7ais, portent des sujets abord\u00e9s sans d\u00e9tour, o\u00f9 elle d\u00e9voile<br>son histoire avec finesse ce qui en fait toute la force po\u00e9tique, l\u2019ensemble<br>donnant le sentiment tr\u00e8s particulier d\u2019une sorte de douceur sauvage. Alors<br>peut-\u00eatre n\u2019aura-t-on jamais le fin mot de l\u2019histoire, mais on a un plaisir infini \u00e0<br>l\u2019\u00e9couter nous la chanter.<\/p>\n\n\n\n<hr class=\"wp-block-separator has-alpha-channel-opacity\"\/>\n\n\n\n<p class=\"has-text-align-right\"><strong>NOUVEAU SINGLE<br>PRINTEMPS 2023<br>TOURNEE LIVE 2023<\/strong><\/p>\n\n\n\n<figure class=\"wp-block-embed is-type-rich is-provider-prise-en-charge-des-contenus-embarques wp-block-embed-prise-en-charge-des-contenus-embarques wp-embed-aspect-16-9 wp-has-aspect-ratio\"><div class=\"wp-block-embed__wrapper\">\n<iframe loading=\"lazy\" title=\"\ud835\udc09\ud835\udc0e\ud835\udc18 \ud835\udc03\ud835\udc00\ud835\udc11\ud835\udc18 &quot;\ud835\udc01\ud835\udc0b\ud835\udc00\ud835\udc02\ud835\udc0a \ud835\udc07\ud835\udc0e\ud835\udc0b\ud835\udc04&quot; (\ud835\udc1c\ud835\udc25\ud835\udc22\ud835\udc29 \ud835\udc28\ud835\udc1f\ud835\udc1f\ud835\udc22\ud835\udc1c\ud835\udc22\ud835\udc1e\ud835\udc25)\" width=\"1140\" height=\"641\" src=\"https:\/\/www.youtube.com\/embed\/2ZDLD86plBg?feature=oembed\" frameborder=\"0\" allow=\"accelerometer; autoplay; clipboard-write; encrypted-media; gyroscope; picture-in-picture; web-share\" allowfullscreen><\/iframe>\n<\/div><\/figure>\n\n\n\n<p><\/p>\n","protected":false},"excerpt":{"rendered":"<p>Lorsque l\u2019on rencontre Joy Dary, la tr\u00e8s l\u00e9g\u00e8re r\u00e9serve qu\u2019elle conserve semble vous fairecomprendre que vous n\u2019aurez jamais tout \u00e0 &hellip; <a href=\"https:\/\/jsuisvert.com\/?page_id=1883\" class=\"more-link\">Continue reading <span class=\"screen-reader-text\">JOY D<\/span><\/a><\/p>\n","protected":false},"author":6,"featured_media":0,"parent":0,"menu_order":0,"comment_status":"closed","ping_status":"closed","template":"","meta":{"footnotes":""},"class_list":["post-1883","page","type-page","status-publish","hentry"],"_links":{"self":[{"href":"https:\/\/jsuisvert.com\/index.php?rest_route=\/wp\/v2\/pages\/1883","targetHints":{"allow":["GET"]}}],"collection":[{"href":"https:\/\/jsuisvert.com\/index.php?rest_route=\/wp\/v2\/pages"}],"about":[{"href":"https:\/\/jsuisvert.com\/index.php?rest_route=\/wp\/v2\/types\/page"}],"author":[{"embeddable":true,"href":"https:\/\/jsuisvert.com\/index.php?rest_route=\/wp\/v2\/users\/6"}],"replies":[{"embeddable":true,"href":"https:\/\/jsuisvert.com\/index.php?rest_route=%2Fwp%2Fv2%2Fcomments&post=1883"}],"version-history":[{"count":3,"href":"https:\/\/jsuisvert.com\/index.php?rest_route=\/wp\/v2\/pages\/1883\/revisions"}],"predecessor-version":[{"id":1888,"href":"https:\/\/jsuisvert.com\/index.php?rest_route=\/wp\/v2\/pages\/1883\/revisions\/1888"}],"wp:attachment":[{"href":"https:\/\/jsuisvert.com\/index.php?rest_route=%2Fwp%2Fv2%2Fmedia&parent=1883"}],"curies":[{"name":"wp","href":"https:\/\/api.w.org\/{rel}","templated":true}]}}