{"id":1880,"date":"2023-04-07T15:37:01","date_gmt":"2023-04-07T13:37:01","guid":{"rendered":"https:\/\/jsuisvert.com\/?page_id=1880"},"modified":"2023-04-07T15:37:02","modified_gmt":"2023-04-07T13:37:02","slug":"huush","status":"publish","type":"page","link":"https:\/\/jsuisvert.com\/?page_id=1880","title":{"rendered":"HUUSH"},"content":{"rendered":"\n<hr class=\"wp-block-separator has-alpha-channel-opacity\"\/>\n\n\n\n<p class=\"has-text-align-center\" style=\"font-style:normal;font-weight:100\">Avec HUUSH, la libert\u00e9 est totale. Le trio house-punk rennais, form\u00e9 par trois musiciens du groupe Eighty, propose une musique de club d\u00e9brid\u00e9e et furieusement dansante. Punk your house to party !<\/p>\n\n\n\n<figure class=\"wp-block-image size-large\"><a href=\"https:\/\/jsuisvert.com\/wp-content\/uploads\/2023\/04\/Huush_Visuel.png\"><img loading=\"lazy\" decoding=\"async\" width=\"1024\" height=\"1024\" src=\"https:\/\/jsuisvert.com\/wp-content\/uploads\/2023\/04\/Huush_Visuel-1024x1024.png\" alt=\"\" class=\"wp-image-1881\" srcset=\"https:\/\/jsuisvert.com\/wp-content\/uploads\/2023\/04\/Huush_Visuel-1024x1024.png 1024w, https:\/\/jsuisvert.com\/wp-content\/uploads\/2023\/04\/Huush_Visuel-300x300.png 300w, https:\/\/jsuisvert.com\/wp-content\/uploads\/2023\/04\/Huush_Visuel-150x150.png 150w, https:\/\/jsuisvert.com\/wp-content\/uploads\/2023\/04\/Huush_Visuel-768x768.png 768w, https:\/\/jsuisvert.com\/wp-content\/uploads\/2023\/04\/Huush_Visuel-1536x1536.png 1536w, https:\/\/jsuisvert.com\/wp-content\/uploads\/2023\/04\/Huush_Visuel-2048x2048.png 2048w, https:\/\/jsuisvert.com\/wp-content\/uploads\/2023\/04\/Huush_Visuel-230x230.png 230w\" sizes=\"auto, (max-width: 1024px) 100vw, 1024px\" \/><\/a><\/figure>\n\n\n\n<p class=\"has-text-align-center has-medium-font-size\" style=\"font-style:normal;font-weight:100\"><\/p>\n","protected":false},"excerpt":{"rendered":"<p>Avec HUUSH, la libert\u00e9 est totale. Le trio house-punk rennais, form\u00e9 par trois musiciens du groupe Eighty, propose une musique &hellip; <a href=\"https:\/\/jsuisvert.com\/?page_id=1880\" class=\"more-link\">Continue reading <span class=\"screen-reader-text\">HUUSH<\/span><\/a><\/p>\n","protected":false},"author":6,"featured_media":0,"parent":0,"menu_order":0,"comment_status":"closed","ping_status":"closed","template":"","meta":{"footnotes":""},"class_list":["post-1880","page","type-page","status-publish","hentry"],"_links":{"self":[{"href":"https:\/\/jsuisvert.com\/index.php?rest_route=\/wp\/v2\/pages\/1880","targetHints":{"allow":["GET"]}}],"collection":[{"href":"https:\/\/jsuisvert.com\/index.php?rest_route=\/wp\/v2\/pages"}],"about":[{"href":"https:\/\/jsuisvert.com\/index.php?rest_route=\/wp\/v2\/types\/page"}],"author":[{"embeddable":true,"href":"https:\/\/jsuisvert.com\/index.php?rest_route=\/wp\/v2\/users\/6"}],"replies":[{"embeddable":true,"href":"https:\/\/jsuisvert.com\/index.php?rest_route=%2Fwp%2Fv2%2Fcomments&post=1880"}],"version-history":[{"count":1,"href":"https:\/\/jsuisvert.com\/index.php?rest_route=\/wp\/v2\/pages\/1880\/revisions"}],"predecessor-version":[{"id":1882,"href":"https:\/\/jsuisvert.com\/index.php?rest_route=\/wp\/v2\/pages\/1880\/revisions\/1882"}],"wp:attachment":[{"href":"https:\/\/jsuisvert.com\/index.php?rest_route=%2Fwp%2Fv2%2Fmedia&parent=1880"}],"curies":[{"name":"wp","href":"https:\/\/api.w.org\/{rel}","templated":true}]}}