{"id":1572,"date":"2022-03-30T10:25:10","date_gmt":"2022-03-30T08:25:10","guid":{"rendered":"http:\/\/jsuisvert.com\/?page_id=1572"},"modified":"2022-03-31T11:29:55","modified_gmt":"2022-03-31T09:29:55","slug":"dj-cup-of-tea","status":"publish","type":"page","link":"https:\/\/jsuisvert.com\/?page_id=1572","title":{"rendered":"DJ Cup Of Tea"},"content":{"rendered":"\n<figure class=\"wp-block-image\"><img loading=\"lazy\" decoding=\"async\" width=\"1024\" height=\"684\" src=\"http:\/\/jsuisvert.com\/wp-content\/uploads\/2022\/03\/DJ_CupOfTea_IMFR-2021-Shooting-Artiste-11-1024x684.jpg\" alt=\"\" class=\"wp-image-1652\" srcset=\"https:\/\/jsuisvert.com\/wp-content\/uploads\/2022\/03\/DJ_CupOfTea_IMFR-2021-Shooting-Artiste-11-1024x684.jpg 1024w, https:\/\/jsuisvert.com\/wp-content\/uploads\/2022\/03\/DJ_CupOfTea_IMFR-2021-Shooting-Artiste-11-300x200.jpg 300w, https:\/\/jsuisvert.com\/wp-content\/uploads\/2022\/03\/DJ_CupOfTea_IMFR-2021-Shooting-Artiste-11-768x513.jpg 768w, https:\/\/jsuisvert.com\/wp-content\/uploads\/2022\/03\/DJ_CupOfTea_IMFR-2021-Shooting-Artiste-11.jpg 2000w\" sizes=\"auto, (max-width: 1024px) 100vw, 1024px\" \/><\/figure>\n\n\n<h1>DJ CUP OF TEA BIO<\/h1>\n<h4>Quand elle n\u2019embrouille pas les ondes de Canal B avec l\u2019\u00e9mission Take It Or Leave It, Ludmilla enfile son costume de<br>DJ Cup of Tea. Sous cet alias, elle propose une s\u00e9lection pop\u2019n\u2019roll en vinyle (mais pas que). Au programme :<br>hymnes britpop braill\u00e9s, revendications post-punk \u00e9nerv\u00e9es, morceaux vintage vieillis en f\u00fbt de ch\u00eane, avec pour<br>mission de vous faire danser la chenille jusqu\u2019au bout de la nuit.<\/h4>\n<hr>\n<h4>&nbsp;<\/h4>\n\n\n<h3 class=\"wp-block-heading\">Vous pourrez la retrouver au Festival MYTHOS 2022 au cot\u00e9 de HERMANN LOPEZ<\/h3>\n\n\n\n<figure class=\"wp-block-image\"><img loading=\"lazy\" decoding=\"async\" width=\"960\" height=\"960\" src=\"http:\/\/jsuisvert.com\/wp-content\/uploads\/2022\/03\/276040755_180989070920838_1271679425899951907_n.jpg\" alt=\"\" class=\"wp-image-1653\" srcset=\"https:\/\/jsuisvert.com\/wp-content\/uploads\/2022\/03\/276040755_180989070920838_1271679425899951907_n.jpg 960w, https:\/\/jsuisvert.com\/wp-content\/uploads\/2022\/03\/276040755_180989070920838_1271679425899951907_n-150x150.jpg 150w, https:\/\/jsuisvert.com\/wp-content\/uploads\/2022\/03\/276040755_180989070920838_1271679425899951907_n-300x300.jpg 300w, https:\/\/jsuisvert.com\/wp-content\/uploads\/2022\/03\/276040755_180989070920838_1271679425899951907_n-768x768.jpg 768w, https:\/\/jsuisvert.com\/wp-content\/uploads\/2022\/03\/276040755_180989070920838_1271679425899951907_n-230x230.jpg 230w\" sizes=\"auto, (max-width: 960px) 100vw, 960px\" \/><\/figure>\n\n\n\n<h2 class=\"wp-block-heading\" style=\"text-align:center\">DJ Cup of Tea c&rsquo;est aussi \u00e7a!!<\/h2>\n\n\n\n<p style=\"text-align:center\" class=\"has-medium-font-size\"> <a href=\"https:\/\/www.takeitorleaveit.fr\/qui-sommes-nous\/\">https:\/\/www.takeitorleaveit.fr\/qui-sommes-nous\/<\/a><\/p>\n","protected":false},"excerpt":{"rendered":"<p>DJ CUP OF TEA BIO Quand elle n\u2019embrouille pas les ondes de Canal B avec l\u2019\u00e9mission Take It Or Leave &hellip; <a href=\"https:\/\/jsuisvert.com\/?page_id=1572\" class=\"more-link\">Continue reading <span class=\"screen-reader-text\">DJ Cup Of Tea<\/span><\/a><\/p>\n","protected":false},"author":6,"featured_media":0,"parent":0,"menu_order":0,"comment_status":"closed","ping_status":"closed","template":"","meta":{"footnotes":""},"class_list":["post-1572","page","type-page","status-publish","hentry"],"_links":{"self":[{"href":"https:\/\/jsuisvert.com\/index.php?rest_route=\/wp\/v2\/pages\/1572","targetHints":{"allow":["GET"]}}],"collection":[{"href":"https:\/\/jsuisvert.com\/index.php?rest_route=\/wp\/v2\/pages"}],"about":[{"href":"https:\/\/jsuisvert.com\/index.php?rest_route=\/wp\/v2\/types\/page"}],"author":[{"embeddable":true,"href":"https:\/\/jsuisvert.com\/index.php?rest_route=\/wp\/v2\/users\/6"}],"replies":[{"embeddable":true,"href":"https:\/\/jsuisvert.com\/index.php?rest_route=%2Fwp%2Fv2%2Fcomments&post=1572"}],"version-history":[{"count":9,"href":"https:\/\/jsuisvert.com\/index.php?rest_route=\/wp\/v2\/pages\/1572\/revisions"}],"predecessor-version":[{"id":1737,"href":"https:\/\/jsuisvert.com\/index.php?rest_route=\/wp\/v2\/pages\/1572\/revisions\/1737"}],"wp:attachment":[{"href":"https:\/\/jsuisvert.com\/index.php?rest_route=%2Fwp%2Fv2%2Fmedia&parent=1572"}],"curies":[{"name":"wp","href":"https:\/\/api.w.org\/{rel}","templated":true}]}}