{"id":1571,"date":"2022-03-30T10:25:10","date_gmt":"2022-03-30T08:25:10","guid":{"rendered":"http:\/\/jsuisvert.com\/?page_id=1571"},"modified":"2022-03-30T14:54:28","modified_gmt":"2022-03-30T12:54:28","slug":"dj-ordoeuvre","status":"publish","type":"page","link":"https:\/\/jsuisvert.com\/?page_id=1571","title":{"rendered":"DJ Ordoeuvre"},"content":{"rendered":"\n<figure class=\"wp-block-image\"><img loading=\"lazy\" decoding=\"async\" width=\"598\" height=\"517\" src=\"http:\/\/jsuisvert.com\/wp-content\/uploads\/2022\/03\/Ordoeuvre1.png\" alt=\"\" class=\"wp-image-1606\" srcset=\"https:\/\/jsuisvert.com\/wp-content\/uploads\/2022\/03\/Ordoeuvre1.png 598w, https:\/\/jsuisvert.com\/wp-content\/uploads\/2022\/03\/Ordoeuvre1-300x259.png 300w\" sizes=\"auto, (max-width: 598px) 100vw, 598px\" \/><\/figure>\n\n\n\n<p style=\"text-align:center\"> DJ Ordoeuvre invente le CUT \u2018N\u2019 ROLL et dynamite habilement le meilleur du rock\u2019n\u2019roll des origines !! DJ ORDOEUVRE est LE r\u00e9tro-rocker indispensable \u00e0 ta soir\u00e9e : un type qui joue du rock\u2019n\u2019roll \u00e0 l\u2019ancienne avec une ma\u00eetrise parfaite du r\u00e9pertoire et qui utilise les platines vinyles comme Brian Setzer utilisait sa guitare ! <\/p>\n\n\n\n<figure class=\"wp-block-image\"><img loading=\"lazy\" decoding=\"async\" width=\"1024\" height=\"576\" src=\"http:\/\/jsuisvert.com\/wp-content\/uploads\/2022\/03\/Ordoeuvre3-1024x576.jpeg\" alt=\"\" class=\"wp-image-1609\" srcset=\"https:\/\/jsuisvert.com\/wp-content\/uploads\/2022\/03\/Ordoeuvre3-1024x576.jpeg 1024w, https:\/\/jsuisvert.com\/wp-content\/uploads\/2022\/03\/Ordoeuvre3-300x169.jpeg 300w, https:\/\/jsuisvert.com\/wp-content\/uploads\/2022\/03\/Ordoeuvre3-768x432.jpeg 768w, https:\/\/jsuisvert.com\/wp-content\/uploads\/2022\/03\/Ordoeuvre3.jpeg 1920w\" sizes=\"auto, (max-width: 1024px) 100vw, 1024px\" \/><\/figure>\n\n\n\n<p style=\"text-align:center\"> Virtuose du turntablism (3 X champion de France DMC et vice-champion du monde en 2002 \u00e0 2007), il met le feu aux platines et repousse les horizons du DJ set habituel en incorporant scratchs incisifs et autres figures techniques \u00e0 ses s\u00e9lections vintages rock ! Une collection de covers et d\u2019originaux des ann\u00e9es 60\u2032 \u00e0 nos jours. De Gene Vincent \u00e0 JD McPherson en passant par les Stray Cats, Little Richard et la folie tarantinesque de Messer Chups. Avec ce projet Cut\u2019n\u2019roll, DJ Ordoeuvre donne une nouvelle jeunesse \u00e0 nos classiques et parvient \u00e0 r\u00e9unir plusieurs g\u00e9n\u00e9rations sur le m\u00eame dance floor !  <\/p>\n\n\n\n<figure class=\"wp-block-image\"><img loading=\"lazy\" decoding=\"async\" width=\"831\" height=\"1024\" src=\"http:\/\/jsuisvert.com\/wp-content\/uploads\/2022\/03\/Ordoeuvre4-831x1024.jpeg\" alt=\"\" class=\"wp-image-1611\" srcset=\"https:\/\/jsuisvert.com\/wp-content\/uploads\/2022\/03\/Ordoeuvre4-831x1024.jpeg 831w, https:\/\/jsuisvert.com\/wp-content\/uploads\/2022\/03\/Ordoeuvre4-243x300.jpeg 243w, https:\/\/jsuisvert.com\/wp-content\/uploads\/2022\/03\/Ordoeuvre4-768x946.jpeg 768w, https:\/\/jsuisvert.com\/wp-content\/uploads\/2022\/03\/Ordoeuvre4.jpeg 1080w\" sizes=\"auto, (max-width: 831px) 100vw, 831px\" \/><\/figure>\n\n\n\n<h1 class=\"wp-block-heading\" style=\"text-align:center\">D\u00e9couvrez son titre \u00ab\u00a0I&rsquo;m coming home\u00a0\u00bb <\/h1>\n\n\n\n<figure><iframe loading=\"lazy\" width=\"560\" height=\"315\" src=\"https:\/\/www.youtube.com\/embed\/ZinFl2eYE2I\" title=\"YouTube video player\" frameborder=\"0\" allow=\"accelerometer; autoplay; clipboard-write; encrypted-media; gyroscope; picture-in-picture\" allowfullscreen=\"\"><\/iframe><\/figure>\n\n\n\n<h2 class=\"wp-block-heading\"><\/h2>\n\n\n\n<h4 class=\"wp-block-heading\">Ils en ont parl\u00e9 dans le T\u00e9l\u00e9gramme <a href=\"https:\/\/www.letelegramme.fr\/cotes-darmor\/dinan\/musique-ordoeuvre-le-virtuose-des-platines-15-12-2017-11780924.php\">https:\/\/www.letelegramme.fr\/cotes-darmor\/dinan\/musique-ordoeuvre-le-virtuose-des-platines-15-12-2017-11780924.php<\/a><\/h4>\n\n\n\n<p><\/p>\n","protected":false},"excerpt":{"rendered":"<p>DJ Ordoeuvre invente le CUT \u2018N\u2019 ROLL et dynamite habilement le meilleur du rock\u2019n\u2019roll des origines !! DJ ORDOEUVRE est &hellip; <a href=\"https:\/\/jsuisvert.com\/?page_id=1571\" class=\"more-link\">Continue reading <span class=\"screen-reader-text\">DJ Ordoeuvre<\/span><\/a><\/p>\n","protected":false},"author":6,"featured_media":0,"parent":0,"menu_order":0,"comment_status":"closed","ping_status":"closed","template":"","meta":{"footnotes":""},"class_list":["post-1571","page","type-page","status-publish","hentry"],"_links":{"self":[{"href":"https:\/\/jsuisvert.com\/index.php?rest_route=\/wp\/v2\/pages\/1571","targetHints":{"allow":["GET"]}}],"collection":[{"href":"https:\/\/jsuisvert.com\/index.php?rest_route=\/wp\/v2\/pages"}],"about":[{"href":"https:\/\/jsuisvert.com\/index.php?rest_route=\/wp\/v2\/types\/page"}],"author":[{"embeddable":true,"href":"https:\/\/jsuisvert.com\/index.php?rest_route=\/wp\/v2\/users\/6"}],"replies":[{"embeddable":true,"href":"https:\/\/jsuisvert.com\/index.php?rest_route=%2Fwp%2Fv2%2Fcomments&post=1571"}],"version-history":[{"count":17,"href":"https:\/\/jsuisvert.com\/index.php?rest_route=\/wp\/v2\/pages\/1571\/revisions"}],"predecessor-version":[{"id":1673,"href":"https:\/\/jsuisvert.com\/index.php?rest_route=\/wp\/v2\/pages\/1571\/revisions\/1673"}],"wp:attachment":[{"href":"https:\/\/jsuisvert.com\/index.php?rest_route=%2Fwp%2Fv2%2Fmedia&parent=1571"}],"curies":[{"name":"wp","href":"https:\/\/api.w.org\/{rel}","templated":true}]}}