{"id":1569,"date":"2022-03-30T10:25:10","date_gmt":"2022-03-30T08:25:10","guid":{"rendered":"http:\/\/jsuisvert.com\/?page_id=1569"},"modified":"2022-03-31T10:45:09","modified_gmt":"2022-03-31T08:45:09","slug":"kitschenettes","status":"publish","type":"page","link":"https:\/\/jsuisvert.com\/?page_id=1569","title":{"rendered":"Les Kitschenettes"},"content":{"rendered":"\n<figure class=\"wp-block-image\"><img loading=\"lazy\" decoding=\"async\" width=\"682\" height=\"1024\" src=\"http:\/\/jsuisvert.com\/wp-content\/uploads\/2022\/03\/Photo_Kitschenettes_Mabilay_1-682x1024.jpg\" alt=\"\" class=\"wp-image-1595\" srcset=\"https:\/\/jsuisvert.com\/wp-content\/uploads\/2022\/03\/Photo_Kitschenettes_Mabilay_1-682x1024.jpg 682w, https:\/\/jsuisvert.com\/wp-content\/uploads\/2022\/03\/Photo_Kitschenettes_Mabilay_1-200x300.jpg 200w, https:\/\/jsuisvert.com\/wp-content\/uploads\/2022\/03\/Photo_Kitschenettes_Mabilay_1-768x1152.jpg 768w, https:\/\/jsuisvert.com\/wp-content\/uploads\/2022\/03\/Photo_Kitschenettes_Mabilay_1.jpg 853w\" sizes=\"auto, (max-width: 682px) 100vw, 682px\" \/><\/figure>\n\n\n<h2>Un petit mot sur Les Kitschenettes\u00a0<\/h2>\n<p>Dans le genre pop-rock ann\u00e9es 60 qui chante en Fran\u00e7ais (genre Dutronc-Nino Ferrer, ou beaucoup plus underground, mais avec l\u2019\u00e9nergie d\u2019aujourd\u2019hui), on est vraiment les champions du style.<\/p>\n<p>C\u2019est m\u00e9lodique, \u00e9nergique, color\u00e9, f\u00e9minin\/masculin, sexy. Oui !<\/p>\n<p>Le groupe existe depuis 15 ans, on a sorti 4 disques (le 5e arrive), et on a d\u00fb faire pas loin de 250 concerts (en France, mais aussi Belgique, Hollande, Allemagne, Angleterre, Espagne et USA) !<\/p>\n<p>\u00a0<\/p>\n<p style=\"text-align: center;\"><a href=\"http:\/\/jsuisvert.com\/wp-content\/uploads\/2022\/03\/Les-Kitschenettes-2022-WEB-Titouan-Mass\u00e9.jpg\"><img loading=\"lazy\" decoding=\"async\" class=\"alignnone size-medium wp-image-1702\" src=\"http:\/\/jsuisvert.com\/wp-content\/uploads\/2022\/03\/Les-Kitschenettes-2022-WEB-Titouan-Mass\u00e9-300x176.jpg\" alt=\"\" width=\"300\" height=\"176\" srcset=\"https:\/\/jsuisvert.com\/wp-content\/uploads\/2022\/03\/Les-Kitschenettes-2022-WEB-Titouan-Mass\u00e9-300x176.jpg 300w, https:\/\/jsuisvert.com\/wp-content\/uploads\/2022\/03\/Les-Kitschenettes-2022-WEB-Titouan-Mass\u00e9-768x452.jpg 768w, https:\/\/jsuisvert.com\/wp-content\/uploads\/2022\/03\/Les-Kitschenettes-2022-WEB-Titouan-Mass\u00e9-1024x602.jpg 1024w, https:\/\/jsuisvert.com\/wp-content\/uploads\/2022\/03\/Les-Kitschenettes-2022-WEB-Titouan-Mass\u00e9.jpg 1280w\" sizes=\"auto, (max-width: 300px) 100vw, 300px\" \/><\/a><\/p>\n<p>On a d\u00e9j\u00e0 fait la premi\u00e8re partie de Clara Luciani, The Allah-Las, Caravan Palace, Bikini Machine, Gaspar Royant\u2026<\/p>\n\n\n<h3 class=\"wp-block-heading\" style=\"text-align:center\"><strong>D\u00e9couvrez \u00ab\u00a0J&rsquo;ai l&rsquo;air de quoi\u00a0\u00bb morceau extrait du vinyle<\/strong><\/h3>\n\n\n\n<h3 class=\"wp-block-heading\" style=\"text-align:center\"><strong> \u00ab\u00a02e etage: lingerie pour hommes\u00a0\u00bb<\/strong><\/h3>\n\n\n\n<figure><iframe loading=\"lazy\" width=\"560\" height=\"315\" src=\"https:\/\/www.youtube.com\/embed\/SOqVuVodySk\" allowfullscreen=\"\"><\/iframe><\/figure>\n\n\n\n<p>Quelques liens:<\/p>\n\n\n\n<p><a href=\"https:\/\/www.youtube.com\/user\/LesKitschenettes\/featured\">https:\/\/www.youtube.com\/user\/LesKitschenettes\/featured<\/a><\/p>\n\n\n\n<p><a href=\"https:\/\/soundcloud.com\/leskitschenettes?fbclid=IwAR3HVoMFLLtpKgpcUAN5QxBVMCXJ95ODjYDGhWs6XAMxGM_ErVKDtSVovYQ\">https:\/\/soundcloud.com\/leskitschenettes?fbclid=IwAR3HVoMFLLtpKgpcUAN5QxBVMCXJ95ODjYDGhWs6XAMxGM_ErVKDtSVovYQ<\/a><\/p>\n\n\n\n<p><a href=\"https:\/\/leskitschenettes.bandcamp.com\/?fbclid=IwAR2W5hzhoVwtSvtRrlKm-2KS2Uu8wXsPxjbYsqdJZ2jbrht8qkHHfvl1gQM\">https:\/\/leskitschenettes.bandcamp.com\/?fbclid=IwAR2W5hzhoVwtSvtRrlKm-2KS2Uu8wXsPxjbYsqdJZ2jbrht8qkHHfvl1gQM<\/a><\/p>\n","protected":false},"excerpt":{"rendered":"<p>Un petit mot sur Les Kitschenettes\u00a0 Dans le genre pop-rock ann\u00e9es 60 qui chante en Fran\u00e7ais (genre Dutronc-Nino Ferrer, ou &hellip; <a href=\"https:\/\/jsuisvert.com\/?page_id=1569\" class=\"more-link\">Continue reading <span class=\"screen-reader-text\">Les Kitschenettes<\/span><\/a><\/p>\n","protected":false},"author":6,"featured_media":0,"parent":0,"menu_order":0,"comment_status":"closed","ping_status":"closed","template":"","meta":{"footnotes":""},"class_list":["post-1569","page","type-page","status-publish","hentry"],"_links":{"self":[{"href":"https:\/\/jsuisvert.com\/index.php?rest_route=\/wp\/v2\/pages\/1569","targetHints":{"allow":["GET"]}}],"collection":[{"href":"https:\/\/jsuisvert.com\/index.php?rest_route=\/wp\/v2\/pages"}],"about":[{"href":"https:\/\/jsuisvert.com\/index.php?rest_route=\/wp\/v2\/types\/page"}],"author":[{"embeddable":true,"href":"https:\/\/jsuisvert.com\/index.php?rest_route=\/wp\/v2\/users\/6"}],"replies":[{"embeddable":true,"href":"https:\/\/jsuisvert.com\/index.php?rest_route=%2Fwp%2Fv2%2Fcomments&post=1569"}],"version-history":[{"count":16,"href":"https:\/\/jsuisvert.com\/index.php?rest_route=\/wp\/v2\/pages\/1569\/revisions"}],"predecessor-version":[{"id":1707,"href":"https:\/\/jsuisvert.com\/index.php?rest_route=\/wp\/v2\/pages\/1569\/revisions\/1707"}],"wp:attachment":[{"href":"https:\/\/jsuisvert.com\/index.php?rest_route=%2Fwp%2Fv2%2Fmedia&parent=1569"}],"curies":[{"name":"wp","href":"https:\/\/api.w.org\/{rel}","templated":true}]}}