{"id":1568,"date":"2022-03-30T10:25:10","date_gmt":"2022-03-30T08:25:10","guid":{"rendered":"http:\/\/jsuisvert.com\/?page_id=1568"},"modified":"2022-04-22T09:57:47","modified_gmt":"2022-04-22T07:57:47","slug":"jsuis-vert-7","status":"publish","type":"page","link":"https:\/\/jsuisvert.com\/?page_id=1568","title":{"rendered":"J&rsquo;suis vert #7"},"content":{"rendered":"\n<div class=\"wp-block-image\"><figure class=\"aligncenter is-resized\"><img loading=\"lazy\" decoding=\"async\" src=\"http:\/\/jsuisvert.com\/wp-content\/uploads\/2022\/03\/JSUIS-VERT-1-1024x795.png\" alt=\"\" class=\"wp-image-1583\" width=\"580\" height=\"450\" srcset=\"https:\/\/jsuisvert.com\/wp-content\/uploads\/2022\/03\/JSUIS-VERT-1-1024x795.png 1024w, https:\/\/jsuisvert.com\/wp-content\/uploads\/2022\/03\/JSUIS-VERT-1-300x233.png 300w, https:\/\/jsuisvert.com\/wp-content\/uploads\/2022\/03\/JSUIS-VERT-1-768x596.png 768w, https:\/\/jsuisvert.com\/wp-content\/uploads\/2022\/03\/JSUIS-VERT-1.png 1121w\" sizes=\"auto, (max-width: 580px) 100vw, 580px\" \/><\/figure><\/div>\n\n\n\n<p style=\"color:#99cc33;font-size:0;text-align:center\" class=\"has-text-color\"><strong><em>J\u2019suis vert, c\u2019est le festival electro-rock avec des bulles vertes dans le dedans\u2026<\/em><\/strong> <\/p>\n\n\n\n<h1 class=\"wp-block-heading\" style=\"text-align:center\">J\u2019Suis Vert #7 c\u2019est le 20 Mai 2022!<\/h1>\n\n\n\n<p><\/p>\n\n\n<p>La 7\u00e8me \u00e9dition du festival J\u2019SuisVert! se d\u00e9roulera le Vendredi 20 Mai 2022 au soir \u00e0 la Factory Ballroom, 4A rue des Buttes \u00e0 Cesson-S\u00e9vign\u00e9.<\/p>\n<p>Au programme de J\u2019SuisVert #7, ap\u00e9ro-d\u00eenatoire et de la bonne musique electro-rock avec plusieurs groupes et DJ de la sc\u00e8ne Hexagonal<\/p>\n\n\n<hr class=\"wp-block-separator is-style-wide\"\/>\n\n\n\n<p style=\"font-size:40px;text-align:center\"><strong>LES ARTISTES DE LA SOIREE<\/strong><\/p>\n\n\n\n<p><\/p>\n\n\n<h1 style=\"text-align: center;\">19h00 &#8211; DJ CUP OF TEA<\/h1>\n<p style=\"text-align: center;\">Une artiste pour ambiancer la soir\u00e9e, rien de tel que DJ Cup of Tea et sa s\u00e9lection pop\u2019n\u2019 roll . Au programme : hymnes britpop braill\u00e9s, revendications post-punk \u00e9nerv\u00e9es, morceaux vintage vieillis en f\u00fbt de ch\u00eane!<\/p>\n<p><img decoding=\"async\" class=\"aligncenter\" src=\"http:\/\/jsuisvert.com\/wp-content\/uploads\/2022\/03\/DJ_CupOfTea_IMFR-2021-Shooting-Artiste-11-2-1024x684.jpg\" alt=\"L\u2019attribut alt de cette image est vide, son nom de fichier est DJ_CupOfTea_IMFR-2021-Shooting-Artiste-11-2-1024x684.jpg.\"><\/p>\n\n\n<hr class=\"wp-block-separator is-style-wide\"\/>\n\n\n<p><\/p>\n\n\n<\/p>\n<h1 style=\"text-align: center;\">20h30 &#8211; LES KITSCHENETTE&rsquo;S<\/h1>\n<p>\n\n\n\n<\/p>\n<p style=\"text-align: center;\">Trois disques et plus de cent cinquante concerts \u00e0 travers l \u2019Europe et m\u00eame aux \u00c9tats-Unis. Pas mal pour les Kitschenette&rsquo;s un groupe de reprises, lanc\u00e9<br \/>comme une boutade, \u00e0 Saint-L\u00f4, il y a douze ans. \u00ab L\u2019 id\u00e9e \u00e9tait de reprendre le r\u00e9pertoire pop fran\u00e7ais des ann\u00e9es 1960 \u00bb,<\/p>\n<p><img decoding=\"async\" class=\"aligncenter\" src=\"http:\/\/jsuisvert.com\/wp-content\/uploads\/2022\/03\/Photo_Kitschenettes_Mabilay_1-1-682x1024.jpg\" \/><\/p>\n<p>\n\n\n<p><\/p>\n<p><!-- \/wp:paragraph --><\/p>\n<p><!-- wp:separator {\"className\":\"is-style-wide\"} --><br>\n<\/p><hr class=\"wp-block-separator is-style-wide\">\n<!-- \/wp:separator --><p><\/p>\n<p><!-- wp:paragraph {\"align\":\"center\"} --><\/p>\n<h1 style=\"text-align: center;\">22h00 &#8211; EIGHTY<\/h1>\n<p><!-- \/wp:paragraph --> <!-- wp:paragraph --><\/p>\n<p style=\"text-align: center;\">Un disco moderne empreint d\u2019\u00e9lectro et de hip hop !<br>Le sextet rennais EIGHTY prend le volant de la DeLorean de Retour<br>vers le futur pour un voyage spatio-temporel au d\u00e9but des ann\u00e9es 1980.<\/p>\n<p style=\"text-align: center;\">A l\u2019aise dans leurs baskets fluos, ils marchent dans les pas de danse de Chic et Kool &amp; The Gang, mais aussi d\u2019artistes actuels comme Jungle, et brassent disco, funk, f low hip hop et sons synth\u00e9tiques vintage. Avec une \u00e9nergie incandescente et communicative, Eighty n\u2019a pas fini de participer au<br>r\u00e9chauffement des dancefloors de la plan\u00e8te !<\/p>\n<p style=\"text-align: center;\"><img decoding=\"async\" src=\"http:\/\/jsuisvert.com\/wp-content\/uploads\/2022\/03\/Photo-Eighty-1024x1024.jpeg\"><\/p>\n<p><!-- \/wp:media-text --><\/p>\n<p><!-- \/wp:paragraph --><\/p>\n<p><!-- wp:separator {\"className\":\"is-style-wide\"} --><br>\n<\/p><hr class=\"wp-block-separator is-style-wide\">\n<!-- \/wp:separator --><p><\/p>\n<p><!-- wp:paragraph {\"align\":\"center\"} --><\/p>\n<h1 style=\"text-align: center;\">23h15 &#8211; DJ ORDOEUVRE<\/h1>\n<p><!-- \/wp:paragraph --> <!-- wp:paragraph --><\/p>\n<p style=\"text-align: center;\">World champion 2021 Clash of the Titans !<br>Dj Ordoeuvre, virtuose du turntablism (World champion<br>2021 COTT, 3X Vice world champion DMC\/ IDA, 3X champion de France DMC) met le feu aux platines et repousse les horizons du Dj set habituel en incorporant scratchs incisifs et autres figures techniques \u00e0 ses s\u00e9lections vintages rock. Il invente le Cut\u2019n\u2019rol l ! Il excelle \u00e9galement sur un r\u00e9pertoire Jazz \/ groove comme en atteste la vid\u00e9o \u00ab Home sweet soul \u00bb qui le consacre champion du monde Clash of the Titans 2021 (Jazz \u00e9dition) .<\/p>\n<p><img decoding=\"async\" class=\"aligncenter\" src=\"http:\/\/jsuisvert.com\/wp-content\/uploads\/2022\/03\/Ordoeuvre1.png\"><\/p>\n<p><!-- \/wp:media-text --><\/p>\n<p><!-- \/wp:paragraph --><\/p>","protected":false},"excerpt":{"rendered":"<p>J\u2019suis vert, c\u2019est le festival electro-rock avec des bulles vertes dans le dedans\u2026 J\u2019Suis Vert #7 c\u2019est le 20 Mai &hellip; <a href=\"https:\/\/jsuisvert.com\/?page_id=1568\" class=\"more-link\">Continue reading <span class=\"screen-reader-text\">J&rsquo;suis vert #7<\/span><\/a><\/p>\n","protected":false},"author":6,"featured_media":0,"parent":0,"menu_order":0,"comment_status":"closed","ping_status":"closed","template":"","meta":{"footnotes":""},"class_list":["post-1568","page","type-page","status-publish","hentry"],"_links":{"self":[{"href":"https:\/\/jsuisvert.com\/index.php?rest_route=\/wp\/v2\/pages\/1568","targetHints":{"allow":["GET"]}}],"collection":[{"href":"https:\/\/jsuisvert.com\/index.php?rest_route=\/wp\/v2\/pages"}],"about":[{"href":"https:\/\/jsuisvert.com\/index.php?rest_route=\/wp\/v2\/types\/page"}],"author":[{"embeddable":true,"href":"https:\/\/jsuisvert.com\/index.php?rest_route=\/wp\/v2\/users\/6"}],"replies":[{"embeddable":true,"href":"https:\/\/jsuisvert.com\/index.php?rest_route=%2Fwp%2Fv2%2Fcomments&post=1568"}],"version-history":[{"count":23,"href":"https:\/\/jsuisvert.com\/index.php?rest_route=\/wp\/v2\/pages\/1568\/revisions"}],"predecessor-version":[{"id":2202,"href":"https:\/\/jsuisvert.com\/index.php?rest_route=\/wp\/v2\/pages\/1568\/revisions\/2202"}],"wp:attachment":[{"href":"https:\/\/jsuisvert.com\/index.php?rest_route=%2Fwp%2Fv2%2Fmedia&parent=1568"}],"curies":[{"name":"wp","href":"https:\/\/api.w.org\/{rel}","templated":true}]}}