{"id":1489,"date":"2019-05-05T16:40:25","date_gmt":"2019-05-05T14:40:25","guid":{"rendered":"http:\/\/jsuisvert.com\/?page_id=1489"},"modified":"2019-05-05T17:09:53","modified_gmt":"2019-05-05T15:09:53","slug":"technologie-clearpillar","status":"publish","type":"page","link":"https:\/\/jsuisvert.com\/?page_id=1489","title":{"rendered":"Technologie ClearPillar"},"content":{"rendered":"\n<h4 class=\"wp-block-heading\">La Technologie ClearPillar (TM) sera d\u00e9ploy\u00e9e \u00e0 L\u2019UBU lors de la 6<sup>\u00e8me<\/sup> \u00e9dition du Festival J\u2019suis Vert.<\/h4>\n\n\n\n<p>Pour la premi\u00e8re fois en France, la technologies ClearPillar\nsera d\u00e9ploy\u00e9e dans une salle de concert. Cette technologies innovante, tout\ndroit venue de Californie, permettra enfin de profiter pleinement d\u2019un concert\n\u00e0 l\u2019UBU, m\u00eame si vous \u00eates plac\u00e9s devant le fameux poteau droit.<\/p>\n\n\n\n<p>Dot\u00e9e d\u2019un moteur d\u2019Intelligence Artificielle de derni\u00e8re\ng\u00e9n\u00e9ration, la technologie ClearPillar est une sorte de film interactif constitu\u00e9\nde capteurs bi-directionnels permettant de capter l\u2019image d\u2019un cot\u00e9 du support\n(mur, poteau, \u2026), et de la restituer sans latence de l\u2019autre cot\u00e9. En synth\u00e8se,\nla technologie r\u00e9volutionnaire rend tout support quasi transparent.<\/p>\n\n\n\n<p>La salle de l\u2019UBU a souvent \u00e9t\u00e9 critiqu\u00e9e pour sa\ndisposition peu adapt\u00e9e. Si vous arrivez un peu tard au concert, il est\nprobable que vous vous retrouviez dans le passage \u00e0 droite de la sc\u00e8ne. Et le\npoteau vous masque alors une partie du groupe, tr\u00e8s souvent un des guitaristes.\n<\/p>\n\n\n\n<p>A l\u2019UBU, le 17 Mai, ClearPillar recouvrira l\u2019int\u00e9gralit\u00e9 du\npoteau rond situ\u00e9 sur la droite de la sc\u00e8ne. <\/p>\n\n\n\n<figure class=\"wp-block-image\"><img loading=\"lazy\" decoding=\"async\" width=\"1024\" height=\"678\" src=\"http:\/\/jsuisvert.com\/wp-content\/uploads\/2019\/05\/Sans_ClearPillar-1024x678.jpg\" alt=\"\" class=\"wp-image-1491\" srcset=\"https:\/\/jsuisvert.com\/wp-content\/uploads\/2019\/05\/Sans_ClearPillar-1024x678.jpg 1024w, https:\/\/jsuisvert.com\/wp-content\/uploads\/2019\/05\/Sans_ClearPillar-300x199.jpg 300w, https:\/\/jsuisvert.com\/wp-content\/uploads\/2019\/05\/Sans_ClearPillar-768x509.jpg 768w, https:\/\/jsuisvert.com\/wp-content\/uploads\/2019\/05\/Sans_ClearPillar.jpg 1037w\" sizes=\"auto, (max-width: 1024px) 100vw, 1024px\" \/><\/figure>\n\n\n\n<figure class=\"wp-block-image\"><img loading=\"lazy\" decoding=\"async\" width=\"1024\" height=\"680\" src=\"http:\/\/jsuisvert.com\/wp-content\/uploads\/2019\/05\/Avec_ClearPillar-1-1024x680.jpg\" alt=\"\" class=\"wp-image-1493\" srcset=\"https:\/\/jsuisvert.com\/wp-content\/uploads\/2019\/05\/Avec_ClearPillar-1-1024x680.jpg 1024w, https:\/\/jsuisvert.com\/wp-content\/uploads\/2019\/05\/Avec_ClearPillar-1-300x199.jpg 300w, https:\/\/jsuisvert.com\/wp-content\/uploads\/2019\/05\/Avec_ClearPillar-1-768x510.jpg 768w, https:\/\/jsuisvert.com\/wp-content\/uploads\/2019\/05\/Avec_ClearPillar-1.jpg 1035w\" sizes=\"auto, (max-width: 1024px) 100vw, 1024px\" \/><\/figure>\n\n\n\n<p>Il sera ainsi possible pour quelqu\u2019un de plac\u00e9 devant le\npoteau, de voir le guitariste qui joue derri\u00e8re.<\/p>\n","protected":false},"excerpt":{"rendered":"<p>La Technologie ClearPillar (TM) sera d\u00e9ploy\u00e9e \u00e0 L\u2019UBU lors de la 6\u00e8me \u00e9dition du Festival J\u2019suis Vert. Pour la premi\u00e8re &hellip; <a href=\"https:\/\/jsuisvert.com\/?page_id=1489\" class=\"more-link\">Continue reading <span class=\"screen-reader-text\">Technologie ClearPillar<\/span><\/a><\/p>\n","protected":false},"author":2,"featured_media":0,"parent":718,"menu_order":0,"comment_status":"closed","ping_status":"closed","template":"","meta":{"footnotes":""},"class_list":["post-1489","page","type-page","status-publish","hentry"],"_links":{"self":[{"href":"https:\/\/jsuisvert.com\/index.php?rest_route=\/wp\/v2\/pages\/1489","targetHints":{"allow":["GET"]}}],"collection":[{"href":"https:\/\/jsuisvert.com\/index.php?rest_route=\/wp\/v2\/pages"}],"about":[{"href":"https:\/\/jsuisvert.com\/index.php?rest_route=\/wp\/v2\/types\/page"}],"author":[{"embeddable":true,"href":"https:\/\/jsuisvert.com\/index.php?rest_route=\/wp\/v2\/users\/2"}],"replies":[{"embeddable":true,"href":"https:\/\/jsuisvert.com\/index.php?rest_route=%2Fwp%2Fv2%2Fcomments&post=1489"}],"version-history":[{"count":4,"href":"https:\/\/jsuisvert.com\/index.php?rest_route=\/wp\/v2\/pages\/1489\/revisions"}],"predecessor-version":[{"id":1499,"href":"https:\/\/jsuisvert.com\/index.php?rest_route=\/wp\/v2\/pages\/1489\/revisions\/1499"}],"up":[{"embeddable":true,"href":"https:\/\/jsuisvert.com\/index.php?rest_route=\/wp\/v2\/pages\/718"}],"wp:attachment":[{"href":"https:\/\/jsuisvert.com\/index.php?rest_route=%2Fwp%2Fv2%2Fmedia&parent=1489"}],"curies":[{"name":"wp","href":"https:\/\/api.w.org\/{rel}","templated":true}]}}