{"id":1419,"date":"2019-05-04T19:13:05","date_gmt":"2019-05-04T17:13:05","guid":{"rendered":"http:\/\/jsuisvert.com\/?page_id=1419"},"modified":"2019-05-04T20:30:32","modified_gmt":"2019-05-04T18:30:32","slug":"praa","status":"publish","type":"page","link":"https:\/\/jsuisvert.com\/?page_id=1419","title":{"rendered":"PRAA"},"content":{"rendered":"\n<figure class=\"wp-block-image\"><img loading=\"lazy\" decoding=\"async\" width=\"1024\" height=\"685\" src=\"http:\/\/jsuisvert.com\/wp-content\/uploads\/2019\/05\/Alternative-PRAA_\u00a9_Claire_Auffret_1200x800px-1024x685.png\" alt=\"\" class=\"wp-image-1448\" srcset=\"https:\/\/jsuisvert.com\/wp-content\/uploads\/2019\/05\/Alternative-PRAA_\u00a9_Claire_Auffret_1200x800px-1024x685.png 1024w, https:\/\/jsuisvert.com\/wp-content\/uploads\/2019\/05\/Alternative-PRAA_\u00a9_Claire_Auffret_1200x800px-300x201.png 300w, https:\/\/jsuisvert.com\/wp-content\/uploads\/2019\/05\/Alternative-PRAA_\u00a9_Claire_Auffret_1200x800px-768x514.png 768w, https:\/\/jsuisvert.com\/wp-content\/uploads\/2019\/05\/Alternative-PRAA_\u00a9_Claire_Auffret_1200x800px.png 1200w\" sizes=\"auto, (max-width: 1024px) 100vw, 1024px\" \/><figcaption>PRAA, relax&#8230; Photo Claire Auffret<\/figcaption><\/figure>\n\n\n\n<p>Marion Lagassat, de son vrai nom, est n\u00e9e \u00e0 Valence sous le soleil du sud de la France. Enfant des ann\u00e9es 90 n\u00e9e de parents m\u00e9lomanes, elle grandit accompagn\u00e9e des sonorit\u00e9s de la pop anglaise, de la soul am\u00e9ricaine et du RnB 90&rsquo;s. <br><\/p>\n\n\n\n<figure class=\"wp-block-image\"><img loading=\"lazy\" decoding=\"async\" width=\"1024\" height=\"683\" src=\"http:\/\/jsuisvert.com\/wp-content\/uploads\/2019\/05\/PRAA_\u00a9_Claire_Auffret-003_1200x800px-1024x683.jpg\" alt=\"\" class=\"wp-image-1451\" srcset=\"https:\/\/jsuisvert.com\/wp-content\/uploads\/2019\/05\/PRAA_\u00a9_Claire_Auffret-003_1200x800px-1024x683.jpg 1024w, https:\/\/jsuisvert.com\/wp-content\/uploads\/2019\/05\/PRAA_\u00a9_Claire_Auffret-003_1200x800px-300x200.jpg 300w, https:\/\/jsuisvert.com\/wp-content\/uploads\/2019\/05\/PRAA_\u00a9_Claire_Auffret-003_1200x800px-768x512.jpg 768w, https:\/\/jsuisvert.com\/wp-content\/uploads\/2019\/05\/PRAA_\u00a9_Claire_Auffret-003_1200x800px.jpg 1200w\" sizes=\"auto, (max-width: 1024px) 100vw, 1024px\" \/><figcaption>On en connait d&rsquo;autres qui essayent de toucher le plafond \u00e0 chaque soir\u00e9e&#8230;<\/figcaption><\/figure>\n\n\n\n<p>De Hitchcock \u00e0 Tarantino en passant par Dirty Dancing et West Side Story, Marion passe son enfance berc\u00e9e entre films d\u2019auteurs et com\u00e9dies musicales am\u00e9ricaines. C&rsquo;est tout naturellement qu&rsquo;elle s&rsquo;envole quelques mois pour Los Angeles lorsqu&rsquo;elle atteint la majorit\u00e9. <\/p>\n\n\n\n<p>Des covers remarqu\u00e9es sur Dailymotion et des passages en radios \u00e0 tout juste 16 ans lui pr\u00e9disent un avenir radieux.  <\/p>\n\n\n\n<figure class=\"wp-block-image\"><img loading=\"lazy\" decoding=\"async\" width=\"1024\" height=\"683\" src=\"http:\/\/jsuisvert.com\/wp-content\/uploads\/2019\/05\/PRAA_\u00a9_Claire_Auffret-002_1200x800px-1024x683.jpg\" alt=\"\" class=\"wp-image-1450\" srcset=\"https:\/\/jsuisvert.com\/wp-content\/uploads\/2019\/05\/PRAA_\u00a9_Claire_Auffret-002_1200x800px-1024x683.jpg 1024w, https:\/\/jsuisvert.com\/wp-content\/uploads\/2019\/05\/PRAA_\u00a9_Claire_Auffret-002_1200x800px-300x200.jpg 300w, https:\/\/jsuisvert.com\/wp-content\/uploads\/2019\/05\/PRAA_\u00a9_Claire_Auffret-002_1200x800px-768x512.jpg 768w, https:\/\/jsuisvert.com\/wp-content\/uploads\/2019\/05\/PRAA_\u00a9_Claire_Auffret-002_1200x800px.jpg 1200w\" sizes=\"auto, (max-width: 1024px) 100vw, 1024px\" \/><\/figure>\n\n\n\n<p>Son premier projet folk lui fait d\u00e9buter la sc\u00e8ne en ouverture de plusieurs tourn\u00e9es nationales. En parall\u00e8le, elle rejoint un groupe de rock-psych\u00e9 en tant qu\u2019organiste. C\u2019est certainement gr\u00e2ce \u00e0 sa passion et sa curiosit\u00e9 sans limites que d\u00e9coule son \u00e9clectisme musical aussi riche qu\u2019original.  <\/p>\n\n\n\n<p>\n\nDe la jeune adulte r\u00e9serv\u00e9e, cach\u00e9e derri\u00e8re un chapeau et une guitare folk, est n\u00e9e Praa. Une femme d\u00e9complex\u00e9e et assum\u00e9e, comme un hymne \u00e0 l&rsquo;audace humaine. Elevons nous. Croyons en nous. Osons. \n\n<\/p>\n\n\n\n<figure class=\"wp-block-image\"><img loading=\"lazy\" decoding=\"async\" width=\"683\" height=\"1024\" src=\"http:\/\/jsuisvert.com\/wp-content\/uploads\/2019\/05\/PRAA_\u00a9_Claire_Auffret-003_1200x1800px-683x1024.jpg\" alt=\"\" class=\"wp-image-1452\" srcset=\"https:\/\/jsuisvert.com\/wp-content\/uploads\/2019\/05\/PRAA_\u00a9_Claire_Auffret-003_1200x1800px-683x1024.jpg 683w, https:\/\/jsuisvert.com\/wp-content\/uploads\/2019\/05\/PRAA_\u00a9_Claire_Auffret-003_1200x1800px-200x300.jpg 200w, https:\/\/jsuisvert.com\/wp-content\/uploads\/2019\/05\/PRAA_\u00a9_Claire_Auffret-003_1200x1800px-768x1152.jpg 768w, https:\/\/jsuisvert.com\/wp-content\/uploads\/2019\/05\/PRAA_\u00a9_Claire_Auffret-003_1200x1800px.jpg 1200w\" sizes=\"auto, (max-width: 683px) 100vw, 683px\" \/><\/figure>\n\n\n\n<p>Avec pour r\u00e9f\u00e9rences des noms tels que Michael Jackson, Kaytranada, Madonna ou encore Ph\u0153nix, l\u2019artiste \u00e9rudite synth\u00e9tise ses multiples influences pour en faire une sonorit\u00e9 unique: la Dance Soul. <\/p>\n\n\n\n<p>Des productions faussement minimaliste qui oscillent entre \u00e9lectronique et organique, sublim\u00e9e d\u2019un savoir faire \u00e0 la Fran\u00e7aise et magnifi\u00e9es par Timsters, r\u00e9alisateur du disque et compagnon de vie. L\u2019amour: \u00e9l\u00e9ment essentiel que Praa place au c\u0153ur du projet.  <\/p>\n\n\n\n<figure class=\"wp-block-image\"><img loading=\"lazy\" decoding=\"async\" width=\"1024\" height=\"576\" src=\"http:\/\/jsuisvert.com\/wp-content\/uploads\/2019\/05\/Picture-Praa-Screen001_1200x675px-1024x576.jpg\" alt=\"\" class=\"wp-image-1466\" srcset=\"https:\/\/jsuisvert.com\/wp-content\/uploads\/2019\/05\/Picture-Praa-Screen001_1200x675px-1024x576.jpg 1024w, https:\/\/jsuisvert.com\/wp-content\/uploads\/2019\/05\/Picture-Praa-Screen001_1200x675px-300x169.jpg 300w, https:\/\/jsuisvert.com\/wp-content\/uploads\/2019\/05\/Picture-Praa-Screen001_1200x675px-768x432.jpg 768w, https:\/\/jsuisvert.com\/wp-content\/uploads\/2019\/05\/Picture-Praa-Screen001_1200x675px.jpg 1200w\" sizes=\"auto, (max-width: 1024px) 100vw, 1024px\" \/><figcaption>C&rsquo;est open bar ou c&rsquo;est pas open bar ?<\/figcaption><\/figure>\n\n\n\n<p>En seulement trois singles, Praa s\u2019est attir\u00e9e les critiques \u00e9logieuses des m\u00e9dias fran\u00e7ais ainsi que la &#8211; tr\u00e8s exigeante &#8211; presse \u00e9trang\u00e8re parmi lesquelles BBC, Clash Magazine, Les Inrocks, Tsugi, Earmilk, Jack, HighsNobiety, Dummy ou encore The 405.<\/p>\n\n\n\n<p>Sign\u00e9e sur l\u2019avant-gardiste label Elephant &amp; Castle avec un EP pr\u00e9vu pour le printemps prochain et des premi\u00e8res dates \u00e0 travers l\u2019Europe (dont les pr\u00e9curseurs Transmusicales et Reeperbahn), l\u2019avenir se montre prometteur pour Praa. Un nom \u00e0 suivre de pr\u00e8s en 2019.<\/p>\n\n\n\n<h2 class=\"wp-block-heading\">Embarquez pour un tour en voiture avec PRAA<\/h2>\n\n\n\n<figure class=\"wp-block-embed-youtube wp-block-embed is-type-video is-provider-youtube wp-embed-aspect-16-9 wp-has-aspect-ratio\"><div class=\"wp-block-embed__wrapper\">\n<iframe loading=\"lazy\" title=\"Praa - Do It All Again (Official Music Video)\" width=\"1140\" height=\"641\" src=\"https:\/\/www.youtube.com\/embed\/LrCwkJ_MnyM?feature=oembed\" frameborder=\"0\" allow=\"accelerometer; autoplay; clipboard-write; encrypted-media; gyroscope; picture-in-picture; web-share\" allowfullscreen><\/iframe>\n<\/div><\/figure>\n\n\n\n<h2 class=\"wp-block-heading\">Quelques liens<\/h2>\n\n\n\n<p><strong>YouTube\nVideo: <\/strong><a href=\"http:\/\/bit.ly\/WFBY-YT\">http:\/\/bit.ly\/WFBY-YT<\/a><\/p>\n\n\n\n<p><strong>Soundcloud Audio<\/strong>: <a href=\"https:\/\/soundcloud.com\/thisispraa\/sets\/praa\" target=\"_blank\" rel=\"noreferrer noopener\" aria-label=\" (s\u2019ouvre dans un nouvel onglet)\">https:\/\/soundcloud.com\/thisispraa\/sets\/praa<\/a><\/p>\n\n\n\n<p>Facebook : <a href=\"https:\/\/www.facebook.com\/thisispraa\" target=\"_blank\" rel=\"noreferrer noopener\" aria-label=\" (s\u2019ouvre dans un nouvel onglet)\">https:\/\/www.facebook.com\/thisispraa<\/a> <\/p>\n\n\n\n<p>Instagram : <a href=\"http:\/\/instagram.com\/thisispraa\" target=\"_blank\" rel=\"noreferrer noopener\" aria-label=\" (s\u2019ouvre dans un nouvel onglet)\">http:\/\/instagram.com\/thisispraa<\/a> <\/p>\n\n\n\n<p>Twitter : <a href=\"https:\/\/twitter.com\/thisispraa\" target=\"_blank\" rel=\"noreferrer noopener\" aria-label=\" (s\u2019ouvre dans un nouvel onglet)\">https:\/\/twitter.com\/thisispraa<\/a> <\/p>\n","protected":false},"excerpt":{"rendered":"<p>Marion Lagassat, de son vrai nom, est n\u00e9e \u00e0 Valence sous le soleil du sud de la France. Enfant des &hellip; <a href=\"https:\/\/jsuisvert.com\/?page_id=1419\" class=\"more-link\">Continue reading <span class=\"screen-reader-text\">PRAA<\/span><\/a><\/p>\n","protected":false},"author":2,"featured_media":0,"parent":718,"menu_order":0,"comment_status":"closed","ping_status":"closed","template":"","meta":{"footnotes":""},"class_list":["post-1419","page","type-page","status-publish","hentry"],"_links":{"self":[{"href":"https:\/\/jsuisvert.com\/index.php?rest_route=\/wp\/v2\/pages\/1419","targetHints":{"allow":["GET"]}}],"collection":[{"href":"https:\/\/jsuisvert.com\/index.php?rest_route=\/wp\/v2\/pages"}],"about":[{"href":"https:\/\/jsuisvert.com\/index.php?rest_route=\/wp\/v2\/types\/page"}],"author":[{"embeddable":true,"href":"https:\/\/jsuisvert.com\/index.php?rest_route=\/wp\/v2\/users\/2"}],"replies":[{"embeddable":true,"href":"https:\/\/jsuisvert.com\/index.php?rest_route=%2Fwp%2Fv2%2Fcomments&post=1419"}],"version-history":[{"count":15,"href":"https:\/\/jsuisvert.com\/index.php?rest_route=\/wp\/v2\/pages\/1419\/revisions"}],"predecessor-version":[{"id":1467,"href":"https:\/\/jsuisvert.com\/index.php?rest_route=\/wp\/v2\/pages\/1419\/revisions\/1467"}],"up":[{"embeddable":true,"href":"https:\/\/jsuisvert.com\/index.php?rest_route=\/wp\/v2\/pages\/718"}],"wp:attachment":[{"href":"https:\/\/jsuisvert.com\/index.php?rest_route=%2Fwp%2Fv2%2Fmedia&parent=1419"}],"curies":[{"name":"wp","href":"https:\/\/api.w.org\/{rel}","templated":true}]}}