{"id":1416,"date":"2019-05-04T19:12:11","date_gmt":"2019-05-04T17:12:11","guid":{"rendered":"http:\/\/jsuisvert.com\/?page_id=1416"},"modified":"2019-05-04T19:59:27","modified_gmt":"2019-05-04T17:59:27","slug":"bootleggers-united","status":"publish","type":"page","link":"https:\/\/jsuisvert.com\/?page_id=1416","title":{"rendered":"Bootleggers United"},"content":{"rendered":"\n<h3 class=\"wp-block-heading\">N&rsquo;allez pas vous coucher avant minuit, bordel !!!<\/h3>\n\n\n\n<figure class=\"wp-block-image\"><img loading=\"lazy\" decoding=\"async\" width=\"993\" height=\"1024\" src=\"http:\/\/jsuisvert.com\/wp-content\/uploads\/2019\/05\/BU-photo-Javier-Lazo-1200x1237px-993x1024.jpg\" alt=\"\" class=\"wp-image-1417\" srcset=\"https:\/\/jsuisvert.com\/wp-content\/uploads\/2019\/05\/BU-photo-Javier-Lazo-1200x1237px-993x1024.jpg 993w, https:\/\/jsuisvert.com\/wp-content\/uploads\/2019\/05\/BU-photo-Javier-Lazo-1200x1237px-291x300.jpg 291w, https:\/\/jsuisvert.com\/wp-content\/uploads\/2019\/05\/BU-photo-Javier-Lazo-1200x1237px-768x792.jpg 768w, https:\/\/jsuisvert.com\/wp-content\/uploads\/2019\/05\/BU-photo-Javier-Lazo-1200x1237px.jpg 1200w\" sizes=\"auto, (max-width: 993px) 100vw, 993px\" \/><figcaption>Bootleggers United aka DJ Prosper &amp; DJ Zebra<\/figcaption><\/figure>\n\n\n\n<p>Experts en brassages musicaux, les deux DJs sont recherch\u00e9s pour d\u00e9tournement de styles :  Funk b\u00e2tard et Rock transgenre, break\u00e9s fa\u00e7on puzzle.<br><\/p>\n\n\n\n<h2 class=\"wp-block-heading\">DJ Zebra<\/h2>\n\n\n\n<figure class=\"wp-block-image\"><img loading=\"lazy\" decoding=\"async\" width=\"1024\" height=\"680\" src=\"http:\/\/jsuisvert.com\/wp-content\/uploads\/2019\/05\/IMG_9174-1024x680.jpg\" alt=\"\" class=\"wp-image-1432\" srcset=\"https:\/\/jsuisvert.com\/wp-content\/uploads\/2019\/05\/IMG_9174-1024x680.jpg 1024w, https:\/\/jsuisvert.com\/wp-content\/uploads\/2019\/05\/IMG_9174-300x199.jpg 300w, https:\/\/jsuisvert.com\/wp-content\/uploads\/2019\/05\/IMG_9174-768x510.jpg 768w, https:\/\/jsuisvert.com\/wp-content\/uploads\/2019\/05\/IMG_9174.jpg 1126w\" sizes=\"auto, (max-width: 1024px) 100vw, 1024px\" \/><figcaption>DJ Zebra<\/figcaption><\/figure>\n\n\n\n<p>DJ Zebra est connu pour ses bootlegs (mixs hybrides), popularis\u00e9s sur les radios FM (Zebramix sur O\u00fci Fm,  Virgin Radio, RTL2, France Inter, \u2026) et dans de nombreux festivals rock (Solidays, Vieilles Charrues, Francofolies,<br> Paleo, \u2026) depuis 2003. Il est aussi musicien, chanteur et auteur. Son premier roman \u201cIggy Salvador\u201d sortira en mars 2019.<\/p>\n\n\n\n<h2 class=\"wp-block-heading\">DJ Prosper<\/h2>\n\n\n\n<figure class=\"wp-block-image\"><img loading=\"lazy\" decoding=\"async\" width=\"1024\" height=\"767\" src=\"http:\/\/jsuisvert.com\/wp-content\/uploads\/2019\/05\/BU_DJ_Prosper_photo-Fabrice-Crenel-2_1200x900px-1024x767.jpg\" alt=\"\" class=\"wp-image-1434\" srcset=\"https:\/\/jsuisvert.com\/wp-content\/uploads\/2019\/05\/BU_DJ_Prosper_photo-Fabrice-Crenel-2_1200x900px-1024x767.jpg 1024w, https:\/\/jsuisvert.com\/wp-content\/uploads\/2019\/05\/BU_DJ_Prosper_photo-Fabrice-Crenel-2_1200x900px-300x225.jpg 300w, https:\/\/jsuisvert.com\/wp-content\/uploads\/2019\/05\/BU_DJ_Prosper_photo-Fabrice-Crenel-2_1200x900px-768x575.jpg 768w, https:\/\/jsuisvert.com\/wp-content\/uploads\/2019\/05\/BU_DJ_Prosper_photo-Fabrice-Crenel-2_1200x900px.jpg 1200w\" sizes=\"auto, (max-width: 1024px) 100vw, 1024px\" \/><figcaption>DJ Prosper<\/figcaption><\/figure>\n\n\n\n<p>DJ Prosper est un expert en funk, electro et break beat, auteur de plusieurs maxis et albums internationaux. Il a mix\u00e9 dans de nombreux clubs et festivals depuis 2000, et est actuellement DJ r\u00e9sident de soir\u00e9es branch\u00e9es \u00e0 Paris (La Javelle, Rosa Bonheur, Ground Control, \u2026). Il vient de sortir 2 EP avec Stabfinger et Adam Polo.<\/p>\n\n\n\n<h2 class=\"wp-block-heading\">Face \u00e0 Face<\/h2>\n\n\n\n<p>Face \u00e0 face, ils s&rsquo;affrontent et se remixent dans une joyeuse battle d&rsquo;un nouveau genre.<\/p>\n\n\n\n<p> Tous les coups musicaux sont permis, surtout les plus tordus.<\/p>\n\n\n\n<p>  Et sur 4 platines, personne ne peut les arr\u00eater.  La preuve en vid\u00e9o:<\/p>\n\n\n\n<figure class=\"wp-block-video\"><video controls src=\"http:\/\/jsuisvert.com\/wp-content\/uploads\/2019\/05\/BU_videoplayback.mp4\"><\/video><\/figure>\n\n\n\n<h2 class=\"wp-block-heading\">Quelques liens<\/h2>\n\n\n\n<p>Facebook : <a rel=\"noreferrer noopener\" aria-label=\"http:\/\/www.facebook.com\/bootutd (s\u2019ouvre dans un nouvel onglet)\" href=\"http:\/\/www.facebook.com\/bootutd\" target=\"_blank\">http:\/\/www.facebook.com\/bootutd<\/a><br>Soundcloud : <a rel=\"noreferrer noopener\" aria-label=\"http:\/\/soundcloud.com\/bootutd (s\u2019ouvre dans un nouvel onglet)\" href=\"http:\/\/soundcloud.com\/bootutd\" target=\"_blank\">http:\/\/soundcloud.com\/bootutd<\/a><br>Youtube : <a rel=\"noreferrer noopener\" aria-label=\"https:\/\/www.youtube.com\/playlist?list=PL9LNs1CYjr-R0VVjE3ZE1Bp72bosZcCIX (s\u2019ouvre dans un nouvel onglet)\" href=\"https:\/\/www.youtube.com\/playlist?list=PL9LNs1CYjr-R0VVjE3ZE1Bp72bosZcCIX\" target=\"_blank\">https:\/\/www.youtube.com\/playlist?list=PL9LNs1CYjr-R0VVjE3ZE1Bp72bosZcCIX<\/a><\/p>\n\n\n\n<figure class=\"wp-block-image\"><img loading=\"lazy\" decoding=\"async\" width=\"731\" height=\"748\" src=\"http:\/\/jsuisvert.com\/wp-content\/uploads\/2019\/05\/IMG_9175.jpg\" alt=\"\" class=\"wp-image-1437\" srcset=\"https:\/\/jsuisvert.com\/wp-content\/uploads\/2019\/05\/IMG_9175.jpg 731w, https:\/\/jsuisvert.com\/wp-content\/uploads\/2019\/05\/IMG_9175-293x300.jpg 293w\" sizes=\"auto, (max-width: 731px) 100vw, 731px\" \/><\/figure>\n\n\n\n<p><br><\/p>\n","protected":false},"excerpt":{"rendered":"<p>N&rsquo;allez pas vous coucher avant minuit, bordel !!! Experts en brassages musicaux, les deux DJs sont recherch\u00e9s pour d\u00e9tournement de &hellip; <a href=\"https:\/\/jsuisvert.com\/?page_id=1416\" class=\"more-link\">Continue reading <span class=\"screen-reader-text\">Bootleggers United<\/span><\/a><\/p>\n","protected":false},"author":2,"featured_media":0,"parent":718,"menu_order":0,"comment_status":"closed","ping_status":"closed","template":"","meta":{"footnotes":""},"class_list":["post-1416","page","type-page","status-publish","hentry"],"_links":{"self":[{"href":"https:\/\/jsuisvert.com\/index.php?rest_route=\/wp\/v2\/pages\/1416","targetHints":{"allow":["GET"]}}],"collection":[{"href":"https:\/\/jsuisvert.com\/index.php?rest_route=\/wp\/v2\/pages"}],"about":[{"href":"https:\/\/jsuisvert.com\/index.php?rest_route=\/wp\/v2\/types\/page"}],"author":[{"embeddable":true,"href":"https:\/\/jsuisvert.com\/index.php?rest_route=\/wp\/v2\/users\/2"}],"replies":[{"embeddable":true,"href":"https:\/\/jsuisvert.com\/index.php?rest_route=%2Fwp%2Fv2%2Fcomments&post=1416"}],"version-history":[{"count":16,"href":"https:\/\/jsuisvert.com\/index.php?rest_route=\/wp\/v2\/pages\/1416\/revisions"}],"predecessor-version":[{"id":1442,"href":"https:\/\/jsuisvert.com\/index.php?rest_route=\/wp\/v2\/pages\/1416\/revisions\/1442"}],"up":[{"embeddable":true,"href":"https:\/\/jsuisvert.com\/index.php?rest_route=\/wp\/v2\/pages\/718"}],"wp:attachment":[{"href":"https:\/\/jsuisvert.com\/index.php?rest_route=%2Fwp%2Fv2%2Fmedia&parent=1416"}],"curies":[{"name":"wp","href":"https:\/\/api.w.org\/{rel}","templated":true}]}}