{"id":1397,"date":"2019-05-04T18:43:22","date_gmt":"2019-05-04T16:43:22","guid":{"rendered":"http:\/\/jsuisvert.com\/?page_id=1397"},"modified":"2019-05-05T17:38:53","modified_gmt":"2019-05-05T15:38:53","slug":"yelle","status":"publish","type":"page","link":"https:\/\/jsuisvert.com\/?page_id=1397","title":{"rendered":"YELLE"},"content":{"rendered":"\n<figure class=\"wp-block-image\"><img loading=\"lazy\" decoding=\"async\" width=\"791\" height=\"1024\" src=\"http:\/\/jsuisvert.com\/wp-content\/uploads\/2019\/05\/Yelle-Club-Party-1200x1553px-791x1024.jpg\" alt=\"\" class=\"wp-image-1401\" srcset=\"https:\/\/jsuisvert.com\/wp-content\/uploads\/2019\/05\/Yelle-Club-Party-1200x1553px-791x1024.jpg 791w, https:\/\/jsuisvert.com\/wp-content\/uploads\/2019\/05\/Yelle-Club-Party-1200x1553px-232x300.jpg 232w, https:\/\/jsuisvert.com\/wp-content\/uploads\/2019\/05\/Yelle-Club-Party-1200x1553px-768x994.jpg 768w, https:\/\/jsuisvert.com\/wp-content\/uploads\/2019\/05\/Yelle-Club-Party-1200x1553px.jpg 1200w\" sizes=\"auto, (max-width: 791px) 100vw, 791px\" \/><figcaption>YELLE sera sur sc\u00e8ne en formule Disco Club Party<\/figcaption><\/figure>\n\n\n\n<h2 class=\"wp-block-heading\">YELLE ? You Enjoy Life !<\/h2>\n\n\n\n<p>Le groupe Yelle (pour You Enjoy Life) est n\u00e9 de l\u2019association de deux amis de longue date, Julie Budet (Yelle) et Jean-Fran\u00e7ois Perrier (GrandMarnier). La carri\u00e8re du duo d\u00e9colle en 2005 avec Je veux te voir, premier single aux paroles explicites et provocatrices et hymne d\u2019une g\u00e9n\u00e9ration color\u00e9e et d\u00e9complex\u00e9e. <\/p>\n\n\n\n<p>Pop Up, le premier album du groupe, sort en 2007 sur le label Source Etc. <\/p>\n\n\n\n<h2 class=\"wp-block-heading\">A cause des gar\u00e7ons<\/h2>\n\n\n\n<p>Cette reprise vous rappelle des bons souvenirs ?<\/p>\n\n\n\n<figure class=\"wp-block-embed-youtube wp-block-embed is-type-video is-provider-youtube wp-embed-aspect-4-3 wp-has-aspect-ratio\"><div class=\"wp-block-embed__wrapper\">\n<iframe loading=\"lazy\" title=\"YELLE - A Cause Des Gar\u00e7ons\" width=\"1140\" height=\"855\" src=\"https:\/\/www.youtube.com\/embed\/aKM8txMizdI?feature=oembed\" frameborder=\"0\" allow=\"accelerometer; autoplay; clipboard-write; encrypted-media; gyroscope; picture-in-picture; web-share\" allowfullscreen><\/iframe>\n<\/div><\/figure>\n\n\n\n<p>Il s\u2019ensuit une tourn\u00e9e \u00e0 travers le monde, ainsi que de nombreuses collaborations artistiques (un remix pour Katy Perry, un duo avec Crookers, un \u00e9change avec Robyn).<\/p>\n\n\n\n<p>Apr\u00e8s avoir travaill\u00e9 sans rel\u00e2che sur Safari Disco Club (Cooperative Music \/ PIAS), deuxi\u00e8me album sorti au printemps 2011, le groupe s\u2019engage une nouvelle fois sur une longue tourn\u00e9e internationale et r\u00e9ussi \u00e0 f\u00e9d\u00e9rer les g\u00e9n\u00e9rations et les sensibilit\u00e9s les plus diverses.<\/p>\n\n\n\n<p>En 2014, Yelle \u00e9toffe sa palette et s\u2019associe au musicien et producteur am\u00e9ricain Dr Luke. Le r\u00e9sultat de cette collaboration: Compl\u00e8tement Fou (Kemosabe \/ Because Music), troisi\u00e8me opus salu\u00e9 par la critique musicale &amp; \u00e0 nouveau port\u00e9 par le groupe sur les sc\u00e8nes du monde entier, y compris pour la troisi\u00e8me fois de leur carri\u00e8re au festival de Coachella. <\/p>\n\n\n\n<h2 class=\"wp-block-heading\">YELLE: Ici et maintenant<\/h2>\n\n\n\n<figure class=\"wp-block-embed-youtube wp-block-embed is-type-video is-provider-youtube wp-embed-aspect-16-9 wp-has-aspect-ratio\"><div class=\"wp-block-embed__wrapper\">\n<iframe loading=\"lazy\" title=\"YELLE - Ici &amp; Maintenant (Here &amp; Now)\" width=\"1140\" height=\"641\" src=\"https:\/\/www.youtube.com\/embed\/DMeyvg1M52k?feature=oembed\" frameborder=\"0\" allow=\"accelerometer; autoplay; clipboard-write; encrypted-media; gyroscope; picture-in-picture; web-share\" allowfullscreen><\/iframe>\n<\/div><\/figure>\n\n\n\n<p>En d\u00e9cembre 2016 sort le single \u00ab\u00a0Ici et Maintenant (Here &amp; Now)\u00a0\u00bb, chanson r\u00e9flexive n\u00e9e de la n\u00e9cessit\u00e9 de faire le point sur le moment pr\u00e9sent, d\u2019\u00eatre dans le moment, Ici &amp; Maintenant, en opposition \u00e0 l\u2019obsession g\u00e9n\u00e9ralis\u00e9e de regarder vers le pass\u00e9, ou vers le futur, sans jamais vraiment \u00eatre dans l&rsquo;instant. <\/p>\n\n\n\n<h2 class=\"wp-block-heading\">Quelques liens<\/h2>\n\n\n\n<p>WEBSITE:  <a rel=\"noreferrer noopener\" aria-label=\" (s\u2019ouvre dans un nouvel onglet)\" href=\"http:\/\/www.yelle.fr\" target=\"_blank\">http:\/\/www.yelle.fr<\/a><br> FACEBOOK: <a rel=\"noreferrer noopener\" aria-label=\"https:\/\/www.facebook.com\/Yelle (s\u2019ouvre dans un nouvel onglet)\" href=\"https:\/\/www.facebook.com\/Yelle\" target=\"_blank\">https:\/\/www.facebook.com\/Yelle<\/a><br> TWITTER:  <a rel=\"noreferrer noopener\" aria-label=\"https:\/\/twitter.com\/yelle (s\u2019ouvre dans un nouvel onglet)\" href=\"https:\/\/twitter.com\/yelle\" target=\"_blank\">https:\/\/twitter.com\/yelle<\/a> (@yelle)<br> INSTAGRAM:  <a rel=\"noreferrer noopener\" aria-label=\"https:\/\/www.instagram.com\/yellestagram (s\u2019ouvre dans un nouvel onglet)\" href=\"https:\/\/www.instagram.com\/yellestagram\" target=\"_blank\">https:\/\/www.instagram.com\/yellestagram<\/a> (@yellestagram)<br> YOUTUBE:  <a href=\"https:\/\/www.youtube.com\/user\/yelle\" target=\"_blank\" rel=\"noreferrer noopener\" aria-label=\"https:\/\/www.youtube.com\/user\/yelle (s\u2019ouvre dans un nouvel onglet)\">https:\/\/www.youtube.com\/user\/yelle<\/a><br> SNAPCHAT: @yellesnap<\/p>\n","protected":false},"excerpt":{"rendered":"<p>YELLE ? You Enjoy Life ! Le groupe Yelle (pour You Enjoy Life) est n\u00e9 de l\u2019association de deux amis &hellip; <a href=\"https:\/\/jsuisvert.com\/?page_id=1397\" class=\"more-link\">Continue reading <span class=\"screen-reader-text\">YELLE<\/span><\/a><\/p>\n","protected":false},"author":2,"featured_media":0,"parent":718,"menu_order":0,"comment_status":"closed","ping_status":"closed","template":"","meta":{"footnotes":""},"class_list":["post-1397","page","type-page","status-publish","hentry"],"_links":{"self":[{"href":"https:\/\/jsuisvert.com\/index.php?rest_route=\/wp\/v2\/pages\/1397","targetHints":{"allow":["GET"]}}],"collection":[{"href":"https:\/\/jsuisvert.com\/index.php?rest_route=\/wp\/v2\/pages"}],"about":[{"href":"https:\/\/jsuisvert.com\/index.php?rest_route=\/wp\/v2\/types\/page"}],"author":[{"embeddable":true,"href":"https:\/\/jsuisvert.com\/index.php?rest_route=\/wp\/v2\/users\/2"}],"replies":[{"embeddable":true,"href":"https:\/\/jsuisvert.com\/index.php?rest_route=%2Fwp%2Fv2%2Fcomments&post=1397"}],"version-history":[{"count":14,"href":"https:\/\/jsuisvert.com\/index.php?rest_route=\/wp\/v2\/pages\/1397\/revisions"}],"predecessor-version":[{"id":1513,"href":"https:\/\/jsuisvert.com\/index.php?rest_route=\/wp\/v2\/pages\/1397\/revisions\/1513"}],"up":[{"embeddable":true,"href":"https:\/\/jsuisvert.com\/index.php?rest_route=\/wp\/v2\/pages\/718"}],"wp:attachment":[{"href":"https:\/\/jsuisvert.com\/index.php?rest_route=%2Fwp%2Fv2%2Fmedia&parent=1397"}],"curies":[{"name":"wp","href":"https:\/\/api.w.org\/{rel}","templated":true}]}}